{"id":107,"date":"2016-04-07T11:31:06","date_gmt":"2016-04-07T09:31:06","guid":{"rendered":"http:\/\/www.schulezumroemerturm.de\/wordpress\/?page_id=107"},"modified":"2016-07-14T13:11:15","modified_gmt":"2016-07-14T11:11:15","slug":"musik","status":"publish","type":"page","link":"https:\/\/www.schulezumroemerturm.de\/index.php\/musik\/","title":{"rendered":"Musik"},"content":{"rendered":"<p style=\"text-align: justify;\">Musik geh\u00f6rt in allen Kulturen zur Besonderheit des menschlichen Lebens und unabh\u00e4ngig davon, welche Voraussetzungen er mitbringt:<\/p>\n<p style=\"text-align: justify;\">Der Mensch kann Musik h\u00f6ren und die Schwingungen, die Musik verursacht, sp\u00fcren. Er kann sich zur Musik bewegen und selbst Musik machen. Musik spricht das Herz, die Emotionen aller Menschen an.<\/p>\n<p style=\"text-align: justify;\">In der Schule Zum R\u00f6merturm geh\u00f6rt Musik in vielf\u00e4ltiger Weise zum Schulalltag. Im Musikunterricht in der Klasse, in Musikkooperationen mehrerer Klassen, im Singkreis der Unterstufen, bei Schulfesten und in speziellen Projekten und AGs werden den Sch\u00fclerinnen und Sch\u00fclern individuelle Formen des musikalischen Handelns und Erlebens erm\u00f6glicht.<\/p>\n<figure id=\"attachment_424\" aria-describedby=\"caption-attachment-424\" style=\"width: 300px\" class=\"wp-caption alignleft\"><img loading=\"lazy\" decoding=\"async\" class=\"wp-image-424 size-medium\" src=\"http:\/\/www.schulezumroemerturm.de\/wp-content\/uploads\/2016\/04\/WDR-Regiepult-300x200.jpg\" alt=\"WDR-Regiepult\" width=\"300\" height=\"200\" srcset=\"https:\/\/www.schulezumroemerturm.de\/wp-content\/uploads\/2016\/04\/WDR-Regiepult-300x200.jpg 300w, https:\/\/www.schulezumroemerturm.de\/wp-content\/uploads\/2016\/04\/WDR-Regiepult.jpg 800w\" sizes=\"auto, (max-width: 300px) 100vw, 300px\" \/><figcaption id=\"caption-attachment-424\" class=\"wp-caption-text\">Sch\u00fcler der Berufspraxisstufe lassen sich ein Regiepult beim WDR erkl\u00e4ren.<\/figcaption><\/figure>\n<p style=\"text-align: justify;\">In unserem Musikunterricht werden die F\u00e4higkeiten zum Erleben von Musik, zum Musikmachen und zur Bewegung nach Musik gef\u00f6rdert. Die Auswahl der Lerninhalte orientiert sich dabei am schulinternen Curriculum, an der Lebenswelt und den Interessen der Sch\u00fclerinnen und Sch\u00fcler sowie an ihren individuellen F\u00e4higkeiten. Es wird gesungen, ein Instrument gespielt und getanzt. Es wird mit Ger\u00e4uschen und Kl\u00e4ngen, mit Bewegung, Instrumenten und Sprache spielerisch, kreativ experimentiert oder Vorgegebenes einstudiert. Bereichernd kann dazu auch unser Schwarzlichtkabinett genutzt werden, welches Musik und Theaterspielen f\u00fcr alle erlebnisreich kombiniert.<\/p>\n<figure id=\"attachment_499\" aria-describedby=\"caption-attachment-499\" style=\"width: 200px\" class=\"wp-caption alignright\"><img loading=\"lazy\" decoding=\"async\" class=\"wp-image-499 size-medium\" src=\"http:\/\/www.schulezumroemerturm.de\/wp-content\/uploads\/2016\/04\/Sch\u00fcler-spielt-Cello_komp-200x300.jpg\" alt=\"Sch\u00fcler-spielt-Cello_komp\" width=\"200\" height=\"300\" srcset=\"https:\/\/www.schulezumroemerturm.de\/wp-content\/uploads\/2016\/04\/Sch\u00fcler-spielt-Cello_komp-200x300.jpg 200w, https:\/\/www.schulezumroemerturm.de\/wp-content\/uploads\/2016\/04\/Sch\u00fcler-spielt-Cello_komp-683x1024.jpg 683w, https:\/\/www.schulezumroemerturm.de\/wp-content\/uploads\/2016\/04\/Sch\u00fcler-spielt-Cello_komp.jpg 800w\" sizes=\"auto, (max-width: 200px) 100vw, 200px\" \/><figcaption id=\"caption-attachment-499\" class=\"wp-caption-text\">Mit Hilfe einer Cellistin spielt ein Unterstufensch\u00fcler ein richtiges Cello.<\/figcaption><\/figure>\n<p style=\"text-align: justify;\">Egal wie: Oft entsteht dabei eine mitrei\u00dfende Auff\u00fchrung, die die Sch\u00fclerinnen und Sch\u00fcler aufgeregt, aber voller Stolz ihren Eltern, der Schulgemeinschaft oder G\u00e4sten in jedem Schuljahr zu vielen Anl\u00e4ssen pr\u00e4sentieren. Hierzu geh\u00f6ren z.B. Gottesdienste, Schul- oder Klassenfeste, die Einschulungsfeier, der Abschlussball, Karnevalsauff\u00fchrungen in der Schule oder bei der Kindersitzung in Thorr.<\/p>\n","protected":false},"excerpt":{"rendered":"<p>Musik geh\u00f6rt in allen Kulturen zur Besonderheit des menschlichen Lebens und unabh\u00e4ngig davon, welche Voraussetzungen er mitbringt: Der Mensch kann Musik h\u00f6ren und die Schwingungen, die Musik verursacht, sp\u00fcren. Er kann sich zur Musik bewegen und selbst Musik machen. Musik spricht das Herz, die Emotionen aller Menschen an. In der Schule Zum R\u00f6merturm geh\u00f6rt Musik &hellip; <a href=\"https:\/\/www.schulezumroemerturm.de\/index.php\/musik\/\" class=\"more-link\"><span class=\"screen-reader-text\">Musik<\/span> weiterlesen <span class=\"meta-nav\">&rarr;<\/span><\/a><\/p>\n","protected":false},"author":2,"featured_media":0,"parent":0,"menu_order":0,"comment_status":"closed","ping_status":"closed","template":"","meta":{"footnotes":""},"class_list":["post-107","page","type-page","status-publish","hentry"],"_links":{"self":[{"href":"https:\/\/www.schulezumroemerturm.de\/index.php\/wp-json\/wp\/v2\/pages\/107","targetHints":{"allow":["GET"]}}],"collection":[{"href":"https:\/\/www.schulezumroemerturm.de\/index.php\/wp-json\/wp\/v2\/pages"}],"about":[{"href":"https:\/\/www.schulezumroemerturm.de\/index.php\/wp-json\/wp\/v2\/types\/page"}],"author":[{"embeddable":true,"href":"https:\/\/www.schulezumroemerturm.de\/index.php\/wp-json\/wp\/v2\/users\/2"}],"replies":[{"embeddable":true,"href":"https:\/\/www.schulezumroemerturm.de\/index.php\/wp-json\/wp\/v2\/comments?post=107"}],"version-history":[{"count":6,"href":"https:\/\/www.schulezumroemerturm.de\/index.php\/wp-json\/wp\/v2\/pages\/107\/revisions"}],"predecessor-version":[{"id":871,"href":"https:\/\/www.schulezumroemerturm.de\/index.php\/wp-json\/wp\/v2\/pages\/107\/revisions\/871"}],"wp:attachment":[{"href":"https:\/\/www.schulezumroemerturm.de\/index.php\/wp-json\/wp\/v2\/media?parent=107"}],"curies":[{"name":"wp","href":"https:\/\/api.w.org\/{rel}","templated":true}]}}