{"id":148,"date":"2016-04-07T11:31:19","date_gmt":"2016-04-07T09:31:19","guid":{"rendered":"http:\/\/www.schulezumroemerturm.de\/wordpress\/?page_id=148"},"modified":"2016-09-28T19:25:35","modified_gmt":"2016-09-28T17:25:35","slug":"sprachtherapie","status":"publish","type":"page","link":"https:\/\/www.schulezumroemerturm.de\/index.php\/sprachtherapie\/","title":{"rendered":"Sprachtherapie"},"content":{"rendered":"<p style=\"text-align: justify;\"><img loading=\"lazy\" decoding=\"async\" class=\"size-medium wp-image-1138 alignleft\" src=\"http:\/\/www.schulezumroemerturm.de\/wp-content\/uploads\/2016\/04\/Logopaedie2016-300x225.jpg\" alt=\"logopaedie2016\" width=\"300\" height=\"225\" srcset=\"https:\/\/www.schulezumroemerturm.de\/wp-content\/uploads\/2016\/04\/Logopaedie2016-300x225.jpg 300w, https:\/\/www.schulezumroemerturm.de\/wp-content\/uploads\/2016\/04\/Logopaedie2016-1024x768.jpg 1024w, https:\/\/www.schulezumroemerturm.de\/wp-content\/uploads\/2016\/04\/Logopaedie2016.jpg 1600w\" sizes=\"auto, (max-width: 300px) 100vw, 300px\" \/>Sprachtherapie kann in nahezu allen Situationen des Schulalltages stattfinden und ist h\u00e4ufig durch die Lehrer\/innen in den Unterricht integriert.<\/p>\n<p style=\"text-align: justify;\">In unserer Schule arbeiten wir mit Mitarbeiterinnen und Mitarbeitern aus zwei Sprachtherapeutischen Praxen zusammen, die in einem Therapieraum in Einzelf\u00f6rderung mit Sch\u00fclerinnen und Sch\u00fclern arbeiten.<\/p>\n<p style=\"text-align: justify;\">Zun\u00e4chst findet in der Regel eine ausf\u00fchrliche Anamnese und Diagnostik statt, um dann gezielt und individuell therapeutisch arbeiten zu k\u00f6nnen. Bei fast allen Sch\u00fcler\/innen steht zun\u00e4chst die vorbereitende Arbeit mit den am Sprechen\u00a0 und Schlucken beteiligten Sprechwerkzeugen im Vordergrund. Das findet in Form von Atmungs-, Puste-, Saug-,\u00a0 Zungen-, Lippen-, Kiefer-, Gaumenbeweglichkeits- und Kau\u00fcbungen statt und auch unter Einbeziehung von Ganzk\u00f6rper\u00fcbungen. Alle \u00dcbungen, auch die hierauf folgen, werden spielerisch und dem jeweiligen Kind entsprechend aufbereitet, um eine gute Mitarbeit beim Kind zu erreichen und aufrechtzuerhalten.<\/p>\n<p style=\"text-align: justify;\">Ist der mundmotorische Bereich derart vorbereitet, kann zum Beispiel die Anbahnung fehlender oder falsch gebildeter Laute beginnen.<\/p>\n<p style=\"text-align: justify;\">Bei St\u00f6rungen in der Entwicklung der Grammatik werden spielerische Situationen geschaffen, in denen die Therapeutin oder der Therapeut grammatikalisch falsch gebildete \u00c4u\u00dferungen des\/der Sch\u00fcler\/in aufgreift und modelliert.<\/p>\n<p style=\"text-align: justify;\">Sprache und Sprechen findet in einen Gesamtentwicklungszusammenhang statt, welcher nicht isoliert betrachtet werden kann. Und so greifen die hier ausschnittweise dargestellten Bereiche ineinander und gehen ineinander \u00fcber. Entsprechend findet \u00fcber die Arbeit an Sprache und Sprechen hinaus auch die F\u00f6rderung der Motorik (Bewegung), der auditiven (h\u00f6ren), visuellen (sehen), taktil-kin\u00e4sthetischen (f\u00fchlen) und rhythmischen Wahrnehmung statt.<\/p>\n","protected":false},"excerpt":{"rendered":"<p>Sprachtherapie kann in nahezu allen Situationen des Schulalltages stattfinden und ist h\u00e4ufig durch die Lehrer\/innen in den Unterricht integriert. In unserer Schule arbeiten wir mit Mitarbeiterinnen und Mitarbeitern aus zwei Sprachtherapeutischen Praxen zusammen, die in einem Therapieraum in Einzelf\u00f6rderung mit Sch\u00fclerinnen und Sch\u00fclern arbeiten. Zun\u00e4chst findet in der Regel eine ausf\u00fchrliche Anamnese und Diagnostik statt, &hellip; <a href=\"https:\/\/www.schulezumroemerturm.de\/index.php\/sprachtherapie\/\" class=\"more-link\"><span class=\"screen-reader-text\">Sprachtherapie<\/span> weiterlesen <span class=\"meta-nav\">&rarr;<\/span><\/a><\/p>\n","protected":false},"author":2,"featured_media":0,"parent":0,"menu_order":0,"comment_status":"closed","ping_status":"closed","template":"","meta":{"footnotes":""},"class_list":["post-148","page","type-page","status-publish","hentry"],"_links":{"self":[{"href":"https:\/\/www.schulezumroemerturm.de\/index.php\/wp-json\/wp\/v2\/pages\/148","targetHints":{"allow":["GET"]}}],"collection":[{"href":"https:\/\/www.schulezumroemerturm.de\/index.php\/wp-json\/wp\/v2\/pages"}],"about":[{"href":"https:\/\/www.schulezumroemerturm.de\/index.php\/wp-json\/wp\/v2\/types\/page"}],"author":[{"embeddable":true,"href":"https:\/\/www.schulezumroemerturm.de\/index.php\/wp-json\/wp\/v2\/users\/2"}],"replies":[{"embeddable":true,"href":"https:\/\/www.schulezumroemerturm.de\/index.php\/wp-json\/wp\/v2\/comments?post=148"}],"version-history":[{"count":10,"href":"https:\/\/www.schulezumroemerturm.de\/index.php\/wp-json\/wp\/v2\/pages\/148\/revisions"}],"predecessor-version":[{"id":1139,"href":"https:\/\/www.schulezumroemerturm.de\/index.php\/wp-json\/wp\/v2\/pages\/148\/revisions\/1139"}],"wp:attachment":[{"href":"https:\/\/www.schulezumroemerturm.de\/index.php\/wp-json\/wp\/v2\/media?parent=148"}],"curies":[{"name":"wp","href":"https:\/\/api.w.org\/{rel}","templated":true}]}}