{"id":150,"date":"2016-04-07T11:30:23","date_gmt":"2016-04-07T09:30:23","guid":{"rendered":"http:\/\/www.schulezumroemerturm.de\/wordpress\/?page_id=150"},"modified":"2020-04-03T12:32:10","modified_gmt":"2020-04-03T10:32:10","slug":"ergotherapie","status":"publish","type":"page","link":"https:\/\/www.schulezumroemerturm.de\/index.php\/ergotherapie\/","title":{"rendered":"Ergotherapie"},"content":{"rendered":"<p style=\"text-align: justify;\">Bereits seit 2001 wird an der Schule Zum R\u00f6merturm Ergotherapie an mehreren Tagen die Woche angeboten.<\/p>\n<p style=\"text-align: justify;\">Wir Ergotherapeuten unterst\u00fctzen die Kinder, Jugendlichen und jungen Erwachsenen der Schule Zum R\u00f6merturm gezielt bei der Bew\u00e4ltigung ihres Alltags in der Familie, der Schule und in der Freizeit.<\/p>\n<p style=\"text-align: justify;\">Die Ergotherapie in der Schule richtet sich vor allem an Kinder mit:<\/p>\n<ul style=\"text-align: justify;\">\n<li>k\u00f6rperlichen, kognitiven und seelischen Entwicklungsr\u00fcckst\u00e4nden<\/li>\n<li>St\u00f6rungen der Aufnahme und Verarbeitung von Sinnesreizen (Wahrnehmungsst\u00f6rungen)<\/li>\n<li>St\u00f6rungen der Fein- und Grobmotorik<\/li>\n<li>Problemen in der Selbstversorgung (z.B. nicht selbst\u00e4ndig an- und ausziehen k\u00f6nnen)<\/li>\n<li>Lernst\u00f6rungen<\/li>\n<li>St\u00f6rungen in der Schreibentwicklung<\/li>\n<li>Hyperaktivit\u00e4t<\/li>\n<li>Konzentrationsschwierigkeiten<\/li>\n<li>St\u00f6rungen des Verhaltens (Angst, Aggression, Abwehr)<\/li>\n<\/ul>\n<p style=\"text-align: justify;\"><strong><em>Ziel<\/em><\/strong> ist es immer, eine gr\u00f6\u00dftm\u00f6gliche Selbstst\u00e4ndigkeit und Lebensqualit\u00e4t der Kinder zu erlangen, um den Anspr\u00fcchen des sozialen\/pers\u00f6nlichen Umfeldes gerecht zu werden.<\/p>\n<p style=\"text-align: justify;\">Ausgangspunkt sind hierbei die individuellen W\u00fcnsche und Ziele der Kinder, Eltern und Lehrer.<\/p>\n<p style=\"text-align: justify;\">Um diese erreichen zu k\u00f6nnen, bedient sich die Ergotherapie verschiedener Methoden:<\/p>\n<ul style=\"text-align: justify;\">\n<li>Sensorische Integrationstherapie; Wahrnehmungsbehandlung (Jean Ayres)<\/li>\n<li>Neurophysiologische Behandlungsformen nach Bobath<\/li>\n<li>Koordinationstraining<\/li>\n<li>Konzentrationstraining (Attentioner, Marburger)<\/li>\n<li>Schreibtraining (Schreibtanz)<\/li>\n<li>Spieltherapie\/-p\u00e4dagogik<\/li>\n<li>Training im lebenspraktischen Bereich<\/li>\n<\/ul>\n<p style=\"text-align: justify;\">Therapiemittel, die hierbei zum Einsatz kommen sind unter anderem:<\/p>\n<ul>\n<li style=\"text-align: justify;\">Bewegungsger\u00e4te (Schaukel, Rollbrett, H\u00e4ngematte, Trampolin, B\u00e4lle\u2026)<\/li>\n<li style=\"text-align: justify;\">Therapeutisch ausgew\u00e4hlte Spiele u. Spielzeuge (Bausteine, Steckspiele, Puzzle\u2026)<\/li>\n<li style=\"text-align: justify;\">Materialien f\u00fcr Phantasiespiel, Entspannung<\/li>\n<li style=\"text-align: justify;\">Diverse gestalterische, kreative Materialien (Papier, Knetmasse, Farben\u2026) und handwerkliche Mittel (Holz, Ton, Peddigrohr..)<\/li>\n<li style=\"text-align: justify;\">Hilfsmittel (Esshilfen, Stifthilfen, Griffverdickungen\u2026)<\/li>\n<\/ul>\n","protected":false},"excerpt":{"rendered":"<p>Bereits seit 2001 wird an der Schule Zum R\u00f6merturm Ergotherapie an mehreren Tagen die Woche angeboten. Wir Ergotherapeuten unterst\u00fctzen die Kinder, Jugendlichen und jungen Erwachsenen der Schule Zum R\u00f6merturm gezielt bei der Bew\u00e4ltigung ihres Alltags in der Familie, der Schule und in der Freizeit. Die Ergotherapie in der Schule richtet sich vor allem an Kinder &hellip; <a href=\"https:\/\/www.schulezumroemerturm.de\/index.php\/ergotherapie\/\" class=\"more-link\"><span class=\"screen-reader-text\">Ergotherapie<\/span> weiterlesen <span class=\"meta-nav\">&rarr;<\/span><\/a><\/p>\n","protected":false},"author":2,"featured_media":0,"parent":0,"menu_order":0,"comment_status":"closed","ping_status":"closed","template":"","meta":{"footnotes":""},"class_list":["post-150","page","type-page","status-publish","hentry"],"_links":{"self":[{"href":"https:\/\/www.schulezumroemerturm.de\/index.php\/wp-json\/wp\/v2\/pages\/150","targetHints":{"allow":["GET"]}}],"collection":[{"href":"https:\/\/www.schulezumroemerturm.de\/index.php\/wp-json\/wp\/v2\/pages"}],"about":[{"href":"https:\/\/www.schulezumroemerturm.de\/index.php\/wp-json\/wp\/v2\/types\/page"}],"author":[{"embeddable":true,"href":"https:\/\/www.schulezumroemerturm.de\/index.php\/wp-json\/wp\/v2\/users\/2"}],"replies":[{"embeddable":true,"href":"https:\/\/www.schulezumroemerturm.de\/index.php\/wp-json\/wp\/v2\/comments?post=150"}],"version-history":[{"count":18,"href":"https:\/\/www.schulezumroemerturm.de\/index.php\/wp-json\/wp\/v2\/pages\/150\/revisions"}],"predecessor-version":[{"id":3865,"href":"https:\/\/www.schulezumroemerturm.de\/index.php\/wp-json\/wp\/v2\/pages\/150\/revisions\/3865"}],"wp:attachment":[{"href":"https:\/\/www.schulezumroemerturm.de\/index.php\/wp-json\/wp\/v2\/media?parent=150"}],"curies":[{"name":"wp","href":"https:\/\/api.w.org\/{rel}","templated":true}]}}