{"id":167,"date":"2016-04-07T11:30:20","date_gmt":"2016-04-07T09:30:20","guid":{"rendered":"http:\/\/www.schulezumroemerturm.de\/wordpress\/?page_id=167"},"modified":"2020-04-06T15:29:59","modified_gmt":"2020-04-06T13:29:59","slug":"die-streitschlichtung","status":"publish","type":"page","link":"https:\/\/www.schulezumroemerturm.de\/index.php\/die-streitschlichtung\/","title":{"rendered":"Die Streitschlichtung"},"content":{"rendered":"<p style=\"text-align: justify;\">Bei kleineren und gr\u00f6\u00dferen Streitigkeiten k\u00f6nnen sich die Sch\u00fcler\/innen an die Streitschlichtung wenden. Die Streitschlichter\/innen sind unparteiisch und unvoreingenommen. Sie sprechen mit den Sch\u00fcler\/innen \u00fcber den Streitfall, entwickeln eigene Ideen und versuchen eine gemeinsame L\u00f6sung zu finden.<\/p>\n<p style=\"text-align: justify;\">Das Schlichtungsverfahren wird nach einem festgelegten Gespr\u00e4chsablauf durchgef\u00fchrt. Meistens kommt es zu einer Einigung, die in einem Vertrag schriftlich festgehalten wird. Bei einem sp\u00e4teren Termin wird besprochen, ob die Vereinbarungen eingehalten wurden.<\/p>\n<p>&nbsp;<\/p>\n<figure id=\"attachment_3911\" aria-describedby=\"caption-attachment-3911\" style=\"width: 474px\" class=\"wp-caption alignnone\"><img loading=\"lazy\" decoding=\"async\" class=\"wp-image-3911 size-large\" src=\"http:\/\/www.schulezumroemerturm.de\/wp-content\/uploads\/2020\/04\/Streitschlichtung-873x1024.png\" alt=\"\" width=\"474\" height=\"556\" srcset=\"https:\/\/www.schulezumroemerturm.de\/wp-content\/uploads\/2020\/04\/Streitschlichtung-873x1024.png 873w, https:\/\/www.schulezumroemerturm.de\/wp-content\/uploads\/2020\/04\/Streitschlichtung-256x300.png 256w, https:\/\/www.schulezumroemerturm.de\/wp-content\/uploads\/2020\/04\/Streitschlichtung.png 943w\" sizes=\"auto, (max-width: 474px) 100vw, 474px\" \/><figcaption id=\"caption-attachment-3911\" class=\"wp-caption-text\">Der Friedensvertrag der Streitschlichtung<\/figcaption><\/figure>\n<p>METACOM Symbole \u00a9 Annette Kitzinger<\/p>\n<p style=\"text-align: justify;\">Die Streitschlichtung hilft:<\/p>\n<ul style=\"text-align: justify;\">\n<li>bei der friedlichen L\u00f6sung von Alltagskonflikten<\/li>\n<li>die Eigenverantwortung zu st\u00e4rken<\/li>\n<li>die Konfliktf\u00e4higkeit zu steigern<\/li>\n<li>das Schulklima zu verbessern<\/li>\n<li>Eltern und Lehrer zu entlasten<\/li>\n<\/ul>\n<div style=\"text-align: justify;\"><\/div>\n<div style=\"text-align: justify;\">Umsetzung in der Schule Zum R\u00f6merturm: Der Arbeitskreis \u201eStreitschlichtung\u201c entwickelte einen Arbeitsplan f\u00fcr den weiteren Ausbau des Streitschlichtungskonzeptes. Das Kollegium wurde zun\u00e4chst im Bereich der \u201eErst-Hilfe\u201c (kurzes Schlichtungsgespr\u00e4ch zur Erst-Hilfe im Streit) fortgebildet. Die Sch\u00fcler\/innen k\u00f6nnen sich bei Bedarf zu einem ausf\u00fchrlichen Schlichtungsgespr\u00e4ch an ausgebildete Lehrer\/innen wenden.<\/div>\n","protected":false},"excerpt":{"rendered":"<p>Bei kleineren und gr\u00f6\u00dferen Streitigkeiten k\u00f6nnen sich die Sch\u00fcler\/innen an die Streitschlichtung wenden. Die Streitschlichter\/innen sind unparteiisch und unvoreingenommen. Sie sprechen mit den Sch\u00fcler\/innen \u00fcber den Streitfall, entwickeln eigene Ideen und versuchen eine gemeinsame L\u00f6sung zu finden. Das Schlichtungsverfahren wird nach einem festgelegten Gespr\u00e4chsablauf durchgef\u00fchrt. Meistens kommt es zu einer Einigung, die in einem Vertrag &hellip; <a href=\"https:\/\/www.schulezumroemerturm.de\/index.php\/die-streitschlichtung\/\" class=\"more-link\"><span class=\"screen-reader-text\">Die Streitschlichtung<\/span> weiterlesen <span class=\"meta-nav\">&rarr;<\/span><\/a><\/p>\n","protected":false},"author":2,"featured_media":0,"parent":0,"menu_order":0,"comment_status":"closed","ping_status":"closed","template":"","meta":{"footnotes":""},"class_list":["post-167","page","type-page","status-publish","hentry"],"_links":{"self":[{"href":"https:\/\/www.schulezumroemerturm.de\/index.php\/wp-json\/wp\/v2\/pages\/167","targetHints":{"allow":["GET"]}}],"collection":[{"href":"https:\/\/www.schulezumroemerturm.de\/index.php\/wp-json\/wp\/v2\/pages"}],"about":[{"href":"https:\/\/www.schulezumroemerturm.de\/index.php\/wp-json\/wp\/v2\/types\/page"}],"author":[{"embeddable":true,"href":"https:\/\/www.schulezumroemerturm.de\/index.php\/wp-json\/wp\/v2\/users\/2"}],"replies":[{"embeddable":true,"href":"https:\/\/www.schulezumroemerturm.de\/index.php\/wp-json\/wp\/v2\/comments?post=167"}],"version-history":[{"count":5,"href":"https:\/\/www.schulezumroemerturm.de\/index.php\/wp-json\/wp\/v2\/pages\/167\/revisions"}],"predecessor-version":[{"id":3921,"href":"https:\/\/www.schulezumroemerturm.de\/index.php\/wp-json\/wp\/v2\/pages\/167\/revisions\/3921"}],"wp:attachment":[{"href":"https:\/\/www.schulezumroemerturm.de\/index.php\/wp-json\/wp\/v2\/media?parent=167"}],"curies":[{"name":"wp","href":"https:\/\/api.w.org\/{rel}","templated":true}]}}