{"id":1760,"date":"2017-07-03T19:32:32","date_gmt":"2017-07-03T17:32:32","guid":{"rendered":"http:\/\/www.schulezumroemerturm.de\/?page_id=1760"},"modified":"2020-04-06T11:19:22","modified_gmt":"2020-04-06T09:19:22","slug":"der-schulgarten","status":"publish","type":"page","link":"https:\/\/www.schulezumroemerturm.de\/index.php\/ggs\/der-schulgarten\/","title":{"rendered":"Der Schulgarten und unsere H\u00fchner"},"content":{"rendered":"<p style=\"text-align: justify;\"><img loading=\"lazy\" decoding=\"async\" class=\"size-medium wp-image-3915 alignleft\" src=\"http:\/\/www.schulezumroemerturm.de\/wp-content\/uploads\/2020\/04\/Schulgarten-Eingang-300x225.jpeg\" alt=\"\" width=\"300\" height=\"225\" srcset=\"https:\/\/www.schulezumroemerturm.de\/wp-content\/uploads\/2020\/04\/Schulgarten-Eingang-300x225.jpeg 300w, https:\/\/www.schulezumroemerturm.de\/wp-content\/uploads\/2020\/04\/Schulgarten-Eingang-1024x768.jpeg 1024w, https:\/\/www.schulezumroemerturm.de\/wp-content\/uploads\/2020\/04\/Schulgarten-Eingang-1536x1152.jpeg 1536w, https:\/\/www.schulezumroemerturm.de\/wp-content\/uploads\/2020\/04\/Schulgarten-Eingang.jpeg 2016w\" sizes=\"auto, (max-width: 300px) 100vw, 300px\" \/>Hinter unserem Schwimmbad befindet sich der ca. 80 m\u00b2 gro\u00dfe Schulgarten, der zum 40 j\u00e4hrigen Bestehen der Schule feierlich eingeweiht wurde.<\/p>\n<p style=\"text-align: justify;\">Der Garten bietet seinen Besuchern viele sinnliche Angebote:<\/p>\n<ul>\n<li style=\"text-align: justify;\">Zwei Hochbeete, kostenlos gebaut durch die Schreinerei Werres aus Thorr, die in ca. einem Meter H\u00f6he auch rollstuhlfahrenden Sch\u00fclerinnen und Sch\u00fclern barrierefrei &#8222;fassbare&#8220; Pflanzenerfahrungen bietet.<\/li>\n<li style=\"text-align: justify;\">Die Kr\u00e4uterspirale bet\u00f6rt mit ihren wohltuenden D\u00fcften.<\/li>\n<li style=\"text-align: justify;\">Ein Klangspiel sorgt f\u00fcr eine akustische Untermalung.<\/li>\n<li style=\"text-align: justify;\">Kr\u00e4uterdosen laden zum Schnuppern und raten ein.<\/li>\n<li style=\"text-align: justify;\">Das Insektenhotel l\u00e4dt zum Beobachten und Staunen ein.<\/li>\n<li style=\"text-align: justify;\">Der Barfu\u00dferlebnispfad bietet sinnliche und sp\u00fcrbare Erfahrungen.<\/li>\n<\/ul>\n<p style=\"text-align: justify;\"><img loading=\"lazy\" decoding=\"async\" class=\"size-medium wp-image-3916 alignright\" src=\"http:\/\/www.schulezumroemerturm.de\/wp-content\/uploads\/2020\/04\/Schulgarten-300x143.jpeg\" alt=\"\" width=\"300\" height=\"143\" srcset=\"https:\/\/www.schulezumroemerturm.de\/wp-content\/uploads\/2020\/04\/Schulgarten-300x143.jpeg 300w, https:\/\/www.schulezumroemerturm.de\/wp-content\/uploads\/2020\/04\/Schulgarten-1024x488.jpeg 1024w, https:\/\/www.schulezumroemerturm.de\/wp-content\/uploads\/2020\/04\/Schulgarten-1536x732.jpeg 1536w, https:\/\/www.schulezumroemerturm.de\/wp-content\/uploads\/2020\/04\/Schulgarten.jpeg 1852w\" sizes=\"auto, (max-width: 300px) 100vw, 300px\" \/>Die Idee zum Schulgarten hatte unser Kollege Florian K\u00f6nigs und setzte sich federf\u00fchrend f\u00fcr die Umsetzung ein. Viele Ger\u00e4te und Materialien, die zur Anlegung und weiteren Pflege gebraucht werden, spendete Matthias Sch\u00fctz, Vater eines Sch\u00fclers. Kevin Valtinke, Mitarbeiter der RWE, sorgte durch die Initiative &#8222;Aktiv vor Ort&#8220; der RWE-Deutschland-AG f\u00fcr die Finanzierung. Mit ihnen, dem Hausmeister Daniel Blees sowie Kolleginnen und Kollegen wurde der Garten in einer tatkr\u00e4ftigen Aktion im Dezember 2012 angelegt. Die Schulgarten-AG sorgt f\u00fcr die weiteren Arbeiten und die Pflege.<\/p>\n<p style=\"text-align: justify;\"><img loading=\"lazy\" decoding=\"async\" class=\"size-medium wp-image-3914 alignleft\" src=\"http:\/\/www.schulezumroemerturm.de\/wp-content\/uploads\/2020\/04\/H\u00fchnerstall-300x221.jpeg\" alt=\"\" width=\"300\" height=\"221\" srcset=\"https:\/\/www.schulezumroemerturm.de\/wp-content\/uploads\/2020\/04\/H\u00fchnerstall-300x221.jpeg 300w, https:\/\/www.schulezumroemerturm.de\/wp-content\/uploads\/2020\/04\/H\u00fchnerstall-1024x753.jpeg 1024w, https:\/\/www.schulezumroemerturm.de\/wp-content\/uploads\/2020\/04\/H\u00fchnerstall-1536x1129.jpeg 1536w, https:\/\/www.schulezumroemerturm.de\/wp-content\/uploads\/2020\/04\/H\u00fchnerstall.jpeg 1733w\" sizes=\"auto, (max-width: 300px) 100vw, 300px\" \/>Seit Juni 2017 bewohnen zwei H\u00fchner, Anna und Elsa, unseren Schulgarten und sorgen vor allem bei den Sch\u00fclerinnen und Sch\u00fcler f\u00fcr gro\u00dfe Beg-<strong>Ei<\/strong>-sterung.<\/p>\n","protected":false},"excerpt":{"rendered":"<p>Hinter unserem Schwimmbad befindet sich der ca. 80 m\u00b2 gro\u00dfe Schulgarten, der zum 40 j\u00e4hrigen Bestehen der Schule feierlich eingeweiht wurde. Der Garten bietet seinen Besuchern viele sinnliche Angebote: Zwei Hochbeete, kostenlos gebaut durch die Schreinerei Werres aus Thorr, die in ca. einem Meter H\u00f6he auch rollstuhlfahrenden Sch\u00fclerinnen und Sch\u00fclern barrierefrei &#8222;fassbare&#8220; Pflanzenerfahrungen bietet. Die &hellip; <a href=\"https:\/\/www.schulezumroemerturm.de\/index.php\/ggs\/der-schulgarten\/\" class=\"more-link\"><span class=\"screen-reader-text\">Der Schulgarten und unsere H\u00fchner<\/span> weiterlesen <span class=\"meta-nav\">&rarr;<\/span><\/a><\/p>\n","protected":false},"author":2,"featured_media":0,"parent":461,"menu_order":0,"comment_status":"closed","ping_status":"closed","template":"","meta":{"footnotes":""},"class_list":["post-1760","page","type-page","status-publish","hentry"],"_links":{"self":[{"href":"https:\/\/www.schulezumroemerturm.de\/index.php\/wp-json\/wp\/v2\/pages\/1760","targetHints":{"allow":["GET"]}}],"collection":[{"href":"https:\/\/www.schulezumroemerturm.de\/index.php\/wp-json\/wp\/v2\/pages"}],"about":[{"href":"https:\/\/www.schulezumroemerturm.de\/index.php\/wp-json\/wp\/v2\/types\/page"}],"author":[{"embeddable":true,"href":"https:\/\/www.schulezumroemerturm.de\/index.php\/wp-json\/wp\/v2\/users\/2"}],"replies":[{"embeddable":true,"href":"https:\/\/www.schulezumroemerturm.de\/index.php\/wp-json\/wp\/v2\/comments?post=1760"}],"version-history":[{"count":5,"href":"https:\/\/www.schulezumroemerturm.de\/index.php\/wp-json\/wp\/v2\/pages\/1760\/revisions"}],"predecessor-version":[{"id":3918,"href":"https:\/\/www.schulezumroemerturm.de\/index.php\/wp-json\/wp\/v2\/pages\/1760\/revisions\/3918"}],"up":[{"embeddable":true,"href":"https:\/\/www.schulezumroemerturm.de\/index.php\/wp-json\/wp\/v2\/pages\/461"}],"wp:attachment":[{"href":"https:\/\/www.schulezumroemerturm.de\/index.php\/wp-json\/wp\/v2\/media?parent=1760"}],"curies":[{"name":"wp","href":"https:\/\/api.w.org\/{rel}","templated":true}]}}