{"id":182,"date":"2016-04-07T11:28:51","date_gmt":"2016-04-07T09:28:51","guid":{"rendered":"http:\/\/www.schulezumroemerturm.de\/wordpress\/?page_id=182"},"modified":"2024-06-21T10:38:26","modified_gmt":"2024-06-21T08:38:26","slug":"bfd-und-fsj","status":"publish","type":"page","link":"https:\/\/www.schulezumroemerturm.de\/index.php\/bfd-und-fsj\/","title":{"rendered":"BFD und FSJ"},"content":{"rendered":"<figure id=\"attachment_681\" aria-describedby=\"caption-attachment-681\" style=\"width: 300px\" class=\"wp-caption alignleft\"><img loading=\"lazy\" decoding=\"async\" class=\"wp-image-681 size-medium\" src=\"http:\/\/www.schulezumroemerturm.de\/wp-content\/uploads\/2016\/04\/bfd_fsj-300x200.jpg\" alt=\"bfd_fsj\" width=\"300\" height=\"200\" srcset=\"https:\/\/www.schulezumroemerturm.de\/wp-content\/uploads\/2016\/04\/bfd_fsj-300x200.jpg 300w, https:\/\/www.schulezumroemerturm.de\/wp-content\/uploads\/2016\/04\/bfd_fsj.jpg 1024w\" sizes=\"auto, (max-width: 300px) 100vw, 300px\" \/><figcaption id=\"caption-attachment-681\" class=\"wp-caption-text\">Ein Sch\u00fcler absolviert mit seinem FSJler ein Gehtraining zur F\u00f6rderung der motorischen F\u00e4higkeiten<\/figcaption><\/figure>\n<p style=\"text-align: justify;\"><span style=\"color: #000000; font-family: Arial;\">Die Schule Zum R\u00f6merturm ist in der gl\u00fccklichen Lage 17 junge Menschen im Freiwilligendienst besch\u00e4ftigen zu k\u00f6nnen.<br \/>\nDie Aufgaben der sogenannten Assistenzkr\u00e4fte sind vielf\u00e4ltig. Sie unterst\u00fctzen die Kinder und Jugendlichen im Unterricht, helfen in Essens- und Pflegesituationen, begleiten bei Ausfl\u00fcgen und Klassenfahren. Dar\u00fcber hinaus sind sie wichtige Ansprechpartnerinnen und Ansprechpartner und Vorbilder f\u00fcr unsere Sch\u00fclerinnen und Sch\u00fcler, sind sie doch \u2013anders als die Lehrerinnen und Lehrer- noch fast im gleichen Alter.<br \/>\nBeginn des Freiwilligen Sozialen Jahres oder des Bundesfreiwilligendienstes ist jeweils zum neuen Schuljahr. Gerne kann man sich auch unterj\u00e4hrig melden, manchmal gibt es freie Pl\u00e4tze.<\/span><\/p>\n<figure id=\"attachment_719\" aria-describedby=\"caption-attachment-719\" style=\"width: 300px\" class=\"wp-caption alignright\"><img loading=\"lazy\" decoding=\"async\" class=\"wp-image-719 size-medium\" src=\"http:\/\/www.schulezumroemerturm.de\/wp-content\/uploads\/2016\/04\/Abschlussfeier_2016_19-300x200.jpg\" alt=\"Abschlussfeier_2016_19\" width=\"300\" height=\"200\" srcset=\"https:\/\/www.schulezumroemerturm.de\/wp-content\/uploads\/2016\/04\/Abschlussfeier_2016_19-300x200.jpg 300w, https:\/\/www.schulezumroemerturm.de\/wp-content\/uploads\/2016\/04\/Abschlussfeier_2016_19.jpg 1024w\" sizes=\"auto, (max-width: 300px) 100vw, 300px\" \/><figcaption id=\"caption-attachment-719\" class=\"wp-caption-text\">Konrektorin Karin Wulftange (rechts) verabschiedet den engagierten 2016er Durchgang der BFDler\/innen und FSJler\/inne<\/figcaption><\/figure>\n<p style=\"text-align: justify;\"><span style=\"color: #000000; font-family: Arial;\">Wenn du mindestens 17 Jahre alt bist, dich sozial engagieren m\u00f6chtest und Freude an der Arbeit mit Kindern und Jugendlichen hast melde dich gerne bei uns.<br \/>\n<\/span><\/p>\n<p>&nbsp;<\/p>\n<p>&nbsp;<\/p>\n<p><strong>Deine Ansprechpartnerinnen sind:<\/strong><br \/>\nKarin Wulftange, stellvertr. Schulleiterin<br \/>\nKerstin Maletz, Schulsozialarbeiterin<br \/>\nTel.nr: 02271\/767700<br \/>\nEmail: info@schulezumroemerturm.de<\/p>\n<div class=\"mceTemp\"><\/div>\n<figure id=\"attachment_4129\" aria-describedby=\"caption-attachment-4129\" style=\"width: 474px\" class=\"wp-caption alignnone\"><img loading=\"lazy\" decoding=\"async\" class=\"wp-image-4129 size-large\" src=\"http:\/\/www.schulezumroemerturm.de\/wp-content\/uploads\/2020\/08\/Assistenzkr\u00e4fte-2020-1024x682.jpg\" alt=\"\" width=\"474\" height=\"316\" srcset=\"https:\/\/www.schulezumroemerturm.de\/wp-content\/uploads\/2020\/08\/Assistenzkr\u00e4fte-2020-1024x682.jpg 1024w, https:\/\/www.schulezumroemerturm.de\/wp-content\/uploads\/2020\/08\/Assistenzkr\u00e4fte-2020-300x200.jpg 300w, https:\/\/www.schulezumroemerturm.de\/wp-content\/uploads\/2020\/08\/Assistenzkr\u00e4fte-2020.jpg 1280w\" sizes=\"auto, (max-width: 474px) 100vw, 474px\" \/><figcaption id=\"caption-attachment-4129\" class=\"wp-caption-text\">Unsere BFD und FSJlerInnen im Schuljahr 2020\/2021<\/figcaption><\/figure>\n<p><strong>In diesem Video bekommst du einen kleinen Einblick in die Arbeit als BFDler\/in und FSJler\/in.<\/strong><\/p>\n<div style=\"width: 474px;\" class=\"wp-video\"><video class=\"wp-video-shortcode\" id=\"video-182-1\" width=\"474\" height=\"267\" preload=\"metadata\" controls=\"controls\"><source type=\"video\/mp4\" src=\"http:\/\/www.schulezumroemerturm.de\/wp-content\/uploads\/2021\/03\/Video_Freiwilligendienst_SZR_2021.mp4?_=1\" \/><a href=\"http:\/\/www.schulezumroemerturm.de\/wp-content\/uploads\/2021\/03\/Video_Freiwilligendienst_SZR_2021.mp4\">http:\/\/www.schulezumroemerturm.de\/wp-content\/uploads\/2021\/03\/Video_Freiwilligendienst_SZR_2021.mp4<\/a><\/video><\/div>\n","protected":false},"excerpt":{"rendered":"<p>Die Schule Zum R\u00f6merturm ist in der gl\u00fccklichen Lage 17 junge Menschen im Freiwilligendienst besch\u00e4ftigen zu k\u00f6nnen. Die Aufgaben der sogenannten Assistenzkr\u00e4fte sind vielf\u00e4ltig. Sie unterst\u00fctzen die Kinder und Jugendlichen im Unterricht, helfen in Essens- und Pflegesituationen, begleiten bei Ausfl\u00fcgen und Klassenfahren. Dar\u00fcber hinaus sind sie wichtige Ansprechpartnerinnen und Ansprechpartner und Vorbilder f\u00fcr unsere Sch\u00fclerinnen &hellip; <a href=\"https:\/\/www.schulezumroemerturm.de\/index.php\/bfd-und-fsj\/\" class=\"more-link\"><span class=\"screen-reader-text\">BFD und FSJ<\/span> weiterlesen <span class=\"meta-nav\">&rarr;<\/span><\/a><\/p>\n","protected":false},"author":2,"featured_media":0,"parent":0,"menu_order":0,"comment_status":"closed","ping_status":"closed","template":"","meta":{"footnotes":""},"class_list":["post-182","page","type-page","status-publish","hentry"],"_links":{"self":[{"href":"https:\/\/www.schulezumroemerturm.de\/index.php\/wp-json\/wp\/v2\/pages\/182","targetHints":{"allow":["GET"]}}],"collection":[{"href":"https:\/\/www.schulezumroemerturm.de\/index.php\/wp-json\/wp\/v2\/pages"}],"about":[{"href":"https:\/\/www.schulezumroemerturm.de\/index.php\/wp-json\/wp\/v2\/types\/page"}],"author":[{"embeddable":true,"href":"https:\/\/www.schulezumroemerturm.de\/index.php\/wp-json\/wp\/v2\/users\/2"}],"replies":[{"embeddable":true,"href":"https:\/\/www.schulezumroemerturm.de\/index.php\/wp-json\/wp\/v2\/comments?post=182"}],"version-history":[{"count":37,"href":"https:\/\/www.schulezumroemerturm.de\/index.php\/wp-json\/wp\/v2\/pages\/182\/revisions"}],"predecessor-version":[{"id":6082,"href":"https:\/\/www.schulezumroemerturm.de\/index.php\/wp-json\/wp\/v2\/pages\/182\/revisions\/6082"}],"wp:attachment":[{"href":"https:\/\/www.schulezumroemerturm.de\/index.php\/wp-json\/wp\/v2\/media?parent=182"}],"curies":[{"name":"wp","href":"https:\/\/api.w.org\/{rel}","templated":true}]}}