{"id":2245,"date":"2018-04-16T21:49:32","date_gmt":"2018-04-16T19:49:32","guid":{"rendered":"http:\/\/www.schulezumroemerturm.de\/?page_id=2245"},"modified":"2020-12-17T10:56:43","modified_gmt":"2020-12-17T09:56:43","slug":"hos-geldiniz","status":"publish","type":"page","link":"https:\/\/www.schulezumroemerturm.de\/index.php\/hos-geldiniz\/","title":{"rendered":"Hos geldiniz!"},"content":{"rendered":"<p style=\"text-align: justify;\"><img loading=\"lazy\" decoding=\"async\" class=\"wp-image-10 alignleft\" src=\"http:\/\/www.schulezumroemerturm.de\/wp-content\/uploads\/2016\/03\/Schulgebaeude2016_komp.jpg \" alt=\"Schulgeb\u00e4ude der Schule Zum R\u00f6merturm\" width=\"456\" height=\"237\" \/><br \/>\nOkulumuz bir \u00f6zel egitim okuludur. Egitim agirligi zihinsel gelisim alan okulumuz ren-erft b\u00f6lgesinin sorumlulugu altindadir. Glessen haric Bergheim, Elsdorf, Bedburg ve Kerpen ilceleri Manheim, Blatzheim ve Buir \u00f6grencilerimizin yerlesim alanlaridir.<\/p>\n<p style=\"text-align: justify;\">Su anda 165 \u00f6grenci,\u00a06-20 yas arasi okulumuzda bulunmakta dir. Egitim yillari, ilk \u00f6gretim yili ve ikinci \u00f6gretim yil, I ve II ye ayrilmakta. Bu \u00f6gretim yillarinda \u00f6grencilerimizi okul sonrasi, hayata da hazirliyoruz ki is hayatina, yasama ve serbest zamana hazirlikli olabilsinler.<\/p>\n","protected":false},"excerpt":{"rendered":"<p>Okulumuz bir \u00f6zel egitim okuludur. Egitim agirligi zihinsel gelisim alan okulumuz ren-erft b\u00f6lgesinin sorumlulugu altindadir. Glessen haric Bergheim, Elsdorf, Bedburg ve Kerpen ilceleri Manheim, Blatzheim ve Buir \u00f6grencilerimizin yerlesim alanlaridir. Su anda 165 \u00f6grenci,\u00a06-20 yas arasi okulumuzda bulunmakta dir. Egitim yillari, ilk \u00f6gretim yili ve ikinci \u00f6gretim yil, I ve II ye ayrilmakta. Bu \u00f6gretim &hellip; <a href=\"https:\/\/www.schulezumroemerturm.de\/index.php\/hos-geldiniz\/\" class=\"more-link\"><span class=\"screen-reader-text\">Hos geldiniz!<\/span> weiterlesen <span class=\"meta-nav\">&rarr;<\/span><\/a><\/p>\n","protected":false},"author":2,"featured_media":0,"parent":0,"menu_order":0,"comment_status":"closed","ping_status":"closed","template":"","meta":{"footnotes":""},"class_list":["post-2245","page","type-page","status-publish","hentry"],"_links":{"self":[{"href":"https:\/\/www.schulezumroemerturm.de\/index.php\/wp-json\/wp\/v2\/pages\/2245","targetHints":{"allow":["GET"]}}],"collection":[{"href":"https:\/\/www.schulezumroemerturm.de\/index.php\/wp-json\/wp\/v2\/pages"}],"about":[{"href":"https:\/\/www.schulezumroemerturm.de\/index.php\/wp-json\/wp\/v2\/types\/page"}],"author":[{"embeddable":true,"href":"https:\/\/www.schulezumroemerturm.de\/index.php\/wp-json\/wp\/v2\/users\/2"}],"replies":[{"embeddable":true,"href":"https:\/\/www.schulezumroemerturm.de\/index.php\/wp-json\/wp\/v2\/comments?post=2245"}],"version-history":[{"count":5,"href":"https:\/\/www.schulezumroemerturm.de\/index.php\/wp-json\/wp\/v2\/pages\/2245\/revisions"}],"predecessor-version":[{"id":4507,"href":"https:\/\/www.schulezumroemerturm.de\/index.php\/wp-json\/wp\/v2\/pages\/2245\/revisions\/4507"}],"wp:attachment":[{"href":"https:\/\/www.schulezumroemerturm.de\/index.php\/wp-json\/wp\/v2\/media?parent=2245"}],"curies":[{"name":"wp","href":"https:\/\/api.w.org\/{rel}","templated":true}]}}