{"id":293,"date":"2016-04-17T11:35:21","date_gmt":"2016-04-17T09:35:21","guid":{"rendered":"http:\/\/www.schulezumroemerturm.de\/wordpress\/?page_id=293"},"modified":"2020-04-06T16:36:52","modified_gmt":"2020-04-06T14:36:52","slug":"inklusion","status":"publish","type":"page","link":"https:\/\/www.schulezumroemerturm.de\/index.php\/inklusion\/","title":{"rendered":"Inklusion"},"content":{"rendered":"<p style=\"text-align: justify;\"><strong>Aktive gesellschaftliche Teilhabe unser Sch\u00fclerinnen und Sch\u00fcler<\/strong><\/p>\n<p style=\"text-align: justify;\">d.h. gem\u00e4\u00df der UN-Behindertenrechtskonvention zur Inklusion m\u00f6chten wir:<\/p>\n<p style=\"text-align: justify;\">\u201e<em>Die W\u00fcrde und das Selbstwertgef\u00fchl unserer Sch\u00fcler\/innen und ihre Pers\u00f6nlichkeiten, Begabungen und Kreativit\u00e4t sowie ihre geistigen und k\u00f6rperlichen F\u00e4higkeiten voll zur Entfaltung bringen!\u201c<\/em><\/p>\n<figure id=\"attachment_781\" aria-describedby=\"caption-attachment-781\" style=\"width: 300px\" class=\"wp-caption alignright\"><img loading=\"lazy\" decoding=\"async\" class=\"wp-image-781 size-medium\" src=\"http:\/\/www.schulezumroemerturm.de\/wp-content\/uploads\/2016\/07\/02gugyszr-20-300x225.jpg\" alt=\"02gugyszr-(20)\" width=\"300\" height=\"225\" srcset=\"https:\/\/www.schulezumroemerturm.de\/wp-content\/uploads\/2016\/07\/02gugyszr-20-300x225.jpg 300w, https:\/\/www.schulezumroemerturm.de\/wp-content\/uploads\/2016\/07\/02gugyszr-20.jpg 1024w\" sizes=\"auto, (max-width: 300px) 100vw, 300px\" \/><figcaption id=\"caption-attachment-781\" class=\"wp-caption-text\">Gemeinsames Experimentieren im Fachraum des Gutenberggymnasiums<\/figcaption><\/figure>\n<p style=\"text-align: justify;\">Heute ist Inklusion in aller Munde. Es ist ein Meilenstein, dass gesellschaftliche Teilhabe f\u00fcr Menschen mit Behinderung damit zum selbstverst\u00e4ndlichen Grundrecht wird.<\/p>\n<p style=\"text-align: justify;\">Wir verstehen unsere Schulform und unseren Schulstandort als einen Teil davon, weil wir eine innerhalb der Gesellschaft stehende, immer mitten in die Gesellschaft hinein wirkende Bildungseinrichtung f\u00fcr die ganz besonderen Bed\u00fcrfnisse unserer Sch\u00fclerinnen und Sch\u00fcler sind.<\/p>\n<p><img loading=\"lazy\" decoding=\"async\" class=\"wp-image-487 size-medium alignright\" src=\"http:\/\/www.schulezumroemerturm.de\/wp-content\/uploads\/2016\/04\/Kooperation-Sport_komp-300x200.jpg\" alt=\"Kooperation-Sport_komp\" width=\"300\" height=\"200\" srcset=\"https:\/\/www.schulezumroemerturm.de\/wp-content\/uploads\/2016\/04\/Kooperation-Sport_komp-300x200.jpg 300w, https:\/\/www.schulezumroemerturm.de\/wp-content\/uploads\/2016\/04\/Kooperation-Sport_komp.jpg 800w\" sizes=\"auto, (max-width: 300px) 100vw, 300px\" \/><\/p>\n<p style=\"text-align: justify;\">Wir vermitteln wichtige Kompetenzen f\u00fcr eine gr\u00f6\u00dftm\u00f6gliche Selbst\u00e4ndigkeit und Selbstbestimmung, die eine aktive gesellschaftliche Teilhabe erm\u00f6glicht. Wir vermitteln aber auch wichtige pers\u00f6nlichkeitsbildende Erfahrungen, wenn die Sch\u00fclerinnen und Sch\u00fcler zum Beispiel als Klassen- oder Sch\u00fclersprecher\/innen handeln, Auff\u00fchrung pr\u00e4sentieren oder sich in sportlichen Wettk\u00e4mpfen messen.<\/p>\n<figure id=\"attachment_745\" aria-describedby=\"caption-attachment-745\" style=\"width: 300px\" class=\"wp-caption alignleft\"><a href=\"http:\/\/www.schulezumroemerturm.de\/index.php\/2016\/07\/08\/gemeinsamkeit-erleben-inklusive-projektwoche-mit-dem-gutenberggymnasium\/\"><img loading=\"lazy\" decoding=\"async\" class=\"wp-image-745 size-medium\" src=\"http:\/\/www.schulezumroemerturm.de\/wp-content\/uploads\/2016\/07\/Kooperation_Gutenberggymnasium_2016-300x200.jpg\" alt=\"Kooperation_Gutenberggymnasium_2016\" width=\"300\" height=\"200\" srcset=\"https:\/\/www.schulezumroemerturm.de\/wp-content\/uploads\/2016\/07\/Kooperation_Gutenberggymnasium_2016-300x200.jpg 300w, https:\/\/www.schulezumroemerturm.de\/wp-content\/uploads\/2016\/07\/Kooperation_Gutenberggymnasium_2016.jpg 1024w\" sizes=\"auto, (max-width: 300px) 100vw, 300px\" \/><\/a><figcaption id=\"caption-attachment-745\" class=\"wp-caption-text\">k\u00f6nnen aufeinander bauen: Sch\u00fclerinnen und Sch\u00fcler des Gutenberggymnasiums und der Schule Zum R\u00f6merturm w\u00e4hrend der Projektwoche im Juli 2016<\/figcaption><\/figure>\n<p style=\"text-align: justify;\">Gleichzeitig kn\u00fcpfen und pflegen wir Kontakte zu au\u00dferschulischen Partnern und Einrichtungen. Wir kooperieren mit Kinderg\u00e4rten sowie allgemeinen Schulen und ganz besonders eingebunden sind wir in die Dorfgemeinschaft von Thorr. Mit allen verwirklichen wir bereichernd die unterschiedlichsten Projekte als gleichwertige Partner auf Augenh\u00f6he.<\/p>\n<figure id=\"attachment_486\" aria-describedby=\"caption-attachment-486\" style=\"width: 300px\" class=\"wp-caption alignright\"><img loading=\"lazy\" decoding=\"async\" class=\"wp-image-486 size-medium\" src=\"http:\/\/www.schulezumroemerturm.de\/wp-content\/uploads\/2016\/04\/Kooperation-mit-HS_komp-300x192.jpg\" alt=\"Kooperation-mit-HS_komp\" width=\"300\" height=\"192\" srcset=\"https:\/\/www.schulezumroemerturm.de\/wp-content\/uploads\/2016\/04\/Kooperation-mit-HS_komp-300x192.jpg 300w, https:\/\/www.schulezumroemerturm.de\/wp-content\/uploads\/2016\/04\/Kooperation-mit-HS_komp.jpg 800w\" sizes=\"auto, (max-width: 300px) 100vw, 300px\" \/><figcaption id=\"caption-attachment-486\" class=\"wp-caption-text\">Sch\u00fcler des Silverberggymnasiums und unserer Schule im Gespr\u00e4ch.<\/figcaption><\/figure>\n<p><u>Mit wem kooperieren wir zurzeit oder haben in der Vergangenheit kooperiert?<\/u><\/p>\n<table style=\"border-collapse: collapse; width: 100%; height: 454px;\">\n<tbody>\n<tr style=\"height: 18px;\">\n<td style=\"width: 50%; height: 18px;\"><span style=\"text-decoration: underline;\"><strong>Kooperationspartner<\/strong><\/span><\/td>\n<td style=\"width: 50%; height: 18px;\"><span style=\"text-decoration: underline;\"><strong>Projekte<\/strong><\/span><\/td>\n<\/tr>\n<tr style=\"height: 132px;\">\n<td style=\"width: 50%; height: 132px;\">Gutenberg Gymnasium Bergheim<\/td>\n<td style=\"width: 50%; height: 132px;\">\n<ul>\n<li>Homepageerstellung mit der Oberstufe 2004<\/li>\n<li><a href=\"http:\/\/www.schulezumroemerturm.de\/index.php\/2016\/07\/08\/gemeinsamkeit-erleben-inklusive-projektwoche-mit-dem-gutenberggymnasium\/\">Inklusive Projektwoche 2016<\/a><\/li>\n<li>Theaterprojekt 2017<\/li>\n<li>Reitprojekt &#8222;Sch\u00fcler st\u00e4rken durch Pferdest\u00e4rken&#8220; 2018<\/li>\n<li><a href=\"http:\/\/gugy.de\/das-glueck-der-erde-liegt-auf-dem-ruecken-der-pferde-ein-inklusives-projekt-mit-schuelern-und-schuelerinnen-der-schule-zum-roemerturm-und-dem-gutenberg-gymnasium\/\">Projekt &#8222;Das Gl\u00fcck der Erde liegt auf dem R\u00fccken der Pferde&#8220; 2019<\/a><\/li>\n<\/ul>\n<\/td>\n<\/tr>\n<tr style=\"height: 60px;\">\n<td style=\"width: 50%; height: 60px;\">Kindergarten Pusteblume in Bergheim<\/td>\n<td style=\"width: 50%; height: 60px;\">\n<ul>\n<li>Singkreis jeden Donnerstag 6. Stunde seit 2013 w\u00f6chentlich<\/li>\n<\/ul>\n<\/td>\n<\/tr>\n<tr style=\"height: 10px;\">\n<td style=\"width: 50%; height: 10px;\">Erich K\u00e4stner Hauptschule Bergheim<\/td>\n<td style=\"width: 50%; height: 10px;\">\n<ul>\n<li>Musikprojekt je acht M\u00e4dchen 2013<\/li>\n<li>Kunstprojekt, M\/O und 7. Klasse 2013<\/li>\n<li>Kletterprojekt M\/O und 7. Klasse 2014<\/li>\n<li>Le Parcour Projekt Februar bis M\u00e4rz 2017<\/li>\n<li><a href=\"http:\/\/www.schulezumroemerturm.de\/index.php\/2017\/06\/01\/kooperationsprojekt-aikido-mit-der-erich-kaestner-hauptschule\/\">Aikidoprojekt 2017,\u00a0\u00a0<\/a><\/li>\n<li>Erlebnisp\u00e4dagogisches Kletterprojekt \u00a0Februar bis M\u00e4rz 2019<\/li>\n<\/ul>\n<\/td>\n<\/tr>\n<tr style=\"height: 60px;\">\n<td style=\"width: 50%; height: 60px;\">Albert-Schweitzer-Grundschule<\/td>\n<td style=\"width: 50%; height: 60px;\">\n<ul>\n<li>Karnevalsauftritt bei der Sitzung in Thorr mit der U1 und U5<\/li>\n<\/ul>\n<\/td>\n<\/tr>\n<tr style=\"height: 60px;\">\n<td style=\"width: 50%; height: 60px;\">Adolf-Kolping-Berufskolleg, Kerpen<\/td>\n<td style=\"width: 50%; height: 60px;\">\n<ul>\n<li><a href=\"http:\/\/www.schulezumroemerturm.de\/index.php\/2017\/03\/30\/1460\/\">Projektwoche &#8222;Let&#8217;s dance&#8220; im M\u00e4rz 2017.<\/a><\/li>\n<\/ul>\n<\/td>\n<\/tr>\n<tr style=\"height: 96px;\">\n<td style=\"width: 50%; height: 96px;\">Astrid-Lindgren-Grundschule<\/td>\n<td style=\"width: 50%; height: 96px;\">\n<ul>\n<li><a href=\"http:\/\/www.schulezumroemerturm.de\/index.php\/2017\/05\/29\/sinnliche-kooperation-mit-der-astrid-lindgren-grundschule\/\">Kooperation zum Thema Wahrnehmung mit der DAZ-Gruppe der Astrid-Lindgren-Grundschule im April 2017<\/a><\/li>\n<\/ul>\n<\/td>\n<\/tr>\n<tr style=\"height: 18px;\">\n<td style=\"width: 50%; height: 18px;\">Maria-Montessori-Schule, Br\u00fchl<\/p>\n<p>Paul-Kraemer-Schule, Frechen<\/td>\n<td style=\"width: 50%; height: 18px;\">\n<ul>\n<li><a href=\"http:\/\/www.schulezumroemerturm.de\/index.php\/2016\/07\/03\/tolle-resultate-unserer-sportler-beim-diesjaehrigen-kreissportfest\/\">\u00dcberregionales Sportfest seit 2012<\/a><\/li>\n<\/ul>\n<\/td>\n<\/tr>\n<tr>\n<td style=\"width: 50%;\">Kultur und Schule<\/td>\n<td style=\"width: 50%;\">Pr\u00e4sentationstag, Ausstellung seit 2011<\/td>\n<\/tr>\n<\/tbody>\n<\/table>\n<p>&nbsp;<\/p>\n","protected":false},"excerpt":{"rendered":"<p>Aktive gesellschaftliche Teilhabe unser Sch\u00fclerinnen und Sch\u00fcler d.h. gem\u00e4\u00df der UN-Behindertenrechtskonvention zur Inklusion m\u00f6chten wir: \u201eDie W\u00fcrde und das Selbstwertgef\u00fchl unserer Sch\u00fcler\/innen und ihre Pers\u00f6nlichkeiten, Begabungen und Kreativit\u00e4t sowie ihre geistigen und k\u00f6rperlichen F\u00e4higkeiten voll zur Entfaltung bringen!\u201c Heute ist Inklusion in aller Munde. Es ist ein Meilenstein, dass gesellschaftliche Teilhabe f\u00fcr Menschen mit Behinderung &hellip; <a href=\"https:\/\/www.schulezumroemerturm.de\/index.php\/inklusion\/\" class=\"more-link\"><span class=\"screen-reader-text\">Inklusion<\/span> weiterlesen <span class=\"meta-nav\">&rarr;<\/span><\/a><\/p>\n","protected":false},"author":2,"featured_media":0,"parent":0,"menu_order":0,"comment_status":"closed","ping_status":"closed","template":"","meta":{"footnotes":""},"class_list":["post-293","page","type-page","status-publish","hentry"],"_links":{"self":[{"href":"https:\/\/www.schulezumroemerturm.de\/index.php\/wp-json\/wp\/v2\/pages\/293","targetHints":{"allow":["GET"]}}],"collection":[{"href":"https:\/\/www.schulezumroemerturm.de\/index.php\/wp-json\/wp\/v2\/pages"}],"about":[{"href":"https:\/\/www.schulezumroemerturm.de\/index.php\/wp-json\/wp\/v2\/types\/page"}],"author":[{"embeddable":true,"href":"https:\/\/www.schulezumroemerturm.de\/index.php\/wp-json\/wp\/v2\/users\/2"}],"replies":[{"embeddable":true,"href":"https:\/\/www.schulezumroemerturm.de\/index.php\/wp-json\/wp\/v2\/comments?post=293"}],"version-history":[{"count":27,"href":"https:\/\/www.schulezumroemerturm.de\/index.php\/wp-json\/wp\/v2\/pages\/293\/revisions"}],"predecessor-version":[{"id":516,"href":"https:\/\/www.schulezumroemerturm.de\/index.php\/wp-json\/wp\/v2\/pages\/293\/revisions\/516"}],"wp:attachment":[{"href":"https:\/\/www.schulezumroemerturm.de\/index.php\/wp-json\/wp\/v2\/media?parent=293"}],"curies":[{"name":"wp","href":"https:\/\/api.w.org\/{rel}","templated":true}]}}