{"id":298,"date":"2016-04-17T11:45:51","date_gmt":"2016-04-17T09:45:51","guid":{"rendered":"http:\/\/www.schulezumroemerturm.de\/wordpress\/?page_id=298"},"modified":"2024-06-09T07:32:13","modified_gmt":"2024-06-09T05:32:13","slug":"die-elternvertretung","status":"publish","type":"page","link":"https:\/\/www.schulezumroemerturm.de\/index.php\/die-elternvertretung\/","title":{"rendered":"Die Elternvertretung"},"content":{"rendered":"<figure id=\"attachment_299\" aria-describedby=\"caption-attachment-299\" style=\"width: 225px\" class=\"wp-caption alignleft\"><img loading=\"lazy\" decoding=\"async\" class=\"wp-image-299 size-medium\" src=\"http:\/\/www.schulezumroemerturm.de\/wp-content\/uploads\/2016\/04\/elternfortbildung-uk-225x300.jpg\" alt=\"elternfortbildung-uk\" width=\"225\" height=\"300\" srcset=\"https:\/\/www.schulezumroemerturm.de\/wp-content\/uploads\/2016\/04\/elternfortbildung-uk-225x300.jpg 225w, https:\/\/www.schulezumroemerturm.de\/wp-content\/uploads\/2016\/04\/elternfortbildung-uk.jpg 546w\" sizes=\"auto, (max-width: 225px) 100vw, 225px\" \/><figcaption id=\"caption-attachment-299\" class=\"wp-caption-text\">Elternfortbildung zum Thema Unterst\u00fctzte Kommunikation.<\/figcaption><\/figure>\n<p style=\"text-align: justify;\">Die Eltern nehmen als gleichberechtigte Erziehungspartner ihre Interessen und Anliegen \u00fcber die Klassenpflegschaften in der Schulpflegschaft wahr. Die Sitzungen der Schulpflegschaft finden mindestens 2x im Schuljahr statt. Die Eltern formulieren eigene Antr\u00e4ge an die Schulkonferenz oder nehmen zu den Antr\u00e4gen des Sch\u00fclerrats oder der Lehrerkonferenz Stellung. Die Eltern werden regelm\u00e4\u00dfig an den Entwicklungen beteiligt, z.B. durch die Mitarbeit im Stufensprecher\/innengremium, in Arbeitskreisen oder Fachkonferenzen sowie \u00fcber die Entwicklungen informiert, z.B. durch Schreiben der Schulleitung, durch Erl\u00e4uterungen zur Elternversammlung am ersten Elternabend des Schuljahres, Vortr\u00e4ge durch externe Experten oder in klasseninternen Elternabenden. Dar\u00fcber hinaus w\u00e4hlt die Schulkonferenz obligatorisch eine\/n Elternvertreter\/in in die Auswahlkommission f\u00fcr schulgebundene Stellen, d.h. Die Eltern k\u00f6nnen dar\u00fcber direkt an der Personalentwicklung mitwirken.<\/p>\n<div class=\"mceTemp\"><\/div>\n<p style=\"text-align: justify;\">Zur engen Vernetzung mit den Eltern finden dar\u00fcber hinaus statt:<\/p>\n<ul style=\"text-align: justify;\">\n<li>Elterninformationsabende zu verschiedenen Themen wie Lesekonzept, Rechtliche Grundlagen, KoKoBe, Erziehungskonzept: Trainingsraum, Inselraum, Streitschlichtung: Konkrete Erst-Hilfe<\/li>\n<li>Elternfortbildungen werden angeboten z.B. zu den Themen:\u00a0Einsatz von Geb\u00e4rden, Betreuungsrecht ab 18, \u00dcbergang Schule und Beruf, Testamenterstellung, Umgang mit Sexualit\u00e4t,&#8230;<\/li>\n<\/ul>\n<p style=\"text-align: justify;\">Die Elternschaft f\u00fchrt ca. 4x im Jahr klassen\u00fcbergreifend ein Elternfr\u00fchst\u00fcck in der Schule durch, welches rege besucht wird. Hier besteht die M\u00f6glichkeit des offenen Austausches der Eltern untereinander.<\/p>\n<p style=\"text-align: justify;\">Die aktuellen <span style=\"text-decoration: underline;\">Elternpflegschaftsvorsitzenden<\/span> sind <span style=\"text-decoration: underline;\">Frau Stock<\/span> und <span style=\"text-decoration: underline;\">Herr Hohn.<\/span><\/p>\n<p style=\"text-align: justify;\"><span style=\"text-decoration: underline;\">Vertreter\/innen f\u00fcr die Schulkonferenz<\/span> sind &#8211; neben <span style=\"text-decoration: underline;\">Frau Stock<\/span> &#8211; <span style=\"text-decoration: underline;\">Frau Mocken,<\/span> <span style=\"text-decoration: underline;\">Herr Hohn<\/span> sowie <span style=\"text-decoration: underline;\">Frau Kunkel<\/span>.<\/p>\n","protected":false},"excerpt":{"rendered":"<p>Die Eltern nehmen als gleichberechtigte Erziehungspartner ihre Interessen und Anliegen \u00fcber die Klassenpflegschaften in der Schulpflegschaft wahr. Die Sitzungen der Schulpflegschaft finden mindestens 2x im Schuljahr statt. Die Eltern formulieren eigene Antr\u00e4ge an die Schulkonferenz oder nehmen zu den Antr\u00e4gen des Sch\u00fclerrats oder der Lehrerkonferenz Stellung. Die Eltern werden regelm\u00e4\u00dfig an den Entwicklungen beteiligt, z.B. &hellip; <a href=\"https:\/\/www.schulezumroemerturm.de\/index.php\/die-elternvertretung\/\" class=\"more-link\"><span class=\"screen-reader-text\">Die Elternvertretung<\/span> weiterlesen <span class=\"meta-nav\">&rarr;<\/span><\/a><\/p>\n","protected":false},"author":2,"featured_media":0,"parent":0,"menu_order":0,"comment_status":"closed","ping_status":"closed","template":"","meta":{"footnotes":""},"class_list":["post-298","page","type-page","status-publish","hentry"],"_links":{"self":[{"href":"https:\/\/www.schulezumroemerturm.de\/index.php\/wp-json\/wp\/v2\/pages\/298","targetHints":{"allow":["GET"]}}],"collection":[{"href":"https:\/\/www.schulezumroemerturm.de\/index.php\/wp-json\/wp\/v2\/pages"}],"about":[{"href":"https:\/\/www.schulezumroemerturm.de\/index.php\/wp-json\/wp\/v2\/types\/page"}],"author":[{"embeddable":true,"href":"https:\/\/www.schulezumroemerturm.de\/index.php\/wp-json\/wp\/v2\/users\/2"}],"replies":[{"embeddable":true,"href":"https:\/\/www.schulezumroemerturm.de\/index.php\/wp-json\/wp\/v2\/comments?post=298"}],"version-history":[{"count":15,"href":"https:\/\/www.schulezumroemerturm.de\/index.php\/wp-json\/wp\/v2\/pages\/298\/revisions"}],"predecessor-version":[{"id":6080,"href":"https:\/\/www.schulezumroemerturm.de\/index.php\/wp-json\/wp\/v2\/pages\/298\/revisions\/6080"}],"wp:attachment":[{"href":"https:\/\/www.schulezumroemerturm.de\/index.php\/wp-json\/wp\/v2\/media?parent=298"}],"curies":[{"name":"wp","href":"https:\/\/api.w.org\/{rel}","templated":true}]}}