{"id":302,"date":"2016-04-17T11:53:02","date_gmt":"2016-04-17T09:53:02","guid":{"rendered":"http:\/\/www.schulezumroemerturm.de\/wordpress\/?page_id=302"},"modified":"2025-07-04T19:51:42","modified_gmt":"2025-07-04T17:51:42","slug":"unsere-retter-in-der-not","status":"publish","type":"page","link":"https:\/\/www.schulezumroemerturm.de\/index.php\/unsere-retter-in-der-not\/","title":{"rendered":"Unsere Retter in der Not"},"content":{"rendered":"<p>Seit \u00fcber 50 Jahren unterst\u00fctzt der F\u00f6rderverein der Schule Zum R\u00f6merturm Bergheim-Thorr e.V. zahlreiche Projekte und Unternehmungen. Der Verein greift W\u00fcnsche der Sch\u00fclerinnen und Sch\u00fcler sowie Lehrpersonen auf und bereichert so das Schulleben mit Anschaffungen und Zusch\u00fcssen. Hier einige Beispiele:<\/p>\n<ul>\n<li>Kauf und Unterhaltung rollstuhlgerechter Kleinbusse<\/li>\n<li>Anschaffung eines Airtramps<\/li>\n<li>Unterst\u00fctzung der Klassenfahrten<\/li>\n<li>Spielger\u00e4te f\u00fcr den Au\u00dfenbereich<\/li>\n<li>&#8230; und vieles andere mehr<\/li>\n<\/ul>\n<p>Der Verein umfasst ca. 75 Mitglieder. Die H\u00f6he des Jahresbeitrags kann jedes Mitglied selber bestimmen (der Mindestbeitrag betr\u00e4gt 12 Euro pro Jahr*).<\/p>\n<figure id=\"attachment_479\" aria-describedby=\"caption-attachment-479\" style=\"width: 300px\" class=\"wp-caption alignnone\"><img loading=\"lazy\" decoding=\"async\" class=\"wp-image-479 size-medium\" src=\"http:\/\/www.schulezumroemerturm.de\/wp-content\/uploads\/2016\/04\/Schulbusse_komp-300x200.jpg\" alt=\"Schulbusse_komp\" width=\"300\" height=\"200\" srcset=\"https:\/\/www.schulezumroemerturm.de\/wp-content\/uploads\/2016\/04\/Schulbusse_komp-300x200.jpg 300w, https:\/\/www.schulezumroemerturm.de\/wp-content\/uploads\/2016\/04\/Schulbusse_komp.jpg 800w\" sizes=\"auto, (max-width: 300px) 100vw, 300px\" \/><figcaption id=\"caption-attachment-479\" class=\"wp-caption-text\">Unsere beiden, vom F\u00f6rderverein mitfinanzierten, Kleinbusse.<\/figcaption><\/figure>\n<p>Die Projekte werden in Mitgliederversammlungen und Vorstandssitzungen ausgesucht und richten sich nach den Zielen, die in der Satzung des F\u00f6rderverein festgelegt sind.<\/p>\n<p>Es gibt noch viele W\u00fcnsche! Einige von diesen lassen sich mit Ihrer Hilfe umsetzen.<\/p>\n<p>Vielen Dank daf\u00fcr!<\/p>\n<p>Axel Hohn, Vorsitzender des F\u00f6rdervereins<\/p>\n<p>*Beitr\u00e4ge und Spenden sind steuerlich absetzbar<\/p>\n<p><img loading=\"lazy\" decoding=\"async\" class=\"alignnone wp-image-3902 size-large\" src=\"http:\/\/www.schulezumroemerturm.de\/wp-content\/uploads\/2020\/04\/Beitrittserkl\u00e4rung-F\u00f6rderverein-476x1024.png\" alt=\"\" width=\"474\" height=\"1020\" srcset=\"https:\/\/www.schulezumroemerturm.de\/wp-content\/uploads\/2020\/04\/Beitrittserkl\u00e4rung-F\u00f6rderverein-476x1024.png 476w, https:\/\/www.schulezumroemerturm.de\/wp-content\/uploads\/2020\/04\/Beitrittserkl\u00e4rung-F\u00f6rderverein-139x300.png 139w, https:\/\/www.schulezumroemerturm.de\/wp-content\/uploads\/2020\/04\/Beitrittserkl\u00e4rung-F\u00f6rderverein.png 691w\" sizes=\"auto, (max-width: 474px) 100vw, 474px\" \/><\/p>\n<p><a href=\"http:\/\/www.schulezumroemerturm.de\/wp-content\/uploads\/2020\/04\/Flyer20SzR20FV20Einleger20Erklc3a4rung20201520v.2.420-20screen.pdf\">Download Beitrittserkl\u00e4rung f\u00fcr den F\u00f6rderverein<\/a><\/p>\n","protected":false},"excerpt":{"rendered":"<p>Seit \u00fcber 50 Jahren unterst\u00fctzt der F\u00f6rderverein der Schule Zum R\u00f6merturm Bergheim-Thorr e.V. zahlreiche Projekte und Unternehmungen. Der Verein greift W\u00fcnsche der Sch\u00fclerinnen und Sch\u00fcler sowie Lehrpersonen auf und bereichert so das Schulleben mit Anschaffungen und Zusch\u00fcssen. Hier einige Beispiele: Kauf und Unterhaltung rollstuhlgerechter Kleinbusse Anschaffung eines Airtramps Unterst\u00fctzung der Klassenfahrten Spielger\u00e4te f\u00fcr den Au\u00dfenbereich &hellip; <a href=\"https:\/\/www.schulezumroemerturm.de\/index.php\/unsere-retter-in-der-not\/\" class=\"more-link\"><span class=\"screen-reader-text\">Unsere Retter in der Not<\/span> weiterlesen <span class=\"meta-nav\">&rarr;<\/span><\/a><\/p>\n","protected":false},"author":2,"featured_media":0,"parent":0,"menu_order":0,"comment_status":"closed","ping_status":"closed","template":"","meta":{"footnotes":""},"class_list":["post-302","page","type-page","status-publish","hentry"],"_links":{"self":[{"href":"https:\/\/www.schulezumroemerturm.de\/index.php\/wp-json\/wp\/v2\/pages\/302","targetHints":{"allow":["GET"]}}],"collection":[{"href":"https:\/\/www.schulezumroemerturm.de\/index.php\/wp-json\/wp\/v2\/pages"}],"about":[{"href":"https:\/\/www.schulezumroemerturm.de\/index.php\/wp-json\/wp\/v2\/types\/page"}],"author":[{"embeddable":true,"href":"https:\/\/www.schulezumroemerturm.de\/index.php\/wp-json\/wp\/v2\/users\/2"}],"replies":[{"embeddable":true,"href":"https:\/\/www.schulezumroemerturm.de\/index.php\/wp-json\/wp\/v2\/comments?post=302"}],"version-history":[{"count":10,"href":"https:\/\/www.schulezumroemerturm.de\/index.php\/wp-json\/wp\/v2\/pages\/302\/revisions"}],"predecessor-version":[{"id":6609,"href":"https:\/\/www.schulezumroemerturm.de\/index.php\/wp-json\/wp\/v2\/pages\/302\/revisions\/6609"}],"wp:attachment":[{"href":"https:\/\/www.schulezumroemerturm.de\/index.php\/wp-json\/wp\/v2\/media?parent=302"}],"curies":[{"name":"wp","href":"https:\/\/api.w.org\/{rel}","templated":true}]}}