{"id":330,"date":"2016-04-21T11:49:43","date_gmt":"2016-04-21T09:49:43","guid":{"rendered":"http:\/\/www.schulezumroemerturm.de\/wordpress\/?page_id=330"},"modified":"2024-01-08T20:22:30","modified_gmt":"2024-01-08T19:22:30","slug":"umgang-mit-den-neuen-medien","status":"publish","type":"page","link":"https:\/\/www.schulezumroemerturm.de\/index.php\/umgang-mit-den-neuen-medien\/","title":{"rendered":"Umgang mit den &#8222;neuen&#8220; Medien"},"content":{"rendered":"<p style=\"text-align: justify;\">Medien werden an der Schule Zum R\u00f6merturm als Werkzeuge zur F\u00f6rderung eines sch\u00fcleraktivierenden Unterrichts genutzt. Die Medienkompetenzen werden in sechs Kompetenzbereichen geb\u00fcndelt:<\/p>\n<p style=\"text-align: justify;\"><img loading=\"lazy\" decoding=\"async\" class=\"alignnone size-full wp-image-5827\" src=\"https:\/\/www.schulezumroemerturm.de\/wp-content\/uploads\/2024\/01\/medienkompetenzrahmen.jpg\" alt=\"\" width=\"662\" height=\"461\" srcset=\"https:\/\/www.schulezumroemerturm.de\/wp-content\/uploads\/2024\/01\/medienkompetenzrahmen.jpg 662w, https:\/\/www.schulezumroemerturm.de\/wp-content\/uploads\/2024\/01\/medienkompetenzrahmen-300x209.jpg 300w\" sizes=\"auto, (max-width: 662px) 100vw, 662px\" \/><img loading=\"lazy\" decoding=\"async\" class=\"alignnone wp-image-3927 size-full\" src=\"http:\/\/www.schulezumroemerturm.de\/wp-content\/uploads\/2020\/04\/medienkonzept.png\" alt=\"\" width=\"835\" height=\"597\" srcset=\"https:\/\/www.schulezumroemerturm.de\/wp-content\/uploads\/2020\/04\/medienkonzept.png 835w, https:\/\/www.schulezumroemerturm.de\/wp-content\/uploads\/2020\/04\/medienkonzept-300x214.png 300w\" sizes=\"auto, (max-width: 835px) 100vw, 835px\" \/><\/p>\n<p style=\"text-align: justify;\">Hard- und Software werden so in den Unterricht eingebunden, dass die Sch\u00fclerinnen und Sch\u00fcler folgende Kompetenzen aufbauen:<\/p>\n<p style=\"text-align: justify;\">Sch\u00fclerinnen und Sch\u00fcler der Schule Zum R\u00f6merturm:<\/p>\n<ul style=\"text-align: justify;\">\n<li>besitzen die technische F\u00e4higkeit, verschiedene Medien sinnvoll einzusetzen als Voraussetzung jeder aktiven und passiven Mediennutzung<\/li>\n<li>w\u00e4hlen Quellen zielgerichtet und sinnvoll aus und bewerten bzw. nutzen Informationen kritisch<\/li>\n<li>beherrschen die Regeln f\u00fcr eine sichere und zielgerichtete Kommunikation<\/li>\n<li>nutzen Medien verantwortungsvoll zur Zusammenarbeit<\/li>\n<li>kennen mediale Gestaltungsm\u00f6glichkeiten und setzen diese kreativ bei der Planung und Realisierung eines Medienproduktes ein<\/li>\n<li>besitzen das Wissen um die Vielfalt der Medien<\/li>\n<li>setzen sich kritisch mit dem vielf\u00e4ltigen Medienangebot und dem eigenen Medienverhalten auseinander<\/li>\n<li>setzen Medien in den Lebensbereichen Schule, Freizeit und Selbstversorgung ein<\/li>\n<li>nutzen Medien f\u00fcr Information, Kommunikation und Dokumentation<\/li>\n<li>sind sich der gesellschaftlichen Ver\u00e4nderungen bewusst, die Computer, Smartphones und andere Neue Medien verursacht haben<\/li>\n<\/ul>\n<p style=\"text-align: justify;\">Erg\u00e4nzend zum unterrichtlichen Umgang mit den Neuen Medien werden die allt\u00e4gliche Nutzung und die Erfahrungen in einer durch Medien gepr\u00e4gten Welt thematisiert. Teilnahme-, Reflexions- und Urteilskompetenzen werden erworben. Die Inhalte aus diesem Themenfeld werden in unterschiedlichen Jahrgangsstufen aufgegriffen und auf dem jeweils altersangemessenen Niveau behandelt. Grundlage hierf\u00fcr sind auf der einen Seite die Ausf\u00fchrungen der Bayerischen Richtlinien f\u00fcr den F\u00f6rderschwerpunkt Geistige Entwicklung zum Bereich Medien (s. Anhang), auf der anderen Seite die oben genannten Kompetenzbereiche, wie sie von der Initiative \u201eMedienpass NRW\u201c entwickelt wurden Die Lernausgangslage bzw. vorhandenen Kompetenzen der einzelnen Sch\u00fclerin\/des einzelnen Sch\u00fclers werden anhand der Individuellen Lerndokumentation (ILD) f\u00fcr den Bereich Medien evaluiert (Bayerische Richtlinien, s. Curriculum Medienkonzept).<\/p>\n<p style=\"text-align: justify;\">Im Schuljahr 2013\/2014 wurde den Eltern und Kollegen im Rahmen eines Elternabends das Medienkonzept der Schule Zum R\u00f6merturm und damit der Medienpass des Bildungsministeriums NRW vorgestellt.<\/p>\n<p style=\"text-align: justify;\">Der Medienpass steht allen Klassen zur Verf\u00fcgung und kann als \u201eMedienf\u00fchrerschein\u201c an die Sch\u00fclerinnen und Sch\u00fcler verteilt werden. Damit haben die Lernenden einen \u00dcberblick \u00fcber die zu erwerbenden Kompetenzen und k\u00f6nnen auf einen Blick sehen, was sie bereits erreicht haben. Die P\u00e4dagogen k\u00f6nnen ihrerseits anhand der Kompetenzbereiche (siehe Schaubild oben) und mithilfe der Materialien und Informationen, die auf der Homepage der Medienberatung NRW zur Verf\u00fcgung gestellt werden, ihren Unterricht vorbereiten, durchf\u00fchren und (gemeinsam mit den Sch\u00fclerinnen und Sch\u00fclern) evaluieren.<\/p>\n<p style=\"text-align: justify;\">Den Medienpass gibt es sowohl f\u00fcr die Grundschule, als auch f\u00fcr die \u00a0weiterf\u00fchrenden Schulen. Aufgrund der Heterogenit\u00e4t unserer Sch\u00fclerschaft, entscheiden die Lehrerinnen und Lehrer individuell, welchen Pass bzw. welche Kompetenzen sie welchen Sch\u00fclerinnen und Sch\u00fclern vermitteln.<\/p>\n<p><img loading=\"lazy\" decoding=\"async\" class=\"alignnone size-large wp-image-5830\" src=\"https:\/\/www.schulezumroemerturm.de\/wp-content\/uploads\/2024\/01\/185_19_Logo_Digitalpakt_Schule_02-1024x510.jpg\" alt=\"\" width=\"474\" height=\"236\" srcset=\"https:\/\/www.schulezumroemerturm.de\/wp-content\/uploads\/2024\/01\/185_19_Logo_Digitalpakt_Schule_02-1024x510.jpg 1024w, https:\/\/www.schulezumroemerturm.de\/wp-content\/uploads\/2024\/01\/185_19_Logo_Digitalpakt_Schule_02-300x149.jpg 300w, https:\/\/www.schulezumroemerturm.de\/wp-content\/uploads\/2024\/01\/185_19_Logo_Digitalpakt_Schule_02.jpg 1466w\" sizes=\"auto, (max-width: 474px) 100vw, 474px\" \/><\/p>\n<p>Die fundierte Unterricht im Bereich Medien ist m\u00f6glich, da wir \u00fcber eine umfangreiche Ausstattung mit digitalen Endger\u00e4ten verf\u00fcgen. Diese wurde uns erm\u00f6glicht durch den DigitalPakt Schule vom Bundesministerium f\u00fcr Bildung und Forschung. \u00a0Daf\u00fcr bedanken wir uns recht herzlich.<\/p>\n","protected":false},"excerpt":{"rendered":"<p>Medien werden an der Schule Zum R\u00f6merturm als Werkzeuge zur F\u00f6rderung eines sch\u00fcleraktivierenden Unterrichts genutzt. Die Medienkompetenzen werden in sechs Kompetenzbereichen geb\u00fcndelt: Hard- und Software werden so in den Unterricht eingebunden, dass die Sch\u00fclerinnen und Sch\u00fcler folgende Kompetenzen aufbauen: Sch\u00fclerinnen und Sch\u00fcler der Schule Zum R\u00f6merturm: besitzen die technische F\u00e4higkeit, verschiedene Medien sinnvoll einzusetzen als &hellip; <a href=\"https:\/\/www.schulezumroemerturm.de\/index.php\/umgang-mit-den-neuen-medien\/\" class=\"more-link\"><span class=\"screen-reader-text\">Umgang mit den &#8222;neuen&#8220; Medien<\/span> weiterlesen <span class=\"meta-nav\">&rarr;<\/span><\/a><\/p>\n","protected":false},"author":2,"featured_media":0,"parent":0,"menu_order":0,"comment_status":"closed","ping_status":"closed","template":"","meta":{"footnotes":""},"class_list":["post-330","page","type-page","status-publish","hentry"],"_links":{"self":[{"href":"https:\/\/www.schulezumroemerturm.de\/index.php\/wp-json\/wp\/v2\/pages\/330","targetHints":{"allow":["GET"]}}],"collection":[{"href":"https:\/\/www.schulezumroemerturm.de\/index.php\/wp-json\/wp\/v2\/pages"}],"about":[{"href":"https:\/\/www.schulezumroemerturm.de\/index.php\/wp-json\/wp\/v2\/types\/page"}],"author":[{"embeddable":true,"href":"https:\/\/www.schulezumroemerturm.de\/index.php\/wp-json\/wp\/v2\/users\/2"}],"replies":[{"embeddable":true,"href":"https:\/\/www.schulezumroemerturm.de\/index.php\/wp-json\/wp\/v2\/comments?post=330"}],"version-history":[{"count":10,"href":"https:\/\/www.schulezumroemerturm.de\/index.php\/wp-json\/wp\/v2\/pages\/330\/revisions"}],"predecessor-version":[{"id":5832,"href":"https:\/\/www.schulezumroemerturm.de\/index.php\/wp-json\/wp\/v2\/pages\/330\/revisions\/5832"}],"wp:attachment":[{"href":"https:\/\/www.schulezumroemerturm.de\/index.php\/wp-json\/wp\/v2\/media?parent=330"}],"curies":[{"name":"wp","href":"https:\/\/api.w.org\/{rel}","templated":true}]}}