{"id":341,"date":"2016-04-21T15:20:40","date_gmt":"2016-04-21T13:20:40","guid":{"rendered":"http:\/\/www.schulezumroemerturm.de\/wordpress\/?page_id=341"},"modified":"2020-04-08T15:23:32","modified_gmt":"2020-04-08T13:23:32","slug":"aktive-pause","status":"publish","type":"page","link":"https:\/\/www.schulezumroemerturm.de\/index.php\/aktive-pause\/","title":{"rendered":"Aktive Pause"},"content":{"rendered":"<p>\u201eAktive Pause\u201c meint, dass die Sch\u00fcler\/innen in der Gestalteten Freizeit von 13.00 Uhr \u2013 13.30 Uhr unter verschiedenen Angeboten w\u00e4hlen k\u00f6nnen. Die Angebote gehen auf unterschiedliche Bed\u00fcrfnisse der Sch\u00fcler\/innen ein: entsprechend des Alters, nach Bewegung, Ruhe oder Anregung. Die Angebote finden an unterschiedlichen Pl\u00e4tzen in der Schule statt: in verschiedenen Klassenr\u00e4umen, auf einem Teil des Schulhofes, im Flur, im Snoezelenraum, etc.. Folgende Angebote entwickelten sich:<\/p>\n<p><strong>Angebote der aktiven Pause im Schuljahr 2019\/2020<\/strong><\/p>\n<p><img loading=\"lazy\" decoding=\"async\" class=\"alignnone wp-image-3904 size-large\" src=\"http:\/\/www.schulezumroemerturm.de\/wp-content\/uploads\/2020\/04\/Aktive-Pause-772x1024.png\" alt=\"\" width=\"474\" height=\"629\" srcset=\"https:\/\/www.schulezumroemerturm.de\/wp-content\/uploads\/2020\/04\/Aktive-Pause-772x1024.png 772w, https:\/\/www.schulezumroemerturm.de\/wp-content\/uploads\/2020\/04\/Aktive-Pause-226x300.png 226w, https:\/\/www.schulezumroemerturm.de\/wp-content\/uploads\/2020\/04\/Aktive-Pause.png 802w\" sizes=\"auto, (max-width: 474px) 100vw, 474px\" \/><\/p>\n<p>Die Sch\u00fcler\/innen k\u00f6nnen ausw\u00e4hlen, an welchem Angebot sie teilnehmen. Haben sie sich f\u00fcr ein Angebot entschieden, bleiben sie den gesamten Zeitraum dabei. Ist dies notwendig, begleiten die Klassenlehrer\/innen ihre Sch\u00fcler\/innen zu den gew\u00e4hlten Angeboten und holen sie wieder ab.<\/p>\n<p>METACOM Symbole \u00a9 Annette Kitzinger<\/p>\n","protected":false},"excerpt":{"rendered":"<p>\u201eAktive Pause\u201c meint, dass die Sch\u00fcler\/innen in der Gestalteten Freizeit von 13.00 Uhr \u2013 13.30 Uhr unter verschiedenen Angeboten w\u00e4hlen k\u00f6nnen. Die Angebote gehen auf unterschiedliche Bed\u00fcrfnisse der Sch\u00fcler\/innen ein: entsprechend des Alters, nach Bewegung, Ruhe oder Anregung. Die Angebote finden an unterschiedlichen Pl\u00e4tzen in der Schule statt: in verschiedenen Klassenr\u00e4umen, auf einem Teil des &hellip; <a href=\"https:\/\/www.schulezumroemerturm.de\/index.php\/aktive-pause\/\" class=\"more-link\"><span class=\"screen-reader-text\">Aktive Pause<\/span> weiterlesen <span class=\"meta-nav\">&rarr;<\/span><\/a><\/p>\n","protected":false},"author":2,"featured_media":0,"parent":0,"menu_order":0,"comment_status":"closed","ping_status":"closed","template":"","meta":{"footnotes":""},"class_list":["post-341","page","type-page","status-publish","hentry"],"_links":{"self":[{"href":"https:\/\/www.schulezumroemerturm.de\/index.php\/wp-json\/wp\/v2\/pages\/341","targetHints":{"allow":["GET"]}}],"collection":[{"href":"https:\/\/www.schulezumroemerturm.de\/index.php\/wp-json\/wp\/v2\/pages"}],"about":[{"href":"https:\/\/www.schulezumroemerturm.de\/index.php\/wp-json\/wp\/v2\/types\/page"}],"author":[{"embeddable":true,"href":"https:\/\/www.schulezumroemerturm.de\/index.php\/wp-json\/wp\/v2\/users\/2"}],"replies":[{"embeddable":true,"href":"https:\/\/www.schulezumroemerturm.de\/index.php\/wp-json\/wp\/v2\/comments?post=341"}],"version-history":[{"count":6,"href":"https:\/\/www.schulezumroemerturm.de\/index.php\/wp-json\/wp\/v2\/pages\/341\/revisions"}],"predecessor-version":[{"id":3961,"href":"https:\/\/www.schulezumroemerturm.de\/index.php\/wp-json\/wp\/v2\/pages\/341\/revisions\/3961"}],"wp:attachment":[{"href":"https:\/\/www.schulezumroemerturm.de\/index.php\/wp-json\/wp\/v2\/media?parent=341"}],"curies":[{"name":"wp","href":"https:\/\/api.w.org\/{rel}","templated":true}]}}