{"id":345,"date":"2016-04-21T15:25:39","date_gmt":"2016-04-21T13:25:39","guid":{"rendered":"http:\/\/www.schulezumroemerturm.de\/wordpress\/?page_id=345"},"modified":"2020-04-08T15:30:23","modified_gmt":"2020-04-08T13:30:23","slug":"die-arbeitsgemeinschaften","status":"publish","type":"page","link":"https:\/\/www.schulezumroemerturm.de\/index.php\/die-arbeitsgemeinschaften\/","title":{"rendered":"Die Arbeitsgemeinschaften"},"content":{"rendered":"<p style=\"text-align: justify;\">Arbeitsgemeinschaften sind Neigungs-Lerngruppen innerhalb der Schulgemeinschaft, die sich zu einem gew\u00e4hlten Thema einmal in der Woche jahrgangs\u00fcbergreifend treffen.<\/p>\n<p style=\"text-align: justify;\">In der Lehrerkonferenz wurde im September 2004 beschlossen ein AG-Konzept f\u00fcr die ganze Schule zu entwickeln, das sich wie folgt darstellt:<\/p>\n<p style=\"text-align: justify;\"><strong>Zielsetzungen der AG\u2019s<\/strong><\/p>\n<ul style=\"text-align: justify;\">\n<li>Spa\u00df am Lernen in jahrgangs\u00fcbergreifenden Neigungsgruppen<\/li>\n<li>St\u00e4rkung der Schulgemeinschaft<\/li>\n<li>Einrichtung von produktorientierten oder prozessorientierten Angeboten, wobei die durchf\u00fchrende Lehrperson dies je nach Inhalt oder Sch\u00fclergruppe selbst festlegt<\/li>\n<\/ul>\n<p style=\"text-align: justify;\">Arbeitsgemeinschaften werden grunds\u00e4tzlich als positiv angesehen.<\/p>\n<p style=\"text-align: justify;\">Aus der Sicht der Sch\u00fcler\/innen:<\/p>\n<ul style=\"text-align: justify;\">\n<li>Sie rhythmisieren den Unterrichtsalltag der Schule in Pflichtunterricht und Wahlangebote.<\/li>\n<li>Sie bieten den Sch\u00fcler\/innen die Chance sich mit Sch\u00fcler\/innen au\u00dferhalb ihrer Klasse jahrgangs\u00fcbergreifend zu treffen und zu lernen (kooperatives Lernen).<\/li>\n<li>Sie bieten den Sch\u00fcler\/innen die M\u00f6glichkeit ein Lernangebot zu w\u00e4hlen, was die Motivation st\u00e4rkt.<\/li>\n<li>Sie erweitern die Flexibilit\u00e4t und die Anpassungsf\u00e4higkeit der Sch\u00fcler\/innen.<\/li>\n<li>Talente k\u00f6nnen intensiv gef\u00f6rdert werden.<\/li>\n<\/ul>\n<p style=\"text-align: justify;\">Aus der Sicht der Kollegen\/ Kolleginnen:<\/p>\n<ul>\n<li style=\"text-align: justify;\">Kollegen\/Kolleginnen k\u00f6nnen eine Arbeitsgemeinschaft ihrer Wahl anbieten (was man schon immer mal gerne machen wollte).<\/li>\n<li style=\"text-align: justify;\">Kollegen\/Kolleginnen k\u00f6nnen mit Kollegen\/ Kolleginnen au\u00dferhalb ihres Teams kooperieren (erweiterte Vernetzung des Kollegiums).<\/li>\n<li style=\"text-align: justify;\">Kollegen\/Kolleginnen k\u00f6nnen ein Angebot auch f\u00fcr Sch\u00fcler\/innen au\u00dferhalb ihrer Klasse machen.<\/li>\n<\/ul>\n<p><strong>Dies sind die AG-Angebote im Schuljahr 2019\/2020<\/strong><\/p>\n<p><img loading=\"lazy\" decoding=\"async\" class=\"alignnone wp-image-3907 size-full\" src=\"http:\/\/www.schulezumroemerturm.de\/wp-content\/uploads\/2020\/04\/AGs_2019.png\" alt=\"\" width=\"943\" height=\"939\" srcset=\"https:\/\/www.schulezumroemerturm.de\/wp-content\/uploads\/2020\/04\/AGs_2019.png 943w, https:\/\/www.schulezumroemerturm.de\/wp-content\/uploads\/2020\/04\/AGs_2019-300x300.png 300w, https:\/\/www.schulezumroemerturm.de\/wp-content\/uploads\/2020\/04\/AGs_2019-200x200.png 200w\" sizes=\"auto, (max-width: 943px) 100vw, 943px\" \/><\/p>\n<p>METACOM Symbole \u00a9 Annette Kitzinger<\/p>\n","protected":false},"excerpt":{"rendered":"<p>Arbeitsgemeinschaften sind Neigungs-Lerngruppen innerhalb der Schulgemeinschaft, die sich zu einem gew\u00e4hlten Thema einmal in der Woche jahrgangs\u00fcbergreifend treffen. In der Lehrerkonferenz wurde im September 2004 beschlossen ein AG-Konzept f\u00fcr die ganze Schule zu entwickeln, das sich wie folgt darstellt: Zielsetzungen der AG\u2019s Spa\u00df am Lernen in jahrgangs\u00fcbergreifenden Neigungsgruppen St\u00e4rkung der Schulgemeinschaft Einrichtung von produktorientierten oder &hellip; <a href=\"https:\/\/www.schulezumroemerturm.de\/index.php\/die-arbeitsgemeinschaften\/\" class=\"more-link\"><span class=\"screen-reader-text\">Die Arbeitsgemeinschaften<\/span> weiterlesen <span class=\"meta-nav\">&rarr;<\/span><\/a><\/p>\n","protected":false},"author":2,"featured_media":0,"parent":0,"menu_order":0,"comment_status":"closed","ping_status":"closed","template":"","meta":{"footnotes":""},"class_list":["post-345","page","type-page","status-publish","hentry"],"_links":{"self":[{"href":"https:\/\/www.schulezumroemerturm.de\/index.php\/wp-json\/wp\/v2\/pages\/345","targetHints":{"allow":["GET"]}}],"collection":[{"href":"https:\/\/www.schulezumroemerturm.de\/index.php\/wp-json\/wp\/v2\/pages"}],"about":[{"href":"https:\/\/www.schulezumroemerturm.de\/index.php\/wp-json\/wp\/v2\/types\/page"}],"author":[{"embeddable":true,"href":"https:\/\/www.schulezumroemerturm.de\/index.php\/wp-json\/wp\/v2\/users\/2"}],"replies":[{"embeddable":true,"href":"https:\/\/www.schulezumroemerturm.de\/index.php\/wp-json\/wp\/v2\/comments?post=345"}],"version-history":[{"count":8,"href":"https:\/\/www.schulezumroemerturm.de\/index.php\/wp-json\/wp\/v2\/pages\/345\/revisions"}],"predecessor-version":[{"id":3962,"href":"https:\/\/www.schulezumroemerturm.de\/index.php\/wp-json\/wp\/v2\/pages\/345\/revisions\/3962"}],"wp:attachment":[{"href":"https:\/\/www.schulezumroemerturm.de\/index.php\/wp-json\/wp\/v2\/media?parent=345"}],"curies":[{"name":"wp","href":"https:\/\/api.w.org\/{rel}","templated":true}]}}