{"id":35,"date":"2016-04-07T11:31:15","date_gmt":"2016-04-07T09:31:15","guid":{"rendered":"http:\/\/www.schulezumroemerturm.de\/wordpress\/?page_id=35"},"modified":"2020-04-03T12:36:17","modified_gmt":"2020-04-03T10:36:17","slug":"sport","status":"publish","type":"page","link":"https:\/\/www.schulezumroemerturm.de\/index.php\/sport\/","title":{"rendered":"Sport"},"content":{"rendered":"<p style=\"text-align: justify;\"><img loading=\"lazy\" decoding=\"async\" class=\"size-medium wp-image-840 alignleft\" src=\"http:\/\/www.schulezumroemerturm.de\/wp-content\/uploads\/2016\/04\/Sport_1-200x300.jpg\" alt=\"Sport_1\" width=\"200\" height=\"300\" srcset=\"https:\/\/www.schulezumroemerturm.de\/wp-content\/uploads\/2016\/04\/Sport_1-200x300.jpg 200w, https:\/\/www.schulezumroemerturm.de\/wp-content\/uploads\/2016\/04\/Sport_1.jpg 683w\" sizes=\"auto, (max-width: 200px) 100vw, 200px\" \/>Sport und Bewegung bilden an der Schule Zum R\u00f6merturm eine besondere Rolle in der Gestaltung des Schullebens. So arbeiten wir \u00fcber den eigentlichen Sportunterricht hinaus nach dem Konzept \u201eBewegte Schule\u201c, bei dem kleine Pausen im Schultag zur aktiven Bewegungspause genutzt werden, um Erholung und Spannungsabbau zu erm\u00f6glichen sowie dem Bewegungsbed\u00fcrfnis der Sch\u00fcler\/innen nach kognitiver Beanspruchung gerecht zu werden. Daf\u00fcr steht jeder Klasse Material und Anleitung zur Verf\u00fcgung. Des Weiteren haben wir seit Jahren eine erfolgreiche Fu\u00dfball-Schulmannschaft, die\u00a0vor einigen Jahren\u00a0bereits an den Special-Olympics-Turnieren teilgenommen hat. Der Nachwuchs daf\u00fcr wird in einer Arbeitsgemeinschaft ebenfalls kontinuierlich trainiert. J\u00e4hrlich veranstalten wir ein Sport- und Spielefest, bei dem &#8211; wie bei den Bundesjugendspielen &#8211; die Leichtathletikdisziplinen und weitere Spiele durchgef\u00fchrt werden. Jede\/r Teilnehmer\/in wird kr\u00e4ftig angefeuert und die tollen Ergebnisse dazu werden allen Sch\u00fclerinnen und Sch\u00fclern in einer Urkunde bescheinigt. Seit 2012 veranstalten wir dar\u00fcber hinaus ein schul\u00fcbergreifendes Leichtathletiksportfest mit\u00a0der Paul-Kraemer-Schule aus Frechen und der Maria-Montessori-Schule aus Br\u00fchl.\u00a0Und nicht zuletzt steht nat\u00fcrlich der eigentliche Fachunterricht Sport und Schwimmen im Fokus unserer Konzeption.<\/p>\n<figure id=\"attachment_472\" aria-describedby=\"caption-attachment-472\" style=\"width: 300px\" class=\"wp-caption alignright\"><img loading=\"lazy\" decoding=\"async\" class=\"wp-image-472 size-medium\" src=\"http:\/\/www.schulezumroemerturm.de\/wp-content\/uploads\/2016\/04\/dogukan-mirkoklettern-300x173.jpg\" alt=\"klettern\" width=\"300\" height=\"173\" srcset=\"https:\/\/www.schulezumroemerturm.de\/wp-content\/uploads\/2016\/04\/dogukan-mirkoklettern-300x173.jpg 300w, https:\/\/www.schulezumroemerturm.de\/wp-content\/uploads\/2016\/04\/dogukan-mirkoklettern.jpg 563w\" sizes=\"auto, (max-width: 300px) 100vw, 300px\" \/><figcaption id=\"caption-attachment-472\" class=\"wp-caption-text\">Das kostet \u00dcberwindung: Zwei Oberstufensch\u00fcler beim Klettern in einer Kletterhalle.<\/figcaption><\/figure>\n<p style=\"text-align: justify;\">Unsere Rahmenbedingungen f\u00fcr die vielen Sport- und Bewegungsangebote sind gut: Im schuleigenen Schwimmbad mit verstellbarem Boden hat i.d.R. jede Klasse einmal in der Woche Schwimmunterricht. Unsere Sporthalle (400 qm) ist umfassend ausgestattet, so dass die Bedingungen f\u00fcr fachlich guten und abwechslungsreichen Sportunterricht sehr gut sind. Dar\u00fcber hinaus haben wir eine kleinere Gymnastikhalle (100 qm), in der z.B. montags und dienstags das H\u00fcpfkissen aufgebaut wird, um Gleichgewichtsschulungen\u00a0und\/oder koordinative \u00dcbungen f\u00fcr unsere Sch\u00fclerinnen und Sch\u00fcler anbieten zu k\u00f6nnen.<\/p>\n<figure id=\"attachment_740\" aria-describedby=\"caption-attachment-740\" style=\"width: 300px\" class=\"wp-caption alignleft\"><img loading=\"lazy\" decoding=\"async\" class=\"wp-image-740 size-medium\" src=\"http:\/\/www.schulezumroemerturm.de\/wp-content\/uploads\/2016\/04\/Sportabzeichen-300x224.jpg\" alt=\"Sportabzeichen\" width=\"300\" height=\"224\" srcset=\"https:\/\/www.schulezumroemerturm.de\/wp-content\/uploads\/2016\/04\/Sportabzeichen-300x224.jpg 300w, https:\/\/www.schulezumroemerturm.de\/wp-content\/uploads\/2016\/04\/Sportabzeichen.jpg 1024w\" sizes=\"auto, (max-width: 300px) 100vw, 300px\" \/><figcaption id=\"caption-attachment-740\" class=\"wp-caption-text\">Haben erfoglreich das Deutsche Sportabzeichen erlangt: die Sch\u00fclerinnen und Sch\u00fcler der Mittelstufe 2 und der Mittel-Oberstufe<\/figcaption><\/figure>\n<div class=\"mceTemp\"><\/div>\n<p>&nbsp;<\/p>\n<p style=\"text-align: justify;\">Spa\u00df und Freude an der Bewegung stehen im Sportunterricht genauso im Vordergrund, wie das Erm\u00f6glichen elementarer Wahrnehmungs- und Bewegungserfahrungen. Diese werden f\u00fcr die j\u00fcngeren Sch\u00fclerinnen und Sch\u00fcler oft in themengebundenen Ger\u00e4telandschaften, wie Dschungel-, Feuerwehr-, Geisterbahnparcours oder f\u00fcr die \u00e4lteren in erlebnisp\u00e4dagogischen Situationen wie Kletterparcours angeboten. Dar\u00fcber hinaus werden sportspezifische F\u00e4higkeiten (z.B. Ballfertigkeiten, Laufschule, Leichtathletik-Disziplinen\u2026) und\/oder Regeln und F\u00e4higkeiten f\u00fcr kleine (z.B. Stoppspiele, Haltet das Feld frei, Plumpsack\u2026) und gro\u00dfe Sportspiele (wie Fu\u00dfball, Basketball, Handball\u2026) oder R\u00fcckschlagspiele (wie Volleyball, Badminton, Tischtennis\u2026) geschult. Zwischendurch d\u00fcrfen wir in spezielle Sportarten schnuppern. Ein Highlight aus den vergangenen Jahren war zum Beispiel ein Karatekurs f\u00fcr die Sch\u00fclerinnen und Sch\u00fcler der Berufspraxisstufe mit G\u00fcrtelpr\u00fcfung, durchgef\u00fchrt durch zwei Lehrer einer Karateschule<\/p>\n<p style=\"text-align: justify;\"><img loading=\"lazy\" decoding=\"async\" class=\"size-medium wp-image-1382 alignleft\" src=\"http:\/\/www.schulezumroemerturm.de\/wp-content\/uploads\/2016\/04\/Schwimmen_16-300x225.jpg\" alt=\"\" width=\"300\" height=\"225\" srcset=\"https:\/\/www.schulezumroemerturm.de\/wp-content\/uploads\/2016\/04\/Schwimmen_16-300x225.jpg 300w, https:\/\/www.schulezumroemerturm.de\/wp-content\/uploads\/2016\/04\/Schwimmen_16.jpg 1024w\" sizes=\"auto, (max-width: 300px) 100vw, 300px\" \/>Folgende Bereiche werden im Sport- und Schwimmunterricht in wechselseitiger Beziehung zueinander gef\u00f6rdert:<\/p>\n<table style=\"height: 130px; width: 103.424%;\" width=\"625\">\n<tbody>\n<tr>\n<td style=\"text-align: justify; width: 27.6639%;\" width=\"180\"><em>Konditionelle F\u00e4higkeiten<\/em><\/p>\n<ul>\n<li style=\"list-style-type: none;\">\n<ul>\n<li>Ausdauer<\/li>\n<li>Kraft<\/li>\n<li>Schnelligkeit<\/li>\n<li>Beweglichkeit<\/li>\n<\/ul>\n<\/li>\n<\/ul>\n<\/td>\n<td style=\"text-align: justify; width: 44.0574%;\" width=\"227\"><em>Koordinative F\u00e4higkeiten<\/em><\/p>\n<ul>\n<li style=\"list-style-type: none;\">\n<ul>\n<li>Kin\u00e4sthetische Differenzierungsf\u00e4higkeit<\/li>\n<li>Koppelungsf\u00e4higkeit<\/li>\n<li>Reaktionsf\u00e4higkeit<\/li>\n<li>Orientierungsf\u00e4higkeit<\/li>\n<li>Gleichgewichtsf\u00e4higkeit<\/li>\n<li>Umstellungsf\u00e4higkeit<\/li>\n<li>Rhythmisierungsf\u00e4higkeit<\/li>\n<\/ul>\n<\/li>\n<\/ul>\n<\/td>\n<td style=\"width: 28.0738%;\" width=\"207\">\n<p style=\"text-align: justify;\"><em>Sportspezifische F\u00e4hig- und Fertigkeiten<\/em><\/p>\n<ul style=\"text-align: justify;\">\n<li>Inhalte verschiedenster Sportarten<\/li>\n<\/ul>\n<\/td>\n<\/tr>\n<\/tbody>\n<\/table>\n<figure id=\"attachment_843\" aria-describedby=\"caption-attachment-843\" style=\"width: 300px\" class=\"wp-caption alignnone\"><img loading=\"lazy\" decoding=\"async\" class=\"size-medium wp-image-843\" src=\"http:\/\/www.schulezumroemerturm.de\/wp-content\/uploads\/2016\/04\/Sport_4-300x200.jpg\" alt=\"F\u00f6rderung der koordinativen F\u00e4higkeiten in einem Ger\u00e4teparcours.\" width=\"300\" height=\"200\" srcset=\"https:\/\/www.schulezumroemerturm.de\/wp-content\/uploads\/2016\/04\/Sport_4-300x200.jpg 300w, https:\/\/www.schulezumroemerturm.de\/wp-content\/uploads\/2016\/04\/Sport_4.jpg 1024w\" sizes=\"auto, (max-width: 300px) 100vw, 300px\" \/><figcaption id=\"caption-attachment-843\" class=\"wp-caption-text\">F\u00f6rderung der koordinativen F\u00e4higkeiten in einem Ger\u00e4teparcours.<\/figcaption><\/figure>\n","protected":false},"excerpt":{"rendered":"<p>Sport und Bewegung bilden an der Schule Zum R\u00f6merturm eine besondere Rolle in der Gestaltung des Schullebens. So arbeiten wir \u00fcber den eigentlichen Sportunterricht hinaus nach dem Konzept \u201eBewegte Schule\u201c, bei dem kleine Pausen im Schultag zur aktiven Bewegungspause genutzt werden, um Erholung und Spannungsabbau zu erm\u00f6glichen sowie dem Bewegungsbed\u00fcrfnis der Sch\u00fcler\/innen nach kognitiver Beanspruchung &hellip; <a href=\"https:\/\/www.schulezumroemerturm.de\/index.php\/sport\/\" class=\"more-link\"><span class=\"screen-reader-text\">Sport<\/span> weiterlesen <span class=\"meta-nav\">&rarr;<\/span><\/a><\/p>\n","protected":false},"author":2,"featured_media":0,"parent":0,"menu_order":0,"comment_status":"closed","ping_status":"closed","template":"","meta":{"footnotes":""},"class_list":["post-35","page","type-page","status-publish","hentry"],"_links":{"self":[{"href":"https:\/\/www.schulezumroemerturm.de\/index.php\/wp-json\/wp\/v2\/pages\/35","targetHints":{"allow":["GET"]}}],"collection":[{"href":"https:\/\/www.schulezumroemerturm.de\/index.php\/wp-json\/wp\/v2\/pages"}],"about":[{"href":"https:\/\/www.schulezumroemerturm.de\/index.php\/wp-json\/wp\/v2\/types\/page"}],"author":[{"embeddable":true,"href":"https:\/\/www.schulezumroemerturm.de\/index.php\/wp-json\/wp\/v2\/users\/2"}],"replies":[{"embeddable":true,"href":"https:\/\/www.schulezumroemerturm.de\/index.php\/wp-json\/wp\/v2\/comments?post=35"}],"version-history":[{"count":21,"href":"https:\/\/www.schulezumroemerturm.de\/index.php\/wp-json\/wp\/v2\/pages\/35\/revisions"}],"predecessor-version":[{"id":741,"href":"https:\/\/www.schulezumroemerturm.de\/index.php\/wp-json\/wp\/v2\/pages\/35\/revisions\/741"}],"wp:attachment":[{"href":"https:\/\/www.schulezumroemerturm.de\/index.php\/wp-json\/wp\/v2\/media?parent=35"}],"curies":[{"name":"wp","href":"https:\/\/api.w.org\/{rel}","templated":true}]}}