{"id":363,"date":"2016-04-28T10:44:24","date_gmt":"2016-04-28T08:44:24","guid":{"rendered":"http:\/\/www.schulezumroemerturm.de\/wordpress\/?page_id=363"},"modified":"2016-05-05T11:14:54","modified_gmt":"2016-05-05T09:14:54","slug":"ausbildung","status":"publish","type":"page","link":"https:\/\/www.schulezumroemerturm.de\/index.php\/ausbildung\/","title":{"rendered":"Ausbildung"},"content":{"rendered":"<h2 style=\"text-align: justify;\">Referendariat<\/h2>\n<p style=\"text-align: justify;\">Ausbildungsschwerpunkte f\u00fcr Lehramtsanw\u00e4rter\/innen an der Schule Zum R\u00f6merturm\u00a0sind:<\/p>\n<ul style=\"text-align: justify;\">\n<li>Sch\u00fclerkontakte und -beziehungen aufbauen und pflegen<\/li>\n<li>Unterricht planen, durchf\u00fchren und evaluieren<\/li>\n<li>Teamarbeit konstruktiv gestalten<\/li>\n<li>Klassenfahrten und Ausfl\u00fcge vorbereiten, planen, durchf\u00fchren und auswerten<\/li>\n<li>Feste vorbereiten und Feste feiern<\/li>\n<li>Elternkontakte pflegen<\/li>\n<li>Kooperationen mit anderen Institutionen<\/li>\n<li>Konferenzen mitgestalten<\/li>\n<\/ul>\n<p style=\"text-align: justify;\">Die Schule erwartet von Lehramtsanw\u00e4rtern und -anw\u00e4rterinnen neue Ideen und Impulse, Realisierung von Eigeninitiative, Bereitschaft zu Reflexion unter bestimmten, auch selbst gew\u00e4hlten Gesichtspunkten.<\/p>\n<p style=\"text-align: justify;\">Zurzeit sind an der Schule Zum R\u00f6merturm zwei\u00a0Lehramtsanw\u00e4rterinnen und ein Fachlehrer in Ausbildung in mehreren Klassen t\u00e4tig.<\/p>\n<p style=\"text-align: justify;\">Zur Unterrichtsarbeit geh\u00f6rt f\u00fcr sie die Arbeit im Team, d.h. Verteilung von Unterrichtsaufgaben, Absprache \u00fcber p\u00e4dagogische Zielsetzungen, Erstellung von F\u00f6rderpl\u00e4nen, Sch\u00fclerbeurteilungen, Methodenabsprachen, \u00dcbernahme von pflegerischen Aufgaben, Medikation etc. F\u00fcr die Ausbildung sind explizite Aufgaben als Klassenlehrer von Bedeutung: Stundenplanerstellung, Klassenbuchf\u00fchrung, Sch\u00fclerberichte, Zeugnisse, Elternkontakte und -abende, Materialbeschaffung, Ordnung halten, &#8230;<\/p>\n<p style=\"text-align: justify;\">Lehramtsanw\u00e4rter\/innen an unserer Schule sollen unser Diagnostikmaterial kennenlernen, sich damit auseinandersetzen und an einem Verfahren nach der Verordnung \u00fcber die sonderp\u00e4dagogische F\u00f6rderung\u00a0(AO-SF) teilnehmen. Bei der Erstellung von individuellen F\u00f6rderpl\u00e4nen, auch zur Feststellung des erh\u00f6hten sonderp\u00e4dagogischen F\u00f6rderbedarfs, bei den Zeugnissen, beim AO-SF, bei Elterngespr\u00e4chen etc. werden Lehramtsanw\u00e4rter\/innen einbezogen und aktiv beteiligt.<\/p>\n<p style=\"text-align: justify;\">Daneben besteht gerade im Referendariat erh\u00f6hter Bedarf an Beratung der eigenen Person (Teamprobleme, Sch\u00fclerverhalten, Lehrerrolle, &#8230;). Hier bietet das Konzept der Kollegialen Praxisberatung geeignete M\u00f6glichkeiten, weshalb Lehramtsw\u00e4rter\/innen dieses Arbeitskonzept kennenlernen.<br \/>\nDie Einf\u00fchrung von Ausbildungskonferenzen (f\u00fcr alle an der Ausbildung beteiligten Personen) dient zum Austausch, zur Erarbeitung von Beurteilungskriterien f\u00fcr die Mentorengutachten, zur Transparenz gegen\u00fcber Schulleitung, zur Kl\u00e4rung von Fragen, zur Standortbestimmung.<\/p>\n<p style=\"text-align: justify;\">Eine Besonderheit an der Schule Zum R\u00f6merturm bilden Ausbildungskonferenzen. An diesen nehmen die Lehramtsanw\u00e4rter\/innen, die Mentoren, die Ausbildungskoordinatorin und die Schulleiterin teil. Hier werden alle Belange, die mit der Ausbildung der Lehramtsanw\u00e4rter\/innen zu tun haben, besprochen und koordiniert. Dies k\u00f6nnen Neuerungen des Seminars betreffen, Probleme in den Ausbildungsklassen, W\u00fcnsche f\u00fcr weitere Ausbildungsinhalte, Inhalte f\u00fcr die Mentorengutachten u.v.m.. Die Konferenz wird durch die Ausbildungskoordinatorin einberufen und moderiert und findet mind. 2x im Schuljahr oder aus aktuellem Anlass statt.<\/p>\n<h2 style=\"text-align: justify;\">Praktikum<\/h2>\n<p style=\"text-align: justify;\">Die Schule Zum R\u00f6merturm\u00a0ist\u00a0 offen f\u00fcr Praktikantinnen und Praktikanten in verschiedenen Phasen ihrer Ausbildung. Je nachdem, zu welchem Zeitpunkt der Ausbildung ein Praktikum durchgef\u00fchrt wird, stehen noch das Kennenlernen und Mitmachen oder die eigene Unterrichtserfahrungen im Vordergrund. Grunds\u00e4tzlich steht im Mittelpunkt die aktive und gestaltende Mitarbeit am Schulleben.<\/p>\n","protected":false},"excerpt":{"rendered":"<p>Referendariat Ausbildungsschwerpunkte f\u00fcr Lehramtsanw\u00e4rter\/innen an der Schule Zum R\u00f6merturm\u00a0sind: Sch\u00fclerkontakte und -beziehungen aufbauen und pflegen Unterricht planen, durchf\u00fchren und evaluieren Teamarbeit konstruktiv gestalten Klassenfahrten und Ausfl\u00fcge vorbereiten, planen, durchf\u00fchren und auswerten Feste vorbereiten und Feste feiern Elternkontakte pflegen Kooperationen mit anderen Institutionen Konferenzen mitgestalten Die Schule erwartet von Lehramtsanw\u00e4rtern und -anw\u00e4rterinnen neue Ideen und Impulse, &hellip; <a href=\"https:\/\/www.schulezumroemerturm.de\/index.php\/ausbildung\/\" class=\"more-link\"><span class=\"screen-reader-text\">Ausbildung<\/span> weiterlesen <span class=\"meta-nav\">&rarr;<\/span><\/a><\/p>\n","protected":false},"author":2,"featured_media":0,"parent":0,"menu_order":0,"comment_status":"closed","ping_status":"closed","template":"","meta":{"footnotes":""},"class_list":["post-363","page","type-page","status-publish","hentry"],"_links":{"self":[{"href":"https:\/\/www.schulezumroemerturm.de\/index.php\/wp-json\/wp\/v2\/pages\/363","targetHints":{"allow":["GET"]}}],"collection":[{"href":"https:\/\/www.schulezumroemerturm.de\/index.php\/wp-json\/wp\/v2\/pages"}],"about":[{"href":"https:\/\/www.schulezumroemerturm.de\/index.php\/wp-json\/wp\/v2\/types\/page"}],"author":[{"embeddable":true,"href":"https:\/\/www.schulezumroemerturm.de\/index.php\/wp-json\/wp\/v2\/users\/2"}],"replies":[{"embeddable":true,"href":"https:\/\/www.schulezumroemerturm.de\/index.php\/wp-json\/wp\/v2\/comments?post=363"}],"version-history":[{"count":4,"href":"https:\/\/www.schulezumroemerturm.de\/index.php\/wp-json\/wp\/v2\/pages\/363\/revisions"}],"predecessor-version":[{"id":438,"href":"https:\/\/www.schulezumroemerturm.de\/index.php\/wp-json\/wp\/v2\/pages\/363\/revisions\/438"}],"wp:attachment":[{"href":"https:\/\/www.schulezumroemerturm.de\/index.php\/wp-json\/wp\/v2\/media?parent=363"}],"curies":[{"name":"wp","href":"https:\/\/api.w.org\/{rel}","templated":true}]}}