{"id":399,"date":"2016-05-04T15:25:00","date_gmt":"2016-05-04T13:25:00","guid":{"rendered":"http:\/\/www.schulezumroemerturm.de\/?page_id=399"},"modified":"2016-05-04T15:57:19","modified_gmt":"2016-05-04T13:57:19","slug":"erste-hilfe-kurs","status":"publish","type":"page","link":"https:\/\/www.schulezumroemerturm.de\/index.php\/erste-hilfe-kurs\/","title":{"rendered":"Erste-Hilfe-Kurs"},"content":{"rendered":"<p style=\"text-align: justify;\">Die Gesundheit der\u00a0Sch\u00fclerinnen und Sch\u00fcler sowie aller Mitarbeiterinnen und Mitarbeiter, liegt uns sehr am Herzen. Neben den zahlreichen pr\u00e4ventiven Ma\u00dfnahmen, die zum Wohlbefinden beitragen sollen, sorgen regelm\u00e4\u00dfige Fortbildungen im Bereich der Ersten-Hilfe\u00a0daf\u00fcr, dass\u00a0auch im Falle eines Unfalls oder Notfalls, immer jemand in der N\u00e4he\u00a0ist, der entsprechende Soforthilfema\u00dfnahmen einleiten kann.<\/p>\n<p style=\"text-align: justify;\">Die Mitarbeiterinnen und Mitarbeiter frischen alle zwei Jahre\u00a0ihre Kenntnisse der Sofortma\u00dfnahmen unter Anleitung einer professionellen Rettungssanit\u00e4terin auf. Neben allgemeinen Handgriffen und Ma\u00dfnahmen, die in Notf\u00e4llen wichtig sind, werden dort auch schulspezifische Abl\u00e4ufe gefestigt, zum Beispiel das korrekte Verhalten bei epileptischen Anf\u00e4llen.<\/p>\n<p><img loading=\"lazy\" decoding=\"async\" class=\"wp-image-413 alignleft\" src=\"http:\/\/www.schulezumroemerturm.de\/wp-content\/uploads\/2016\/05\/erstehilfekurs2015_9-300x225.jpg\" alt=\"erstehilfekurs2015_9\" width=\"265\" height=\"199\" srcset=\"https:\/\/www.schulezumroemerturm.de\/wp-content\/uploads\/2016\/05\/erstehilfekurs2015_9-300x225.jpg 300w, https:\/\/www.schulezumroemerturm.de\/wp-content\/uploads\/2016\/05\/erstehilfekurs2015_9.jpg 400w\" sizes=\"auto, (max-width: 265px) 100vw, 265px\" \/><\/p>\n<div class=\"mceTemp\">\u00a0Doch auch die Sch\u00fclerinnen und Sch\u00fcler ab der Oberstufe werden in regelm\u00e4\u00dfigen Abst\u00e4nden mit der Ersten-Hilfe konfrontiert. In Schulungen, die der Malteser Hilfsdienst\u00a0 durchf\u00fchrt, werden das Absetzen eines Notrufs, das Anlegen von Wundverb\u00e4nden, die stabile Seitenlage usw. ge\u00fcbt und gefestigt.<\/div>\n<p><img loading=\"lazy\" decoding=\"async\" class=\"wp-image-414 alignright\" src=\"http:\/\/www.schulezumroemerturm.de\/wp-content\/uploads\/2016\/05\/erstehilfekurs2015_4-225x300.jpg\" alt=\"erstehilfekurs2015_4\" width=\"209\" height=\"279\" srcset=\"https:\/\/www.schulezumroemerturm.de\/wp-content\/uploads\/2016\/05\/erstehilfekurs2015_4-225x300.jpg 225w, https:\/\/www.schulezumroemerturm.de\/wp-content\/uploads\/2016\/05\/erstehilfekurs2015_4.jpg 300w\" sizes=\"auto, (max-width: 209px) 100vw, 209px\" \/><\/p>\n<p style=\"text-align: justify;\">\n","protected":false},"excerpt":{"rendered":"<p>Die Gesundheit der\u00a0Sch\u00fclerinnen und Sch\u00fcler sowie aller Mitarbeiterinnen und Mitarbeiter, liegt uns sehr am Herzen. Neben den zahlreichen pr\u00e4ventiven Ma\u00dfnahmen, die zum Wohlbefinden beitragen sollen, sorgen regelm\u00e4\u00dfige Fortbildungen im Bereich der Ersten-Hilfe\u00a0daf\u00fcr, dass\u00a0auch im Falle eines Unfalls oder Notfalls, immer jemand in der N\u00e4he\u00a0ist, der entsprechende Soforthilfema\u00dfnahmen einleiten kann. Die Mitarbeiterinnen und Mitarbeiter frischen alle &hellip; <a href=\"https:\/\/www.schulezumroemerturm.de\/index.php\/erste-hilfe-kurs\/\" class=\"more-link\"><span class=\"screen-reader-text\">Erste-Hilfe-Kurs<\/span> weiterlesen <span class=\"meta-nav\">&rarr;<\/span><\/a><\/p>\n","protected":false},"author":2,"featured_media":0,"parent":0,"menu_order":0,"comment_status":"closed","ping_status":"closed","template":"","meta":{"footnotes":""},"class_list":["post-399","page","type-page","status-publish","hentry"],"_links":{"self":[{"href":"https:\/\/www.schulezumroemerturm.de\/index.php\/wp-json\/wp\/v2\/pages\/399","targetHints":{"allow":["GET"]}}],"collection":[{"href":"https:\/\/www.schulezumroemerturm.de\/index.php\/wp-json\/wp\/v2\/pages"}],"about":[{"href":"https:\/\/www.schulezumroemerturm.de\/index.php\/wp-json\/wp\/v2\/types\/page"}],"author":[{"embeddable":true,"href":"https:\/\/www.schulezumroemerturm.de\/index.php\/wp-json\/wp\/v2\/users\/2"}],"replies":[{"embeddable":true,"href":"https:\/\/www.schulezumroemerturm.de\/index.php\/wp-json\/wp\/v2\/comments?post=399"}],"version-history":[{"count":8,"href":"https:\/\/www.schulezumroemerturm.de\/index.php\/wp-json\/wp\/v2\/pages\/399\/revisions"}],"predecessor-version":[{"id":421,"href":"https:\/\/www.schulezumroemerturm.de\/index.php\/wp-json\/wp\/v2\/pages\/399\/revisions\/421"}],"wp:attachment":[{"href":"https:\/\/www.schulezumroemerturm.de\/index.php\/wp-json\/wp\/v2\/media?parent=399"}],"curies":[{"name":"wp","href":"https:\/\/api.w.org\/{rel}","templated":true}]}}