{"id":4163,"date":"2020-08-26T14:28:28","date_gmt":"2020-08-26T12:28:28","guid":{"rendered":"http:\/\/www.schulezumroemerturm.de\/?page_id=4163"},"modified":"2020-12-17T08:26:34","modified_gmt":"2020-12-17T07:26:34","slug":"schulcloud-anleitungen-fuer-lehrer","status":"publish","type":"page","link":"https:\/\/www.schulezumroemerturm.de\/index.php\/schulcloud-anleitungen-fuer-lehrer\/","title":{"rendered":"SchulCloud Anleitungen f\u00fcr Lehrer"},"content":{"rendered":"<p>&nbsp;<\/p>\n<p>Auf dieser Seite findet ihr einige Videos mit Anleitungen zur Nutzung der Schulcloud. Diese Seite wird in unregelm\u00e4\u00dfigen Abst\u00e4nden \u00a0um neue Videos erg\u00e4nzt.<\/p>\n<p>Wie kann ich mich bei der SchulCloud registrieren?<\/p>\n<p><iframe loading=\"lazy\" title=\"Registrierung bei der Schulcloud f\u00fcr Lehrpersonen\" width=\"474\" height=\"267\" src=\"https:\/\/www.youtube.com\/embed\/i-lorrpAZ-c?feature=oembed\" frameborder=\"0\" allow=\"accelerometer; autoplay; clipboard-write; encrypted-media; gyroscope; picture-in-picture; web-share\" referrerpolicy=\"strict-origin-when-cross-origin\" allowfullscreen><\/iframe><\/p>\n<p>Wie kann ich eine eigene Gruppe (Channel) erstellen?<\/p>\n<p><iframe loading=\"lazy\" title=\"Eine Gruppe (Channel) erstellen\" width=\"474\" height=\"267\" src=\"https:\/\/www.youtube.com\/embed\/x2xkbV3btAM?feature=oembed\" frameborder=\"0\" allow=\"accelerometer; autoplay; clipboard-write; encrypted-media; gyroscope; picture-in-picture; web-share\" referrerpolicy=\"strict-origin-when-cross-origin\" allowfullscreen><\/iframe><\/p>\n<p>Wie kann ich den Channel so einstellen, dass Eltern etwas schreiben k\u00f6nnen?<\/p>\n<p><iframe loading=\"lazy\" title=\"Elternchannel zum Schreiben freigeben\" width=\"474\" height=\"267\" src=\"https:\/\/www.youtube.com\/embed\/ep6ECtKVIf8?feature=oembed\" frameborder=\"0\" allow=\"accelerometer; autoplay; clipboard-write; encrypted-media; gyroscope; picture-in-picture; web-share\" referrerpolicy=\"strict-origin-when-cross-origin\" allowfullscreen><\/iframe><\/p>\n<p>Wie kann ich eine Videokonferenz erstellen?<\/p>\n<p><iframe loading=\"lazy\" title=\"So erstellt ihr eine Videokonferenz mit der SchulCloud\" width=\"474\" height=\"267\" src=\"https:\/\/www.youtube.com\/embed\/NOkD43ssExI?feature=oembed\" frameborder=\"0\" allow=\"accelerometer; autoplay; clipboard-write; encrypted-media; gyroscope; picture-in-picture; web-share\" referrerpolicy=\"strict-origin-when-cross-origin\" allowfullscreen><\/iframe><\/p>\n<p>Ich habe meine Passw\u00f6rter vergessen &#8211; was jetzt?<\/p>\n<p><iframe loading=\"lazy\" title=\"So erneuert man die Passw\u00f6rter f\u00fcr die SchulCloud\" width=\"474\" height=\"267\" src=\"https:\/\/www.youtube.com\/embed\/pm4bEfMBRYw?feature=oembed\" frameborder=\"0\" allow=\"accelerometer; autoplay; clipboard-write; encrypted-media; gyroscope; picture-in-picture; web-share\" referrerpolicy=\"strict-origin-when-cross-origin\" allowfullscreen><\/iframe><\/p>\n","protected":false},"excerpt":{"rendered":"<p>&nbsp; Auf dieser Seite findet ihr einige Videos mit Anleitungen zur Nutzung der Schulcloud. Diese Seite wird in unregelm\u00e4\u00dfigen Abst\u00e4nden \u00a0um neue Videos erg\u00e4nzt. Wie kann ich mich bei der SchulCloud registrieren? Wie kann ich eine eigene Gruppe (Channel) erstellen? Wie kann ich den Channel so einstellen, dass Eltern etwas schreiben k\u00f6nnen? Wie kann ich &hellip; <a href=\"https:\/\/www.schulezumroemerturm.de\/index.php\/schulcloud-anleitungen-fuer-lehrer\/\" class=\"more-link\"><span class=\"screen-reader-text\">SchulCloud Anleitungen f\u00fcr Lehrer<\/span> weiterlesen <span class=\"meta-nav\">&rarr;<\/span><\/a><\/p>\n","protected":false},"author":2,"featured_media":0,"parent":0,"menu_order":0,"comment_status":"closed","ping_status":"closed","template":"","meta":{"footnotes":""},"class_list":["post-4163","page","type-page","status-publish","hentry"],"_links":{"self":[{"href":"https:\/\/www.schulezumroemerturm.de\/index.php\/wp-json\/wp\/v2\/pages\/4163","targetHints":{"allow":["GET"]}}],"collection":[{"href":"https:\/\/www.schulezumroemerturm.de\/index.php\/wp-json\/wp\/v2\/pages"}],"about":[{"href":"https:\/\/www.schulezumroemerturm.de\/index.php\/wp-json\/wp\/v2\/types\/page"}],"author":[{"embeddable":true,"href":"https:\/\/www.schulezumroemerturm.de\/index.php\/wp-json\/wp\/v2\/users\/2"}],"replies":[{"embeddable":true,"href":"https:\/\/www.schulezumroemerturm.de\/index.php\/wp-json\/wp\/v2\/comments?post=4163"}],"version-history":[{"count":7,"href":"https:\/\/www.schulezumroemerturm.de\/index.php\/wp-json\/wp\/v2\/pages\/4163\/revisions"}],"predecessor-version":[{"id":4498,"href":"https:\/\/www.schulezumroemerturm.de\/index.php\/wp-json\/wp\/v2\/pages\/4163\/revisions\/4498"}],"wp:attachment":[{"href":"https:\/\/www.schulezumroemerturm.de\/index.php\/wp-json\/wp\/v2\/media?parent=4163"}],"curies":[{"name":"wp","href":"https:\/\/api.w.org\/{rel}","templated":true}]}}