{"id":439,"date":"2016-05-05T11:38:57","date_gmt":"2016-05-05T09:38:57","guid":{"rendered":"http:\/\/www.schulezumroemerturm.de\/?page_id=439"},"modified":"2016-10-10T19:07:31","modified_gmt":"2016-10-10T17:07:31","slug":"preistraeger-gute-gesunde-schule","status":"publish","type":"page","link":"https:\/\/www.schulezumroemerturm.de\/index.php\/preistraeger-gute-gesunde-schule\/","title":{"rendered":"Preistr\u00e4ger Gute Gesunde Schule"},"content":{"rendered":"<p style=\"text-align: justify;\"><span style=\"font-size: 16px;\">In den Jahren 2011, 2013 sowie 2016 konnten wir den Schulentwicklungspreis &#8222;Gute Gesunde Schule&#8220; der Unfallkasse NRW gewinnen.<\/span><\/p>\n<p style=\"text-align: justify;\"><span style=\"color: #000000; font-size: 16px;\"><a style=\"color: #000000; text-decoration: underline;\" href=\"http:\/\/www.schulentwicklungspreis.de\">Er wird an Schulen in Nordrhein-Westfalen vergeben, die Gesundheitsf\u00f6rderung und Pr\u00e4vention in die Entwicklung ihrer Qualit\u00e4t integrieren. Er zeichnet Schulen f\u00fcr ihre gute Arbeit aus und f\u00f6rdert die Verbreitung guter gesunder Schulpraxis.<\/a><\/span><\/p>\n<figure id=\"attachment_440\" aria-describedby=\"caption-attachment-440\" style=\"width: 300px\" class=\"wp-caption alignnone\"><img loading=\"lazy\" decoding=\"async\" class=\"wp-image-440 size-medium\" src=\"http:\/\/www.schulezumroemerturm.de\/wp-content\/uploads\/2016\/05\/gute-gesunde-schule-300x225.jpg\" alt=\"gute gesunde schule\" width=\"300\" height=\"225\" srcset=\"https:\/\/www.schulezumroemerturm.de\/wp-content\/uploads\/2016\/05\/gute-gesunde-schule-300x225.jpg 300w, https:\/\/www.schulezumroemerturm.de\/wp-content\/uploads\/2016\/05\/gute-gesunde-schule.jpg 717w\" sizes=\"auto, (max-width: 300px) 100vw, 300px\" \/><figcaption id=\"caption-attachment-440\" class=\"wp-caption-text\">Schulleiterin Monika Christoffels (mitte) freute sich 2011 mit der Elternpflegschaftsvorsitzenden, dem Sch\u00fclersprecher (v.l.) sowie Vertretern der Politik \u00fcber die Auszeichnung &#8222;Gute Gesunde Schule&#8220;<\/figcaption><\/figure>\n<figure id=\"attachment_1166\" aria-describedby=\"caption-attachment-1166\" style=\"width: 300px\" class=\"wp-caption alignright\"><img loading=\"lazy\" decoding=\"async\" class=\"wp-image-1166 size-medium\" src=\"http:\/\/www.schulezumroemerturm.de\/wp-content\/uploads\/2016\/10\/GGS_Preisverleihung_3-300x238.jpg\" alt=\"ggs_preisverleihung_3\" width=\"300\" height=\"238\" srcset=\"https:\/\/www.schulezumroemerturm.de\/wp-content\/uploads\/2016\/10\/GGS_Preisverleihung_3-300x238.jpg 300w, https:\/\/www.schulezumroemerturm.de\/wp-content\/uploads\/2016\/10\/GGS_Preisverleihung_3.jpg 1024w\" sizes=\"auto, (max-width: 300px) 100vw, 300px\" \/><figcaption id=\"caption-attachment-1166\" class=\"wp-caption-text\">Schulministerin Sylvia L\u00f6hrmann \u00fcberreicht den Schulentwicklungspreis. Damit konnten wir die Auszeichnung bereits zum dritten Mal entgegennehmen.<\/figcaption><\/figure>\n<p style=\"text-align: justify;\"><span style=\"font-size: 16px;\">Am 21.09.2016 durften Sch\u00fclersprecher Dogukan Akkamis und Schulleiterin Monika Christoffels dann tats\u00e4chlich den mit 6350 \u20ac dotierten Preis aus den H\u00e4nden von Schulministerin Sylvia L\u00f6hrmann als einzige F\u00f6rderschule im Regierungsbezirk K\u00f6ln entgegen nehmen. 217 Schulen hatten sich beworben, 44 erhielten letztendlich den Preis. Begleitet wurden die beiden von der Leiterin der Schulverwaltung, Renate Fremerey, der Schulpflegschafstvorsitzenden Claudia Trillges und Janina Goldberg, die f\u00fcr die Lehrpersonen flei\u00dfig an der schriftlichen Bewerbung mitgearbeitet hat. \u00dcberreicht wurde der Preis in den wundersch\u00f6nen R\u00e4umen der Wuppertaler Stadthalle mit einem sch\u00f6nen Programm und anschlie\u00dfend leckerem Essen.Ein ganzes Jahr dauerte der dreistufige Bewerbungsprozess, in denen alle Konzepte zur nachhaltigen gesundheitsf\u00f6rderlichen Schulentwicklung schriftlich nachgewiesen werden mussten. Zum Schluss fand ein sechst\u00fcndiges Gespr\u00e4ch und ein Rundgang in der Schule Zum R\u00f6merturm mit zwei Pr\u00fcfern statt. Das Ergebnis l\u00e4sst sich aus unserer Sicht wirklich sehen:<\/span><br \/>\n<span style=\"font-size: 16px;\">Besonders positiv ist den Pr\u00fcfern aufgefallen:<\/span><\/p>\n<ul style=\"text-align: justify;\">\n<li style=\"text-align: justify;\"><span style=\"font-size: 16px;\">dass die Sch\u00fcler\/innen und Eltern in hohem Ma\u00dfe an allen Entwicklungsplanungen der Schule beteiligt sind.<\/span><\/li>\n<li style=\"text-align: justify;\"><span style=\"font-size: 16px;\">dass es gute Teamstrukturen gibt, die daf\u00fcr sorgen, dass an allen zentralen Themen systemisch und konstruktiv gearbeitet wird, und auch wenn man mal unterschiedlicher Meinung ist, es zu guten L\u00f6sungen kommt<\/span><\/li>\n<li style=\"text-align: justify;\"><span style=\"font-size: 16px;\">dass alle, die in der Schule Zum R\u00f6merturm lernen oder arbeiten, sehr zufrieden sind.<\/span><\/li>\n<\/ul>\n<p style=\"text-align: justify;\"><span style=\"font-size: 16px;\">Und so haben die Pr\u00fcfer es zusammengefasst:<\/span><br \/>\n<span style=\"font-size: 16px;\"><em>&#8222;In wesentlichen Bereichen leistet die Schule Zum R\u00f6merturm eine aus unserer Sicht hervorragende Schulentwicklungsarbeit, die nicht nur zentrale Aspekte der gelungenen Qualit\u00e4tssicherung, sondern auch die zielgerichtete Einbindung gesundheitsrelevanter Themen in die Gesamtentwicklung beinhaltet und die eine Auszeichnung mit dem Schulentwicklungspreis Gute Gesunde Schule rechtfertigt.&#8220;<\/em><\/span><\/p>\n","protected":false},"excerpt":{"rendered":"<p>In den Jahren 2011, 2013 sowie 2016 konnten wir den Schulentwicklungspreis &#8222;Gute Gesunde Schule&#8220; der Unfallkasse NRW gewinnen. Er wird an Schulen in Nordrhein-Westfalen vergeben, die Gesundheitsf\u00f6rderung und Pr\u00e4vention in die Entwicklung ihrer Qualit\u00e4t integrieren. Er zeichnet Schulen f\u00fcr ihre gute Arbeit aus und f\u00f6rdert die Verbreitung guter gesunder Schulpraxis. Am 21.09.2016 durften Sch\u00fclersprecher Dogukan &hellip; <a href=\"https:\/\/www.schulezumroemerturm.de\/index.php\/preistraeger-gute-gesunde-schule\/\" class=\"more-link\"><span class=\"screen-reader-text\">Preistr\u00e4ger Gute Gesunde Schule<\/span> weiterlesen <span class=\"meta-nav\">&rarr;<\/span><\/a><\/p>\n","protected":false},"author":2,"featured_media":0,"parent":0,"menu_order":0,"comment_status":"closed","ping_status":"closed","template":"","meta":{"footnotes":""},"class_list":["post-439","page","type-page","status-publish","hentry"],"_links":{"self":[{"href":"https:\/\/www.schulezumroemerturm.de\/index.php\/wp-json\/wp\/v2\/pages\/439","targetHints":{"allow":["GET"]}}],"collection":[{"href":"https:\/\/www.schulezumroemerturm.de\/index.php\/wp-json\/wp\/v2\/pages"}],"about":[{"href":"https:\/\/www.schulezumroemerturm.de\/index.php\/wp-json\/wp\/v2\/types\/page"}],"author":[{"embeddable":true,"href":"https:\/\/www.schulezumroemerturm.de\/index.php\/wp-json\/wp\/v2\/users\/2"}],"replies":[{"embeddable":true,"href":"https:\/\/www.schulezumroemerturm.de\/index.php\/wp-json\/wp\/v2\/comments?post=439"}],"version-history":[{"count":7,"href":"https:\/\/www.schulezumroemerturm.de\/index.php\/wp-json\/wp\/v2\/pages\/439\/revisions"}],"predecessor-version":[{"id":1187,"href":"https:\/\/www.schulezumroemerturm.de\/index.php\/wp-json\/wp\/v2\/pages\/439\/revisions\/1187"}],"wp:attachment":[{"href":"https:\/\/www.schulezumroemerturm.de\/index.php\/wp-json\/wp\/v2\/media?parent=439"}],"curies":[{"name":"wp","href":"https:\/\/api.w.org\/{rel}","templated":true}]}}