{"id":449,"date":"2016-05-06T12:51:27","date_gmt":"2016-05-06T10:51:27","guid":{"rendered":"http:\/\/www.schulezumroemerturm.de\/?page_id=449"},"modified":"2020-04-03T12:21:04","modified_gmt":"2020-04-03T10:21:04","slug":"unterricht","status":"publish","type":"page","link":"https:\/\/www.schulezumroemerturm.de\/index.php\/unterricht\/","title":{"rendered":"Unterricht"},"content":{"rendered":"<p style=\"text-align: justify;\">Unsere Sch\u00fclerinnen und Sch\u00fcler finden bei uns einen klar strukturierten Tag vor. Nach Ankunft der Kinder, Jugendlichen und jungen Erwachsenen\u00a0in den einzelnen Klassen, beginnt der Tag zun\u00e4chst mit einem reichhaltigen <a href=\"http:\/\/www.schulezumroemerturm.de\/index.php\/gesunde-ernaehrung\/\">Fr\u00fchst\u00fcck<\/a>. Um 8:45 Uhr wird dann \u00a0der erste, 90-min\u00fctige Unterrichtsblock eingel\u00e4utet. Nach der Fr\u00fchst\u00fcckspause startet die zweite Unterrichtsphase um 10:35 Uhr, \u00a0bis in den Klassen gegen 12 Uhr schlie\u00dflich die Vorbereitungen f\u00fcr das Mittagessen beginnen (Essen aus der K\u00fcche holen, Tisch decken, Getr\u00e4nke zubereiten, Obst sch\u00e4len etc.). In der Hofpause und in den Angeboten der <a href=\"http:\/\/www.schulezumroemerturm.de\/index.php\/aktive-pause\/\">Aktiven Pause<\/a> (13 bis 13:30 Uhr) k\u00f6nnen sich die Sch\u00fclerinnen und Sch\u00fcler mit ihren Freunden treffen, spielen, quatschen und sich vom Einsatz der Lehrerinnen und Lehrer erholen \ud83d\ude09 . Der letzte Unterrichtsblock findet statt von 13:30 bis 14:55 Uhr, bevor sich die Sch\u00fclerinnen und Sch\u00fcler um 15 Uhr wieder auf den Heimweg machen d\u00fcrfen.<\/p>\n<h2 style=\"text-align: justify;\">\u00dcbersicht \u00fcber den Tagesablauf<\/h2>\n<table style=\"width: 473px;\">\n<tbody>\n<tr>\n<td style=\"width: 130px;\"><strong>Zeit<\/strong><\/td>\n<td style=\"width: 309px;\"><strong>Inhalt<\/strong><\/td>\n<\/tr>\n<tr>\n<td style=\"width: 130px;\">8 &#8211; 8:15 Uhr<\/td>\n<td style=\"width: 309px;\">Ankunft der Sch\u00fcler<\/td>\n<\/tr>\n<tr>\n<td style=\"width: 130px;\">8:15 &#8211; 8:45 Uhr<\/td>\n<td style=\"width: 309px;\">Fr\u00fchst\u00fcck<\/td>\n<\/tr>\n<tr>\n<td style=\"width: 130px;\">8:45 &#8211; 10:15 Uhr<\/td>\n<td style=\"width: 309px;\">Erster Unterrichtsblock<\/td>\n<\/tr>\n<tr>\n<td style=\"width: 130px;\">10:15 &#8211; 10:35 Uhr<\/td>\n<td style=\"width: 309px;\">Fr\u00fchst\u00fcckspause<\/td>\n<\/tr>\n<tr>\n<td style=\"width: 130px;\">10:35 &#8211; 12:05 Uhr<\/td>\n<td style=\"width: 309px;\">Zweiter Unterrichtsblock<\/td>\n<\/tr>\n<tr>\n<td style=\"width: 130px;\">12:05 &#8211; 13 Uhr<\/td>\n<td style=\"width: 309px;\">Mittagszeit (Einname des Mittagessens und Durchf\u00fchrung der Dienste, wie Sp\u00fclmaschinendienst, Tisch decken, Tisch abwischen etc.)<\/td>\n<\/tr>\n<tr>\n<td style=\"width: 130px;\">13 &#8211; 13:30 Uhr<\/td>\n<td style=\"width: 309px;\">Hofpause und Angebote der Aktiven Pause<\/td>\n<\/tr>\n<tr>\n<td style=\"width: 130px;\">13:30 &#8211; 14:45<\/td>\n<td style=\"width: 309px;\">Dritter Unterrichtsblock<\/td>\n<\/tr>\n<tr>\n<td style=\"width: 130px;\">14:45 &#8211; 15 Uhr<\/td>\n<td style=\"width: 309px;\">Abschluss-\/Reflexionsrunden, Verteilen der Mitteilungshefte etc.<\/td>\n<\/tr>\n<tr>\n<td style=\"width: 130px;\">15 Uhr<\/td>\n<td style=\"width: 309px;\">Schulschluss<\/td>\n<\/tr>\n<tr>\n<td style=\"width: 130px;\">15:00 &#8211; 15:15 Uhr<\/td>\n<td style=\"width: 309px;\">Abfahrt der Busse<\/td>\n<\/tr>\n<\/tbody>\n<\/table>\n<p>Hier gibt es n\u00e4here Informationen zu den einzelnen Unterrichtsf\u00e4chern:<\/p>\n<table>\n<tbody>\n<tr style=\"height: 18px;\">\n<td style=\"height: 18px;\"><a href=\"http:\/\/www.schulezumroemerturm.de\/index.php\/deutsch\/\">Deutsch<\/a><\/td>\n<td style=\"height: 18px;\"><a href=\"http:\/\/www.schulezumroemerturm.de\/index.php\/mathematik\/\">Mathematik<\/a><\/td>\n<td style=\"height: 18px;\"><a href=\"http:\/\/www.schulezumroemerturm.de\/index.php\/sachunterricht\/\">Sachunterricht<\/a><\/td>\n<td style=\"height: 18px;\"><a href=\"http:\/\/www.schulezumroemerturm.de\/index.php\/sport\/\">Sport<\/a><\/td>\n<\/tr>\n<tr style=\"height: 18px;\">\n<td style=\"height: 18px;\"><a href=\"http:\/\/www.schulezumroemerturm.de\/index.php\/musik\/\">Musik<\/a><\/td>\n<td style=\"height: 18px;\"><a href=\"http:\/\/www.schulezumroemerturm.de\/index.php\/religioese-erziehung-und-ethik\/\">Religion\/Ethik<\/a><\/td>\n<td style=\"height: 18px;\"><a href=\"http:\/\/www.schulezumroemerturm.de\/index.php\/kunst\/\">Kunst<\/a><\/td>\n<td style=\"height: 18px;\"><a href=\"http:\/\/www.schulezumroemerturm.de\/index.php\/berufspraxisstufe\/\">Inhalte der BS-Stufen<\/a><\/td>\n<\/tr>\n<\/tbody>\n<\/table>\n<p>&nbsp;<\/p>\n","protected":false},"excerpt":{"rendered":"<p>Unsere Sch\u00fclerinnen und Sch\u00fcler finden bei uns einen klar strukturierten Tag vor. Nach Ankunft der Kinder, Jugendlichen und jungen Erwachsenen\u00a0in den einzelnen Klassen, beginnt der Tag zun\u00e4chst mit einem reichhaltigen Fr\u00fchst\u00fcck. Um 8:45 Uhr wird dann \u00a0der erste, 90-min\u00fctige Unterrichtsblock eingel\u00e4utet. Nach der Fr\u00fchst\u00fcckspause startet die zweite Unterrichtsphase um 10:35 Uhr, \u00a0bis in den Klassen &hellip; <a href=\"https:\/\/www.schulezumroemerturm.de\/index.php\/unterricht\/\" class=\"more-link\"><span class=\"screen-reader-text\">Unterricht<\/span> weiterlesen <span class=\"meta-nav\">&rarr;<\/span><\/a><\/p>\n","protected":false},"author":2,"featured_media":0,"parent":0,"menu_order":0,"comment_status":"closed","ping_status":"closed","template":"","meta":{"footnotes":""},"class_list":["post-449","page","type-page","status-publish","hentry"],"_links":{"self":[{"href":"https:\/\/www.schulezumroemerturm.de\/index.php\/wp-json\/wp\/v2\/pages\/449","targetHints":{"allow":["GET"]}}],"collection":[{"href":"https:\/\/www.schulezumroemerturm.de\/index.php\/wp-json\/wp\/v2\/pages"}],"about":[{"href":"https:\/\/www.schulezumroemerturm.de\/index.php\/wp-json\/wp\/v2\/types\/page"}],"author":[{"embeddable":true,"href":"https:\/\/www.schulezumroemerturm.de\/index.php\/wp-json\/wp\/v2\/users\/2"}],"replies":[{"embeddable":true,"href":"https:\/\/www.schulezumroemerturm.de\/index.php\/wp-json\/wp\/v2\/comments?post=449"}],"version-history":[{"count":6,"href":"https:\/\/www.schulezumroemerturm.de\/index.php\/wp-json\/wp\/v2\/pages\/449\/revisions"}],"predecessor-version":[{"id":3859,"href":"https:\/\/www.schulezumroemerturm.de\/index.php\/wp-json\/wp\/v2\/pages\/449\/revisions\/3859"}],"wp:attachment":[{"href":"https:\/\/www.schulezumroemerturm.de\/index.php\/wp-json\/wp\/v2\/media?parent=449"}],"curies":[{"name":"wp","href":"https:\/\/api.w.org\/{rel}","templated":true}]}}