{"id":455,"date":"2016-05-06T14:42:27","date_gmt":"2016-05-06T12:42:27","guid":{"rendered":"http:\/\/www.schulezumroemerturm.de\/?page_id=455"},"modified":"2016-05-06T14:42:27","modified_gmt":"2016-05-06T12:42:27","slug":"therapien","status":"publish","type":"page","link":"https:\/\/www.schulezumroemerturm.de\/index.php\/therapien\/","title":{"rendered":"Therapien"},"content":{"rendered":"<p style=\"text-align: justify;\">Viele unserer Sch\u00fclerinnen und Sch\u00fcler sind auf therapeutische Ma\u00dfnahmen angewiesen, die Ihnen helfen sollen, ihren Alltag besser zu meistern, ihre motorischen Kompetenzen\u00a0zu erweitern bzw. beizubehalten oder ihre kommunikativen F\u00e4higkeiten zu verbessern. Dazu arbeitet die Schule Zum R\u00f6merturm eng mit externen Therapeutinnen und Therapeuten unterschiedlicher Fachbereiche zusammen. So werden Ma\u00dfnahmen der <a href=\"http:\/\/www.schulezumroemerturm.de\/index.php\/ergotherapie\/\">Ergo<\/a>&#8211; und <a href=\"http:\/\/www.schulezumroemerturm.de\/index.php\/sprachtherapie\/\">Sprachtherapie<\/a> ebenso vor Ort angeboten, wie <a href=\"http:\/\/www.schulezumroemerturm.de\/index.php\/krankengymnastik\/\">Krankengymnastik und Physiotherapie<\/a>. Die Sch\u00fclerinnen und Sch\u00fcler sparen sich daher noch zeitraubende Termine nach der Schule und k\u00f6nnen stattdessen in der Schule ihre Therapieeinheiten wahrnehmen.<\/p>\n","protected":false},"excerpt":{"rendered":"<p>Viele unserer Sch\u00fclerinnen und Sch\u00fcler sind auf therapeutische Ma\u00dfnahmen angewiesen, die Ihnen helfen sollen, ihren Alltag besser zu meistern, ihre motorischen Kompetenzen\u00a0zu erweitern bzw. beizubehalten oder ihre kommunikativen F\u00e4higkeiten zu verbessern. Dazu arbeitet die Schule Zum R\u00f6merturm eng mit externen Therapeutinnen und Therapeuten unterschiedlicher Fachbereiche zusammen. So werden Ma\u00dfnahmen der Ergo&#8211; und Sprachtherapie ebenso vor &hellip; <a href=\"https:\/\/www.schulezumroemerturm.de\/index.php\/therapien\/\" class=\"more-link\"><span class=\"screen-reader-text\">Therapien<\/span> weiterlesen <span class=\"meta-nav\">&rarr;<\/span><\/a><\/p>\n","protected":false},"author":2,"featured_media":0,"parent":0,"menu_order":0,"comment_status":"closed","ping_status":"closed","template":"","meta":{"footnotes":""},"class_list":["post-455","page","type-page","status-publish","hentry"],"_links":{"self":[{"href":"https:\/\/www.schulezumroemerturm.de\/index.php\/wp-json\/wp\/v2\/pages\/455","targetHints":{"allow":["GET"]}}],"collection":[{"href":"https:\/\/www.schulezumroemerturm.de\/index.php\/wp-json\/wp\/v2\/pages"}],"about":[{"href":"https:\/\/www.schulezumroemerturm.de\/index.php\/wp-json\/wp\/v2\/types\/page"}],"author":[{"embeddable":true,"href":"https:\/\/www.schulezumroemerturm.de\/index.php\/wp-json\/wp\/v2\/users\/2"}],"replies":[{"embeddable":true,"href":"https:\/\/www.schulezumroemerturm.de\/index.php\/wp-json\/wp\/v2\/comments?post=455"}],"version-history":[{"count":1,"href":"https:\/\/www.schulezumroemerturm.de\/index.php\/wp-json\/wp\/v2\/pages\/455\/revisions"}],"predecessor-version":[{"id":456,"href":"https:\/\/www.schulezumroemerturm.de\/index.php\/wp-json\/wp\/v2\/pages\/455\/revisions\/456"}],"wp:attachment":[{"href":"https:\/\/www.schulezumroemerturm.de\/index.php\/wp-json\/wp\/v2\/media?parent=455"}],"curies":[{"name":"wp","href":"https:\/\/api.w.org\/{rel}","templated":true}]}}