{"id":458,"date":"2016-05-06T14:53:35","date_gmt":"2016-05-06T12:53:35","guid":{"rendered":"http:\/\/www.schulezumroemerturm.de\/?page_id=458"},"modified":"2016-05-06T14:53:35","modified_gmt":"2016-05-06T12:53:35","slug":"konzepte","status":"publish","type":"page","link":"https:\/\/www.schulezumroemerturm.de\/index.php\/konzepte\/","title":{"rendered":"Konzepte"},"content":{"rendered":"<p style=\"text-align: justify;\">Die Heterogenit\u00e4t der Sch\u00fclerschaft an der Schule Zum R\u00f6merturm motivieren das Lehrerkollegium, stets neue p\u00e4dagogische Konzepte und Herangehensweisen zu entwickeln und zu erproben. Egal ob Sch\u00fclerinnen und Sch\u00fcler mit herausforderndem Verhalten, mit Autismus-Spektrum-St\u00f6rungen oder mit erh\u00f6htem sonderp\u00e4dagogischen F\u00f6rderbedarf. Jedes Kind, jeder Jugendliche und jeder junge Erwachsene, erh\u00e4lt an der Schule die F\u00f6rderung, die f\u00fcr ihn individuell von Bedeutung ist.<\/p>\n<p style=\"text-align: justify;\">Ferner gibt es\u00a0klare Regelungen zum Umgang mit Unterrichtsst\u00f6rungen,\u00a0wie auch\u00a0eine gut strukturierte Ausbildungskonzeption, die allen Referendarinnen und Referendaren sowie allen Praktikanten zu Gute kommt.<\/p>\n","protected":false},"excerpt":{"rendered":"<p>Die Heterogenit\u00e4t der Sch\u00fclerschaft an der Schule Zum R\u00f6merturm motivieren das Lehrerkollegium, stets neue p\u00e4dagogische Konzepte und Herangehensweisen zu entwickeln und zu erproben. Egal ob Sch\u00fclerinnen und Sch\u00fcler mit herausforderndem Verhalten, mit Autismus-Spektrum-St\u00f6rungen oder mit erh\u00f6htem sonderp\u00e4dagogischen F\u00f6rderbedarf. Jedes Kind, jeder Jugendliche und jeder junge Erwachsene, erh\u00e4lt an der Schule die F\u00f6rderung, die f\u00fcr ihn &hellip; <a href=\"https:\/\/www.schulezumroemerturm.de\/index.php\/konzepte\/\" class=\"more-link\"><span class=\"screen-reader-text\">Konzepte<\/span> weiterlesen <span class=\"meta-nav\">&rarr;<\/span><\/a><\/p>\n","protected":false},"author":2,"featured_media":0,"parent":0,"menu_order":0,"comment_status":"closed","ping_status":"closed","template":"","meta":{"footnotes":""},"class_list":["post-458","page","type-page","status-publish","hentry"],"_links":{"self":[{"href":"https:\/\/www.schulezumroemerturm.de\/index.php\/wp-json\/wp\/v2\/pages\/458","targetHints":{"allow":["GET"]}}],"collection":[{"href":"https:\/\/www.schulezumroemerturm.de\/index.php\/wp-json\/wp\/v2\/pages"}],"about":[{"href":"https:\/\/www.schulezumroemerturm.de\/index.php\/wp-json\/wp\/v2\/types\/page"}],"author":[{"embeddable":true,"href":"https:\/\/www.schulezumroemerturm.de\/index.php\/wp-json\/wp\/v2\/users\/2"}],"replies":[{"embeddable":true,"href":"https:\/\/www.schulezumroemerturm.de\/index.php\/wp-json\/wp\/v2\/comments?post=458"}],"version-history":[{"count":1,"href":"https:\/\/www.schulezumroemerturm.de\/index.php\/wp-json\/wp\/v2\/pages\/458\/revisions"}],"predecessor-version":[{"id":459,"href":"https:\/\/www.schulezumroemerturm.de\/index.php\/wp-json\/wp\/v2\/pages\/458\/revisions\/459"}],"wp:attachment":[{"href":"https:\/\/www.schulezumroemerturm.de\/index.php\/wp-json\/wp\/v2\/media?parent=458"}],"curies":[{"name":"wp","href":"https:\/\/api.w.org\/{rel}","templated":true}]}}