{"id":461,"date":"2016-05-06T15:01:17","date_gmt":"2016-05-06T13:01:17","guid":{"rendered":"http:\/\/www.schulezumroemerturm.de\/?page_id=461"},"modified":"2020-04-03T13:00:21","modified_gmt":"2020-04-03T11:00:21","slug":"ggs","status":"publish","type":"page","link":"https:\/\/www.schulezumroemerturm.de\/index.php\/ggs\/","title":{"rendered":"Gute gesunde Schule"},"content":{"rendered":"<p style=\"text-align: justify;\"><img loading=\"lazy\" decoding=\"async\" class=\"size-medium wp-image-1188 alignleft\" src=\"http:\/\/www.schulezumroemerturm.de\/wp-content\/uploads\/2016\/10\/Logo-GGS-2016_komp-300x185.jpg\" alt=\"\" width=\"300\" height=\"185\" srcset=\"https:\/\/www.schulezumroemerturm.de\/wp-content\/uploads\/2016\/10\/Logo-GGS-2016_komp-300x185.jpg 300w, https:\/\/www.schulezumroemerturm.de\/wp-content\/uploads\/2016\/10\/Logo-GGS-2016_komp.jpg 595w\" sizes=\"auto, (max-width: 300px) 100vw, 300px\" \/>Die Schule Zum R\u00f6merturm bem\u00fcht sich, in allen Bereichen des schulischen Lebens f\u00fcr ein gesundes Miteinander zu sorgen. Dazu geh\u00f6rt nat\u00fcrlich das Wohl aller Sch\u00fclerinnen und Sch\u00fcler ebenso wie die Gesundheit und das Wohlbefinden der Mitarbeiterinnen und Mitarbeiter. Dass uns dies bisher gelungen ist, beweisen die Auszeichnungen zur &#8222;Guten gesunden Schule&#8220; in den Jahren 2011,\u00a0 2013 und 2016. Gleichzeitig spornen uns die Preise dazu an, weiter auf die Gesundheit aller Beteiligten im Schulleben Acht zu geben.<\/p>\n","protected":false},"excerpt":{"rendered":"<p>Die Schule Zum R\u00f6merturm bem\u00fcht sich, in allen Bereichen des schulischen Lebens f\u00fcr ein gesundes Miteinander zu sorgen. Dazu geh\u00f6rt nat\u00fcrlich das Wohl aller Sch\u00fclerinnen und Sch\u00fcler ebenso wie die Gesundheit und das Wohlbefinden der Mitarbeiterinnen und Mitarbeiter. Dass uns dies bisher gelungen ist, beweisen die Auszeichnungen zur &#8222;Guten gesunden Schule&#8220; in den Jahren 2011,\u00a0 &hellip; <a href=\"https:\/\/www.schulezumroemerturm.de\/index.php\/ggs\/\" class=\"more-link\"><span class=\"screen-reader-text\">Gute gesunde Schule<\/span> weiterlesen <span class=\"meta-nav\">&rarr;<\/span><\/a><\/p>\n","protected":false},"author":2,"featured_media":0,"parent":0,"menu_order":0,"comment_status":"closed","ping_status":"closed","template":"","meta":{"footnotes":""},"class_list":["post-461","page","type-page","status-publish","hentry"],"_links":{"self":[{"href":"https:\/\/www.schulezumroemerturm.de\/index.php\/wp-json\/wp\/v2\/pages\/461","targetHints":{"allow":["GET"]}}],"collection":[{"href":"https:\/\/www.schulezumroemerturm.de\/index.php\/wp-json\/wp\/v2\/pages"}],"about":[{"href":"https:\/\/www.schulezumroemerturm.de\/index.php\/wp-json\/wp\/v2\/types\/page"}],"author":[{"embeddable":true,"href":"https:\/\/www.schulezumroemerturm.de\/index.php\/wp-json\/wp\/v2\/users\/2"}],"replies":[{"embeddable":true,"href":"https:\/\/www.schulezumroemerturm.de\/index.php\/wp-json\/wp\/v2\/comments?post=461"}],"version-history":[{"count":5,"href":"https:\/\/www.schulezumroemerturm.de\/index.php\/wp-json\/wp\/v2\/pages\/461\/revisions"}],"predecessor-version":[{"id":3875,"href":"https:\/\/www.schulezumroemerturm.de\/index.php\/wp-json\/wp\/v2\/pages\/461\/revisions\/3875"}],"wp:attachment":[{"href":"https:\/\/www.schulezumroemerturm.de\/index.php\/wp-json\/wp\/v2\/media?parent=461"}],"curies":[{"name":"wp","href":"https:\/\/api.w.org\/{rel}","templated":true}]}}