{"id":97,"date":"2016-04-07T11:30:42","date_gmt":"2016-04-07T09:30:42","guid":{"rendered":"http:\/\/www.schulezumroemerturm.de\/wordpress\/?page_id=97"},"modified":"2016-07-14T13:22:03","modified_gmt":"2016-07-14T11:22:03","slug":"kunst","status":"publish","type":"page","link":"https:\/\/www.schulezumroemerturm.de\/index.php\/kunst\/","title":{"rendered":"Kunst"},"content":{"rendered":"<figure id=\"attachment_836\" aria-describedby=\"caption-attachment-836\" style=\"width: 300px\" class=\"wp-caption alignleft\"><img loading=\"lazy\" decoding=\"async\" class=\"wp-image-836 size-medium\" src=\"http:\/\/www.schulezumroemerturm.de\/wp-content\/uploads\/2016\/04\/Kunst_3-300x200.jpg\" alt=\"Kunst_3\" width=\"300\" height=\"200\" srcset=\"https:\/\/www.schulezumroemerturm.de\/wp-content\/uploads\/2016\/04\/Kunst_3-300x200.jpg 300w, https:\/\/www.schulezumroemerturm.de\/wp-content\/uploads\/2016\/04\/Kunst_3.jpg 1024w\" sizes=\"auto, (max-width: 300px) 100vw, 300px\" \/><figcaption id=\"caption-attachment-836\" class=\"wp-caption-text\">Beliebtes Ziel f\u00fcr Ausfl\u00fcge im Rahmen des Kunstunterrichts ist das Max-Ernst-Museum in Br\u00fchl.<\/figcaption><\/figure>\n<p style=\"text-align: justify;\">Der Kunstunterricht will sinnliche Erfahrungen vermitteln. Er m\u00f6chte zum fantasievollen Tun anregen. Er m\u00f6chte Freude am sch\u00f6pferischen Gestalten wecken. Er m\u00f6chte k\u00fcnstlerisches Empfinden anbahnen und festigen.<\/p>\n<p style=\"text-align: justify;\">Dabei steht die und der Einzelne im Zentrum des Geschehens. Die Freude, die zugleich ein Wagnis ist, l\u00e4sst jede und jeden beginnen. Der Wunsch eine Spur zu hinterlassen, etwas zu sp\u00fcren, zu sehen, etwas zu vervollst\u00e4ndigen, zu betrachten, sich spontan auszudr\u00fccken ist f\u00fcr viele Sch\u00fcler\/innen der Motor ihres Handelns. Dabei lassen Sie sich h\u00e4ufig von ihren Gef\u00fchlen leiten. Sie folgen einer Empfindungen und sehen dieses Ergebnis beispielsweise auf dem Papier. Besinnliches Vergn\u00fcgen zu matschen, zu kneten, zu formen, zu streichen, zu malen oder zu kleben ist f\u00fcr viele Sch\u00fcler\/innen eine gro\u00dfe Freude. Der Kunstunterricht ist ein Unterricht f\u00fcr die Sinne und f\u00f6rdert zugleich das Denken. Er regt ebenso zum planvollen Handeln an. Beim Wunsch, einen lebensgro\u00dfen Turm aus kleinen und gro\u00dfen Holzst\u00fccken zu bauen, stellen sich viele Fragen: \u201eWie halten die Holzst\u00fccke zusammen?\u201c, \u201eWie hoch kann ein Turm sein, bevor er zusammenf\u00e4llt?\u201c, \u201eWie schwer ist Holz?\u201c.\u00a0 \u201eWie fange ich an?\u201c \u201eWelches Material brauche ich dazu?\u201c Dabei bleibt offen, ob der Bau nach dem \u201eVersuch-Irrtum-Prinzip\u201c beginnt oder eine Bauanleitung vorliegt.<\/p>\n<figure id=\"attachment_835\" aria-describedby=\"caption-attachment-835\" style=\"width: 300px\" class=\"wp-caption alignright\"><img loading=\"lazy\" decoding=\"async\" class=\"wp-image-835 size-medium\" src=\"http:\/\/www.schulezumroemerturm.de\/wp-content\/uploads\/2016\/04\/Kunst_2-300x200.jpg\" alt=\"Kunst_2\" width=\"300\" height=\"200\" srcset=\"https:\/\/www.schulezumroemerturm.de\/wp-content\/uploads\/2016\/04\/Kunst_2-300x200.jpg 300w, https:\/\/www.schulezumroemerturm.de\/wp-content\/uploads\/2016\/04\/Kunst_2.jpg 1024w\" sizes=\"auto, (max-width: 300px) 100vw, 300px\" \/><figcaption id=\"caption-attachment-835\" class=\"wp-caption-text\">So s\u00e4he unser Schulgeb\u00e4ude aus, wenn unsere Sch\u00fclerinnen und Sch\u00fcler sie gestaltet h\u00e4tten.<\/figcaption><\/figure>\n<p style=\"text-align: justify;\">Ebenso ist offen, ob das Kunstobjekt eine Einzelarbeit oder auch eine Gemeinschaftsarbeit sein kann. Im gemeinsamen Entdecken und Experimentieren k\u00f6nnen die Partner\/innen Freude und Stolz entwickeln. Im gemeinsamen Handeln kooperieren sie miteinander, im gemeinsamen Tun verkn\u00fcpfen Sie Ihre F\u00e4higkeiten und zusammen entsteht \u201edas Projekt\u201c, das gemeinsam betrachtet werden kann.<\/p>\n<figure id=\"attachment_685\" aria-describedby=\"caption-attachment-685\" style=\"width: 300px\" class=\"wp-caption alignleft\"><img loading=\"lazy\" decoding=\"async\" class=\"wp-image-685 size-medium\" src=\"http:\/\/www.schulezumroemerturm.de\/wp-content\/uploads\/2016\/07\/Kultur_und_schule_1-300x200.jpg\" alt=\"Kultur_und_schule_1\" width=\"300\" height=\"200\" srcset=\"https:\/\/www.schulezumroemerturm.de\/wp-content\/uploads\/2016\/07\/Kultur_und_schule_1-300x200.jpg 300w, https:\/\/www.schulezumroemerturm.de\/wp-content\/uploads\/2016\/07\/Kultur_und_schule_1.jpg 1024w\" sizes=\"auto, (max-width: 300px) 100vw, 300px\" \/><figcaption id=\"caption-attachment-685\" class=\"wp-caption-text\">Ausstellung im Rahmen des Wettbewerbs &#8222;Kultur und Schule&#8220; im Kreishaus in Bergheim.<\/figcaption><\/figure>\n<p style=\"text-align: justify;\">K\u00fcnstlerisches und sch\u00f6pferisches Handeln kann zu jeder Jahreszeit, zu allen Jahresfesten, in allen Innenr\u00e4umen und Au\u00dfenpl\u00e4tzen stattfinden und angewandt werden. Es kann die Turnhalle zum Schulfest geschm\u00fcckt, die Klasse dekoriert, das Weihnachtsgeschenk gebastelt werden. Es kann ein Museumsbesuch sein, ein Kunstwerk nach einer ber\u00fchmten K\u00fcnstlerin zu gestalten oder im Wald nach besonders sch\u00f6nen Holzst\u00fccken und Steinen zu suchen. Es kann ganz klein sein oder ganz gro\u00df. Aus Papier oder tausend anderen Materialien.<\/p>\n<p style=\"text-align: justify;\">Kurzum, ein Unterrichtsfach, was einfach Spa\u00df macht und vielseitig einsetzbar ist.<\/p>\n","protected":false},"excerpt":{"rendered":"<p>Der Kunstunterricht will sinnliche Erfahrungen vermitteln. Er m\u00f6chte zum fantasievollen Tun anregen. Er m\u00f6chte Freude am sch\u00f6pferischen Gestalten wecken. Er m\u00f6chte k\u00fcnstlerisches Empfinden anbahnen und festigen. Dabei steht die und der Einzelne im Zentrum des Geschehens. Die Freude, die zugleich ein Wagnis ist, l\u00e4sst jede und jeden beginnen. Der Wunsch eine Spur zu hinterlassen, etwas &hellip; <a href=\"https:\/\/www.schulezumroemerturm.de\/index.php\/kunst\/\" class=\"more-link\"><span class=\"screen-reader-text\">Kunst<\/span> weiterlesen <span class=\"meta-nav\">&rarr;<\/span><\/a><\/p>\n","protected":false},"author":2,"featured_media":0,"parent":0,"menu_order":0,"comment_status":"closed","ping_status":"closed","template":"","meta":{"footnotes":""},"class_list":["post-97","page","type-page","status-publish","hentry"],"_links":{"self":[{"href":"https:\/\/www.schulezumroemerturm.de\/index.php\/wp-json\/wp\/v2\/pages\/97","targetHints":{"allow":["GET"]}}],"collection":[{"href":"https:\/\/www.schulezumroemerturm.de\/index.php\/wp-json\/wp\/v2\/pages"}],"about":[{"href":"https:\/\/www.schulezumroemerturm.de\/index.php\/wp-json\/wp\/v2\/types\/page"}],"author":[{"embeddable":true,"href":"https:\/\/www.schulezumroemerturm.de\/index.php\/wp-json\/wp\/v2\/users\/2"}],"replies":[{"embeddable":true,"href":"https:\/\/www.schulezumroemerturm.de\/index.php\/wp-json\/wp\/v2\/comments?post=97"}],"version-history":[{"count":4,"href":"https:\/\/www.schulezumroemerturm.de\/index.php\/wp-json\/wp\/v2\/pages\/97\/revisions"}],"predecessor-version":[{"id":874,"href":"https:\/\/www.schulezumroemerturm.de\/index.php\/wp-json\/wp\/v2\/pages\/97\/revisions\/874"}],"wp:attachment":[{"href":"https:\/\/www.schulezumroemerturm.de\/index.php\/wp-json\/wp\/v2\/media?parent=97"}],"curies":[{"name":"wp","href":"https:\/\/api.w.org\/{rel}","templated":true}]}}