{"id":99,"date":"2016-03-13T22:11:34","date_gmt":"2016-03-13T21:11:34","guid":{"rendered":"http:\/\/www.schulezumroemerturm.de\/wordpress\/?page_id=99"},"modified":"2026-03-22T22:32:00","modified_gmt":"2026-03-22T21:32:00","slug":"startseite","status":"publish","type":"page","link":"https:\/\/www.schulezumroemerturm.de\/","title":{"rendered":"Startseite"},"content":{"rendered":"<div id=\"pl-99\"  class=\"panel-layout\" ><div id=\"pg-99-0\"  class=\"panel-grid panel-no-style\" ><div id=\"pgc-99-0-0\"  class=\"panel-grid-cell\" ><div id=\"panel-99-0-0-0\" class=\"so-panel widget widget_text panel-first-child\" data-index=\"0\" >\t\t\t<div class=\"textwidget\"><p><img loading=\"lazy\" decoding=\"async\" class=\"alignleft wp-image-325 size-large\" src=\"https:\/\/www.schulezumroemerturm.de\/wp-content\/uploads\/2016\/03\/Schulgebaeude2016_komp-1024x683.jpg\" alt=\"\" width=\"474\" height=\"316\" srcset=\"https:\/\/www.schulezumroemerturm.de\/wp-content\/uploads\/2016\/03\/Schulgebaeude2016_komp-1024x683.jpg 1024w, https:\/\/www.schulezumroemerturm.de\/wp-content\/uploads\/2016\/03\/Schulgebaeude2016_komp-300x200.jpg 300w, https:\/\/www.schulezumroemerturm.de\/wp-content\/uploads\/2016\/03\/Schulgebaeude2016_komp.jpg 1248w\" sizes=\"auto, (max-width: 474px) 100vw, 474px\" \/>Wir sind eine F\u00f6rderschule mit dem F\u00f6rderschwerpunkt Geistige Entwicklung in Tr\u00e4gerschaft des Rhein-Erft-Kreises. Das Einzugsgebiet umfasst die St\u00e4dte Bergheim (au\u00dfer Glessen), Elsdorf, Bedburg und die Stadtteile Kerpens: Manheim, Blatzheim, Buir.<\/p>\n<p>Zurzeit besuchen 195 Sch\u00fclerinnen und Sch\u00fcler im Alter von 6 \u2013 20 Jahren unsere Schule in der Primarstufe, Sekundarstufe I und II, das hei\u00dft wir bieten auch die Vorbereitung auf das nachschulische Leben in den Bereichen &#8222;Beruf&#8220;, &#8222;Wohnen&#8220; und &#8222;Freizeit&#8220; an.<\/p>\n<p><a href=\"http:\/\/www.schulezumroemerturm.de\/?page_id=2245&amp;preview=true\">t\u00fcrk\u00e7e<\/a><\/p>\n<\/div>\n\t\t<\/div><div id=\"panel-99-0-0-1\" class=\"so-panel widget widget_text\" data-index=\"1\" ><h3 class=\"widget-title\">Neueste Artikel<\/h3>\t\t\t<div class=\"textwidget\"><\/div>\n\t\t<\/div><div id=\"panel-99-0-0-2\" class=\"so-panel widget widget_sow-hero panel-last-child\" data-index=\"2\" ><div\n\t\t\t\n\t\t\tclass=\"so-widget-sow-hero so-widget-sow-hero-default-1da876e94a2c-99 so-widget-fittext-wrapper\"\n\t\t\t data-fit-text-compressor=\"0.85\"\n\t\t>\t\t\t\t<div class=\"sow-slider-base\" style=\"display: none\" tabindex=\"0\">\n\t\t\t\t\t<ul\n\t\t\t\t\tclass=\"sow-slider-images\"\n\t\t\t\t\tdata-settings=\"{&quot;pagination&quot;:true,&quot;speed&quot;:400,&quot;timeout&quot;:8000,&quot;paused&quot;:false,&quot;pause_on_hover&quot;:false,&quot;swipe&quot;:true,&quot;nav_always_show_desktop&quot;:&quot;&quot;,&quot;nav_always_show_mobile&quot;:&quot;&quot;,&quot;breakpoint&quot;:&quot;780px&quot;,&quot;unmute&quot;:false,&quot;anchor&quot;:null}\"\n\t\t\t\t\tstyle=\"min-height: 400px\"\t\t\t\t\tdata-anchor-id=\"\"\n\t\t\t\t>\t\t<li class=\"sow-slider-image  sow-slider-image-cover\" style=\"visibility: visible;;background-color: #333333;background-image: url(https:\/\/www.schulezumroemerturm.de\/wp-content\/uploads\/2026\/03\/fruehlingsfest2026.jpeg);cursor: pointer;\" data-url=\"{&quot;url&quot;:&quot;https:\\\/\\\/www.schulezumroemerturm.de\\\/index.php\\\/2026\\\/03\\\/22\\\/ein-farbenfrohes-fruehlingserwachen-rueckblick-auf-unser-schulfest\\\/&quot;,&quot;new_window&quot;:false}\" >\n\t\t\t\t\t<div class=\"sow-slider-image-container\">\n\t\t\t<div class=\"sow-slider-image-wrapper\">\n\t\t\t\t\t\t\t<\/div>\n\t\t<\/div>\n\t\t\t\t<\/li>\n\t\t\t\t<li class=\"sow-slider-image  sow-slider-image-cover\" style=\"visibility: hidden;;background-color: #333333;cursor: pointer;\" data-background=\"url(https:\/\/www.schulezumroemerturm.de\/wp-content\/uploads\/2026\/03\/IMG_7399-scaled.jpeg)\" data-url=\"{&quot;url&quot;:&quot;https:\\\/\\\/www.schulezumroemerturm.de\\\/index.php\\\/2026\\\/03\\\/22\\\/berufsorientierung-zum-anfassen-die-rehabetriebe-zu-gast-in-der-bps\\\/&quot;,&quot;new_window&quot;:false}\" >\n\t\t\t\t\t<div class=\"sow-slider-image-container\">\n\t\t\t<div class=\"sow-slider-image-wrapper\">\n\t\t\t\t<h1>Berufsorientierung zum Anfassen<\/h1>\n\t\t\t<\/div>\n\t\t<\/div>\n\t\t\t\t<\/li>\n\t\t\t\t<li class=\"sow-slider-image  sow-slider-image-cover\" style=\"visibility: hidden;;background-color: #333333;cursor: pointer;\" data-background=\"url(https:\/\/www.schulezumroemerturm.de\/wp-content\/uploads\/2026\/03\/jugendtheater_medio_2026-Kopie-1024x605.jpg)\" data-url=\"{&quot;url&quot;:&quot;https:\\\/\\\/www.schulezumroemerturm.de\\\/index.php\\\/2026\\\/03\\\/02\\\/ein-schoener-abend-im-medio\\\/&quot;,&quot;new_window&quot;:false}\" >\n\t\t\t\t\t<div class=\"sow-slider-image-container\">\n\t\t\t<div class=\"sow-slider-image-wrapper\">\n\t\t\t\t<h1>Ein sch\u00f6ner Abend im Medio<\/h1>\n\t\t\t<\/div>\n\t\t<\/div>\n\t\t\t\t<\/li>\n\t\t\t\t<li class=\"sow-slider-image  sow-slider-image-cover\" style=\"visibility: hidden;;background-color: #333333;cursor: pointer;\" data-background=\"url(https:\/\/www.schulezumroemerturm.de\/wp-content\/uploads\/2026\/02\/karneval-in-thorr-scaled.jpg)\" data-url=\"{&quot;url&quot;:&quot;https:\\\/\\\/www.schulezumroemerturm.de\\\/index.php\\\/2026\\\/02\\\/13\\\/jeckes-treiben-an-weiberfastnacht\\\/&quot;,&quot;new_window&quot;:false}\" >\n\t\t\t\t\t<div class=\"sow-slider-image-container\">\n\t\t\t<div class=\"sow-slider-image-wrapper\">\n\t\t\t\t\t\t\t<\/div>\n\t\t<\/div>\n\t\t\t\t<\/li>\n\t\t\t\t<li class=\"sow-slider-image  sow-slider-image-cover\" style=\"visibility: hidden;;background-color: #333333;cursor: pointer;\" data-background=\"url(https:\/\/www.schulezumroemerturm.de\/wp-content\/uploads\/2025\/12\/Gemini_Generated_Image_uhy6zyuhy6zyuhy6.png)\" data-url=\"{&quot;url&quot;:&quot;https:\\\/\\\/www.schulezumroemerturm.de\\\/index.php\\\/2025\\\/12\\\/23\\\/lichtblicke-im-advent-rueckblick-auf-unsere-schulaktionen\\\/&quot;,&quot;new_window&quot;:false}\" >\n\t\t\t\t\t<div class=\"sow-slider-image-container\">\n\t\t\t<div class=\"sow-slider-image-wrapper\">\n\t\t\t\t<h1>Lichtblicke im Advent und R\u00fcckblick auf unsere Schulaktionen<\/h1>\n\t\t\t<\/div>\n\t\t<\/div>\n\t\t\t\t<\/li>\n\t\t\t\t<li class=\"sow-slider-image  sow-slider-image-cover\" style=\"visibility: hidden;;background-color: #333333;cursor: pointer;\" data-background=\"url(https:\/\/www.schulezumroemerturm.de\/wp-content\/uploads\/2025\/12\/IMG_6585-1038x576.jpg)\" data-url=\"{&quot;url&quot;:&quot;https:\\\/\\\/www.schulezumroemerturm.de\\\/index.php\\\/2025\\\/12\\\/07\\\/manege-frei-und-vorhang-auf\\\/&quot;,&quot;new_window&quot;:false}\" >\n\t\t\t\t\t<div class=\"sow-slider-image-container\">\n\t\t\t<div class=\"sow-slider-image-wrapper\">\n\t\t\t\t<h1>Manege frei und Vorhang auf!<\/h1>\n\t\t\t<\/div>\n\t\t<\/div>\n\t\t\t\t<\/li>\n\t\t\t\t<li class=\"sow-slider-image  sow-slider-image-cover\" style=\"visibility: hidden;;background-color: #333333;cursor: pointer;\" data-background=\"url(https:\/\/www.schulezumroemerturm.de\/wp-content\/uploads\/2025\/11\/20251117_103115_MEDIUM-e1766087994845.jpg)\" data-url=\"{&quot;url&quot;:&quot;https:\\\/\\\/www.schulezumroemerturm.de\\\/index.php\\\/2025\\\/11\\\/25\\\/interview-mit-herrn-koenigs\\\/&quot;,&quot;new_window&quot;:false}\" >\n\t\t\t\t\t<div class=\"sow-slider-image-container\">\n\t\t\t<div class=\"sow-slider-image-wrapper\">\n\t\t\t\t<h1 style=\"text-align: left\">Interview mit Herrn K\u00f6nigs<\/h1>\n\t\t\t<\/div>\n\t\t<\/div>\n\t\t\t\t<\/li>\n\t\t\t\t<li class=\"sow-slider-image  sow-slider-image-cover\" style=\"visibility: hidden;;background-color: #333333;cursor: pointer;\" data-background=\"url(https:\/\/www.schulezumroemerturm.de\/wp-content\/uploads\/2025\/11\/vormittag-6-scaled.jpeg)\" data-url=\"{&quot;url&quot;:&quot;https:\\\/\\\/www.schulezumroemerturm.de\\\/index.php\\\/2025\\\/11\\\/23\\\/bericht-ueber-unseren-praesentationstag-ein-projekt-das-verbindet\\\/&quot;,&quot;new_window&quot;:false}\" >\n\t\t\t\t\t<div class=\"sow-slider-image-container\">\n\t\t\t<div class=\"sow-slider-image-wrapper\">\n\t\t\t\t<h1>Das Palettenprojekt - Ein Projekt, das verbindet!<\/h1>\n\t\t\t<\/div>\n\t\t<\/div>\n\t\t\t\t<\/li>\n\t\t<\/ul>\t\t\t\t<ol class=\"sow-slider-pagination\">\n\t\t\t\t\t\t\t\t\t\t\t<li><a href=\"#\" data-goto=\"0\" aria-label=\"Display slide 1\"><\/a><\/li>\n\t\t\t\t\t\t\t\t\t\t\t<li><a href=\"#\" data-goto=\"1\" aria-label=\"Display slide 2\"><\/a><\/li>\n\t\t\t\t\t\t\t\t\t\t\t<li><a href=\"#\" data-goto=\"2\" aria-label=\"Display slide 3\"><\/a><\/li>\n\t\t\t\t\t\t\t\t\t\t\t<li><a href=\"#\" data-goto=\"3\" aria-label=\"Display slide 4\"><\/a><\/li>\n\t\t\t\t\t\t\t\t\t\t\t<li><a href=\"#\" data-goto=\"4\" aria-label=\"Display slide 5\"><\/a><\/li>\n\t\t\t\t\t\t\t\t\t\t\t<li><a href=\"#\" data-goto=\"5\" aria-label=\"Display slide 6\"><\/a><\/li>\n\t\t\t\t\t\t\t\t\t\t\t<li><a href=\"#\" data-goto=\"6\" aria-label=\"Display slide 7\"><\/a><\/li>\n\t\t\t\t\t\t\t\t\t\t\t<li><a href=\"#\" data-goto=\"7\" aria-label=\"Display slide 8\"><\/a><\/li>\n\t\t\t\t\t\t\t\t\t<\/ol>\n\n\t\t\t\t<div class=\"sow-slide-nav sow-slide-nav-next\">\n\t\t\t\t\t<a href=\"#\" data-goto=\"next\" aria-label=\"Next slide\" data-action=\"next\">\n\t\t\t\t\t\t<em class=\"sow-sld-icon-thick-right\"><\/em>\n\t\t\t\t\t<\/a>\n\t\t\t\t<\/div>\n\n\t\t\t\t<div class=\"sow-slide-nav sow-slide-nav-prev\">\n\t\t\t\t\t<a href=\"#\" data-goto=\"previous\" aria-label=\"Previous slide\" data-action=\"prev\">\n\t\t\t\t\t\t<em class=\"sow-sld-icon-thick-left\"><\/em>\n\t\t\t\t\t<\/a>\n\t\t\t\t<\/div>\n\t\t\t\t<\/div><\/div><\/div><\/div><\/div><div id=\"pg-99-1\"  class=\"panel-grid panel-no-style\" ><div id=\"pgc-99-1-0\"  class=\"panel-grid-cell\" ><div id=\"panel-99-1-0-0\" class=\"so-panel widget widget_recent-posts-widget-with-thumbnails recent-posts-widget-with-thumbnails panel-first-child\" data-index=\"3\" ><div class=\"panel-widget-style panel-widget-style-for-99-1-0-0\" >\n<div id=\"rpwwt-widget-1-0-0\" class=\"rpwwt-widget\">\r\n<h3 class=\"widget-title\">Neueste Beitr\u00e4ge<\/h3>\n\t<nav role=\"navigation\" aria-label=\"Neueste Beitr\u00e4ge\">\r\n\t<ul>\r\n\t\t<li><a href=\"https:\/\/www.schulezumroemerturm.de\/index.php\/2026\/04\/14\/immer-im-einsatz-unser-hausmeister-herr-maletz\/\"><img loading=\"lazy\" decoding=\"async\" width=\"20\" height=\"20\" src=\"https:\/\/www.schulezumroemerturm.de\/wp-content\/uploads\/2026\/04\/20260326_102922_MEDIUM-200x200.jpg\" class=\"attachment-20x20 size-20x20\" alt=\"\" \/><span class=\"rpwwt-post-title\">Immer im Einsatz &#8211; Unser Hausmeister Herr Maletz<\/span><\/a><\/li>\r\n\t\t<li><a href=\"https:\/\/www.schulezumroemerturm.de\/index.php\/2026\/04\/14\/ein-offenes-ohr-fuer-alle-unsere-schulsozialarbeiterin-im-interview\/\"><img loading=\"lazy\" decoding=\"async\" width=\"20\" height=\"20\" src=\"https:\/\/www.schulezumroemerturm.de\/wp-content\/uploads\/2026\/04\/Kerstin-Maletz.JPEG-200x200.jpg\" class=\"attachment-20x20 size-20x20\" alt=\"\" srcset=\"https:\/\/www.schulezumroemerturm.de\/wp-content\/uploads\/2026\/04\/Kerstin-Maletz.JPEG-200x200.jpg 200w, https:\/\/www.schulezumroemerturm.de\/wp-content\/uploads\/2026\/04\/Kerstin-Maletz.JPEG-372x372.jpg 372w\" sizes=\"auto, (max-width: 20px) 100vw, 20px\" \/><span class=\"rpwwt-post-title\">Ein offenes Ohr f\u00fcr alle &#8211; Unsere Schulsozialarbeiterin im Interview<\/span><\/a><\/li>\r\n\t\t<li><a href=\"https:\/\/www.schulezumroemerturm.de\/index.php\/2026\/04\/14\/ein-blick-hinter-die-kulissen-unsere-sekretaerin-birgit-kraska\/\"><img loading=\"lazy\" decoding=\"async\" width=\"20\" height=\"20\" src=\"https:\/\/www.schulezumroemerturm.de\/wp-content\/uploads\/2026\/04\/Frau-Kraska-200x200.jpg\" class=\"attachment-20x20 size-20x20\" alt=\"\" \/><span class=\"rpwwt-post-title\">Ein Blick hinter die Kulissen &#8211; unsere Sekret\u00e4rin Birgit Kraska<\/span><\/a><\/li>\r\n\t\t<li><a href=\"https:\/\/www.schulezumroemerturm.de\/index.php\/2026\/03\/26\/bunte-punkte-ueberall-unsere-projektwoche-zu-yayoi-kusama\/\"><img loading=\"lazy\" decoding=\"async\" width=\"20\" height=\"20\" src=\"https:\/\/www.schulezumroemerturm.de\/wp-content\/uploads\/2026\/03\/IMG_8485-200x200.jpg\" class=\"attachment-20x20 size-20x20\" alt=\"\" \/><span class=\"rpwwt-post-title\">Bunte Punkte \u00fcberall &#8211; unsere Projektwoche zu Yayoi Kusama<\/span><\/a><\/li>\r\n\t\t<li><a href=\"https:\/\/www.schulezumroemerturm.de\/index.php\/2026\/03\/22\/ein-farbenfrohes-fruehlingserwachen-rueckblick-auf-unser-schulfest\/\"><img loading=\"lazy\" decoding=\"async\" width=\"20\" height=\"20\" src=\"https:\/\/www.schulezumroemerturm.de\/wp-content\/uploads\/2026\/03\/20260321_150331_MEDIUM-200x200.jpg\" class=\"attachment-20x20 size-20x20\" alt=\"\" \/><span class=\"rpwwt-post-title\">Ein farbenfrohes Fr\u00fchlingserwachen: R\u00fcckblick auf unser Schulfest<\/span><\/a><\/li>\r\n\t<\/ul>\r\n\t<\/nav>\r\n<\/div><!-- .rpwwt-widget -->\r\n<\/div><\/div><div id=\"panel-99-1-0-1\" class=\"so-panel widget widget_text\" data-index=\"4\" >\t\t\t<div class=\"textwidget\"><p><img loading=\"lazy\" decoding=\"async\" class=\"alignnone size-large wp-image-5830\" src=\"https:\/\/www.schulezumroemerturm.de\/wp-content\/uploads\/2024\/01\/185_19_Logo_Digitalpakt_Schule_02-1024x510.jpg\" alt=\"\" width=\"474\" height=\"236\" srcset=\"https:\/\/www.schulezumroemerturm.de\/wp-content\/uploads\/2024\/01\/185_19_Logo_Digitalpakt_Schule_02-1024x510.jpg 1024w, https:\/\/www.schulezumroemerturm.de\/wp-content\/uploads\/2024\/01\/185_19_Logo_Digitalpakt_Schule_02-300x149.jpg 300w, https:\/\/www.schulezumroemerturm.de\/wp-content\/uploads\/2024\/01\/185_19_Logo_Digitalpakt_Schule_02.jpg 1466w\" sizes=\"auto, (max-width: 474px) 100vw, 474px\" \/><\/p>\n<p>&nbsp;<\/p>\n<\/div>\n\t\t<\/div><div id=\"panel-99-1-0-2\" class=\"so-panel widget widget_text panel-last-child\" data-index=\"5\" ><h3 class=\"widget-title\">Probleme mit der SchulCloud? Hier gibt es Hilfe!<\/h3>\t\t\t<div class=\"textwidget\"><p><a href=\"https:\/\/www.schulezumroemerturm.de\/index.php\/anleitungen-fuer-die-schulcloud\/\"><img loading=\"lazy\" decoding=\"async\" class=\"alignnone  wp-image-4175\" src=\"http:\/\/www.schulezumroemerturm.de\/wp-content\/uploads\/2020\/08\/schul.cloud_n-678x381-1.jpg\" alt=\"\" width=\"354\" height=\"199\" srcset=\"https:\/\/www.schulezumroemerturm.de\/wp-content\/uploads\/2020\/08\/schul.cloud_n-678x381-1.jpg 678w, https:\/\/www.schulezumroemerturm.de\/wp-content\/uploads\/2020\/08\/schul.cloud_n-678x381-1-300x169.jpg 300w\" sizes=\"auto, (max-width: 354px) 100vw, 354px\" \/><\/a><\/p>\n<p>&nbsp;<\/p>\n<\/div>\n\t\t<\/div><\/div><\/div><\/div>","protected":false},"excerpt":{"rendered":"<p>Wir sind eine F\u00f6rderschule mit dem F\u00f6rderschwerpunkt Geistige Entwicklung in Tr\u00e4gerschaft des Rhein-Erft-Kreises. Das Einzugsgebiet umfasst die St\u00e4dte Bergheim (au\u00dfer Glessen), Elsdorf, Bedburg und die Stadtteile Kerpens: Manheim, Blatzheim, Buir. Zurzeit besuchen 195 Sch\u00fclerinnen und Sch\u00fcler im Alter von 6 \u2013 20 Jahren unsere Schule in der Primarstufe, Sekundarstufe I und II, das hei\u00dft wir &hellip; <a href=\"https:\/\/www.schulezumroemerturm.de\/\" class=\"more-link\"><span class=\"screen-reader-text\">Startseite<\/span> weiterlesen <span class=\"meta-nav\">&rarr;<\/span><\/a><\/p>\n","protected":false},"author":2,"featured_media":0,"parent":0,"menu_order":0,"comment_status":"closed","ping_status":"closed","template":"","meta":{"footnotes":""},"class_list":["post-99","page","type-page","status-publish","hentry"],"_links":{"self":[{"href":"https:\/\/www.schulezumroemerturm.de\/index.php\/wp-json\/wp\/v2\/pages\/99","targetHints":{"allow":["GET"]}}],"collection":[{"href":"https:\/\/www.schulezumroemerturm.de\/index.php\/wp-json\/wp\/v2\/pages"}],"about":[{"href":"https:\/\/www.schulezumroemerturm.de\/index.php\/wp-json\/wp\/v2\/types\/page"}],"author":[{"embeddable":true,"href":"https:\/\/www.schulezumroemerturm.de\/index.php\/wp-json\/wp\/v2\/users\/2"}],"replies":[{"embeddable":true,"href":"https:\/\/www.schulezumroemerturm.de\/index.php\/wp-json\/wp\/v2\/comments?post=99"}],"version-history":[{"count":292,"href":"https:\/\/www.schulezumroemerturm.de\/index.php\/wp-json\/wp\/v2\/pages\/99\/revisions"}],"predecessor-version":[{"id":7200,"href":"https:\/\/www.schulezumroemerturm.de\/index.php\/wp-json\/wp\/v2\/pages\/99\/revisions\/7200"}],"wp:attachment":[{"href":"https:\/\/www.schulezumroemerturm.de\/index.php\/wp-json\/wp\/v2\/media?parent=99"}],"curies":[{"name":"wp","href":"https:\/\/api.w.org\/{rel}","templated":true}]}}